{"id":220875,"date":"2013-12-12T00:00:00","date_gmt":"2013-12-11T23:00:00","guid":{"rendered":"https:\/\/www.alfauna.ch.vasco.sui-inter.net\/shop\/non%20class\u00e9\/sable-de-base-pour-terrarium-blanc\/"},"modified":"2026-04-19T05:20:33","modified_gmt":"2026-04-19T03:20:33","slug":"sable-de-base-pour-terrarium-blanc-5kg-weiss","status":"publish","type":"product","link":"https:\/\/www.alfauna.ch\/fr\/boutique\/reptiles\/amenagement-du-terrarium\/substrat-sable\/sable-de-base-pour-terrarium-blanc-5kg-weiss\/","title":{"rendered":"Sable de base pour terrarium, blanc"},"content":{"rendered":"<p>bstrat pour terrarium d\u00e9sertique<br \/>\nsable fin pour terrarium<br \/>\nsans ajout de couleurs ou additifs<br \/>\npermet de reproduire un habitat d\u00e9sertique proche du naturel<br \/>\nfavorise le comportement naturel des animaux<br \/>\nhaute conductibilit\u00e9 thermique, donc utili<\/p>\n","protected":false},"excerpt":{"rendered":"<p>bstrat pour terrarium d\u00e9sertique sable fin pour terrarium sans ajout de couleurs ou additifs permet de reproduire un habitat d\u00e9sertique proche du naturel favorise le comportement naturel des animaux haute conductibilit\u00e9 thermique, donc utili<\/p>\n","protected":false},"featured_media":560895,"template":"","meta":{"_acf_changed":false},"product_brand":[],"product_cat":[3652,3800,2666],"product_tag":[],"class_list":{"0":"post-220875","1":"product","2":"type-product","3":"status-publish","4":"has-post-thumbnail","6":"product_cat-amenagement-du-terrarium","7":"product_cat-substrat-sable","8":"product_cat-reptiles","10":"first","11":"instock","12":"taxable","13":"shipping-taxable","14":"product-type-simple"},"acf":[],"yoast_head":"<!-- This site is optimized with the Yoast SEO plugin v25.8 - https:\/\/yoast.com\/wordpress\/plugins\/seo\/ -->\n<title>Sable de base pour terrarium, blanc - alfauna AG<\/title>\n<meta name=\"robots\" content=\"index, follow, max-snippet:-1, max-image-preview:large, max-video-preview:-1\" \/>\n<link rel=\"canonical\" href=\"https:\/\/www.alfauna.ch\/fr\/boutique\/reptiles\/amenagement-du-terrarium\/substrat-sable\/sable-de-base-pour-terrarium-blanc-5kg-weiss\/\" \/>\n<meta property=\"og:locale\" content=\"fr_FR\" \/>\n<meta property=\"og:type\" content=\"article\" \/>\n<meta property=\"og:title\" content=\"Sable de base pour terrarium, blanc - alfauna AG\" \/>\n<meta property=\"og:description\" content=\"bstrat pour terrarium d\u00e9sertique sable fin pour terrarium sans ajout de couleurs ou additifs permet de reproduire un habitat d\u00e9sertique proche du naturel favorise le comportement naturel des animaux haute conductibilit\u00e9 thermique, donc utili\" \/>\n<meta property=\"og:url\" content=\"https:\/\/www.alfauna.ch\/fr\/boutique\/reptiles\/amenagement-du-terrarium\/substrat-sable\/sable-de-base-pour-terrarium-blanc-5kg-weiss\/\" \/>\n<meta property=\"og:site_name\" content=\"alfauna AG\" \/>\n<meta property=\"article:modified_time\" content=\"2026-04-19T03:20:33+00:00\" \/>\n<meta property=\"og:image\" content=\"https:\/\/www.alfauna.ch\/wp-content\/uploads\/2024\/04\/T76134_gr.jpg\" \/>\n\t<meta property=\"og:image:width\" content=\"892\" \/>\n\t<meta property=\"og:image:height\" content=\"1200\" \/>\n\t<meta property=\"og:image:type\" content=\"image\/jpeg\" \/>\n<meta name=\"twitter:card\" content=\"summary_large_image\" \/>\n<script type=\"application\/ld+json\" class=\"yoast-schema-graph\">{\"@context\":\"https:\/\/schema.org\",\"@graph\":[{\"@type\":\"WebPage\",\"@id\":\"https:\/\/www.alfauna.ch\/fr\/boutique\/reptiles\/amenagement-du-terrarium\/substrat-sable\/sable-de-base-pour-terrarium-blanc-5kg-weiss\/\",\"url\":\"https:\/\/www.alfauna.ch\/fr\/boutique\/reptiles\/amenagement-du-terrarium\/substrat-sable\/sable-de-base-pour-terrarium-blanc-5kg-weiss\/\",\"name\":\"Sable de base pour terrarium, blanc - alfauna AG\",\"isPartOf\":{\"@id\":\"https:\/\/www.alfauna.ch\/fr\/#website\"},\"primaryImageOfPage\":{\"@id\":\"https:\/\/www.alfauna.ch\/fr\/boutique\/reptiles\/amenagement-du-terrarium\/substrat-sable\/sable-de-base-pour-terrarium-blanc-5kg-weiss\/#primaryimage\"},\"image\":{\"@id\":\"https:\/\/www.alfauna.ch\/fr\/boutique\/reptiles\/amenagement-du-terrarium\/substrat-sable\/sable-de-base-pour-terrarium-blanc-5kg-weiss\/#primaryimage\"},\"thumbnailUrl\":\"https:\/\/www.alfauna.ch\/wp-content\/uploads\/2024\/04\/T76134_gr.jpg\",\"datePublished\":\"2013-12-11T23:00:00+00:00\",\"dateModified\":\"2026-04-19T03:20:33+00:00\",\"breadcrumb\":{\"@id\":\"https:\/\/www.alfauna.ch\/fr\/boutique\/reptiles\/amenagement-du-terrarium\/substrat-sable\/sable-de-base-pour-terrarium-blanc-5kg-weiss\/#breadcrumb\"},\"inLanguage\":\"fr-FR\",\"potentialAction\":[{\"@type\":\"ReadAction\",\"target\":[\"https:\/\/www.alfauna.ch\/fr\/boutique\/reptiles\/amenagement-du-terrarium\/substrat-sable\/sable-de-base-pour-terrarium-blanc-5kg-weiss\/\"]}]},{\"@type\":\"ImageObject\",\"inLanguage\":\"fr-FR\",\"@id\":\"https:\/\/www.alfauna.ch\/fr\/boutique\/reptiles\/amenagement-du-terrarium\/substrat-sable\/sable-de-base-pour-terrarium-blanc-5kg-weiss\/#primaryimage\",\"url\":\"https:\/\/www.alfauna.ch\/wp-content\/uploads\/2024\/04\/T76134_gr.jpg\",\"contentUrl\":\"https:\/\/www.alfauna.ch\/wp-content\/uploads\/2024\/04\/T76134_gr.jpg\",\"width\":892,\"height\":1200},{\"@type\":\"BreadcrumbList\",\"@id\":\"https:\/\/www.alfauna.ch\/fr\/boutique\/reptiles\/amenagement-du-terrarium\/substrat-sable\/sable-de-base-pour-terrarium-blanc-5kg-weiss\/#breadcrumb\",\"itemListElement\":[{\"@type\":\"ListItem\",\"position\":1,\"name\":\"Startseite\",\"item\":\"https:\/\/www.alfauna.ch\/fr\/\"},{\"@type\":\"ListItem\",\"position\":2,\"name\":\"Boutique\",\"item\":\"https:\/\/www.alfauna.ch\/fr\/boutique\/\"},{\"@type\":\"ListItem\",\"position\":3,\"name\":\"Sable de base pour terrarium, blanc\"}]},{\"@type\":\"WebSite\",\"@id\":\"https:\/\/www.alfauna.ch\/fr\/#website\",\"url\":\"https:\/\/www.alfauna.ch\/fr\/\",\"name\":\"alfauna AG\",\"description\":\"\",\"publisher\":{\"@id\":\"https:\/\/www.alfauna.ch\/fr\/#organization\"},\"potentialAction\":[{\"@type\":\"SearchAction\",\"target\":{\"@type\":\"EntryPoint\",\"urlTemplate\":\"https:\/\/www.alfauna.ch\/fr\/?s={search_term_string}\"},\"query-input\":{\"@type\":\"PropertyValueSpecification\",\"valueRequired\":true,\"valueName\":\"search_term_string\"}}],\"inLanguage\":\"fr-FR\"},{\"@type\":\"Organization\",\"@id\":\"https:\/\/www.alfauna.ch\/fr\/#organization\",\"name\":\"alfauna AG\",\"url\":\"https:\/\/www.alfauna.ch\/fr\/\",\"logo\":{\"@type\":\"ImageObject\",\"inLanguage\":\"fr-FR\",\"@id\":\"https:\/\/www.alfauna.ch\/fr\/#\/schema\/logo\/image\/\",\"url\":\"https:\/\/www.alfauna.ch\/wp-content\/uploads\/logo_alfauna_230px.png\",\"contentUrl\":\"https:\/\/www.alfauna.ch\/wp-content\/uploads\/logo_alfauna_230px.png\",\"width\":230,\"height\":123,\"caption\":\"alfauna AG\"},\"image\":{\"@id\":\"https:\/\/www.alfauna.ch\/fr\/#\/schema\/logo\/image\/\"}}]}<\/script>\n<!-- \/ Yoast SEO plugin. -->","yoast_head_json":{"title":"Sable de base pour terrarium, blanc - alfauna AG","robots":{"index":"index","follow":"follow","max-snippet":"max-snippet:-1","max-image-preview":"max-image-preview:large","max-video-preview":"max-video-preview:-1"},"canonical":"https:\/\/www.alfauna.ch\/fr\/boutique\/reptiles\/amenagement-du-terrarium\/substrat-sable\/sable-de-base-pour-terrarium-blanc-5kg-weiss\/","og_locale":"fr_FR","og_type":"article","og_title":"Sable de base pour terrarium, blanc - alfauna AG","og_description":"bstrat pour terrarium d\u00e9sertique sable fin pour terrarium sans ajout de couleurs ou additifs permet de reproduire un habitat d\u00e9sertique proche du naturel favorise le comportement naturel des animaux haute conductibilit\u00e9 thermique, donc utili","og_url":"https:\/\/www.alfauna.ch\/fr\/boutique\/reptiles\/amenagement-du-terrarium\/substrat-sable\/sable-de-base-pour-terrarium-blanc-5kg-weiss\/","og_site_name":"alfauna AG","article_modified_time":"2026-04-19T03:20:33+00:00","og_image":[{"width":892,"height":1200,"url":"https:\/\/www.alfauna.ch\/wp-content\/uploads\/2024\/04\/T76134_gr.jpg","type":"image\/jpeg"}],"twitter_card":"summary_large_image","schema":{"@context":"https:\/\/schema.org","@graph":[{"@type":"WebPage","@id":"https:\/\/www.alfauna.ch\/fr\/boutique\/reptiles\/amenagement-du-terrarium\/substrat-sable\/sable-de-base-pour-terrarium-blanc-5kg-weiss\/","url":"https:\/\/www.alfauna.ch\/fr\/boutique\/reptiles\/amenagement-du-terrarium\/substrat-sable\/sable-de-base-pour-terrarium-blanc-5kg-weiss\/","name":"Sable de base pour terrarium, blanc - alfauna AG","isPartOf":{"@id":"https:\/\/www.alfauna.ch\/fr\/#website"},"primaryImageOfPage":{"@id":"https:\/\/www.alfauna.ch\/fr\/boutique\/reptiles\/amenagement-du-terrarium\/substrat-sable\/sable-de-base-pour-terrarium-blanc-5kg-weiss\/#primaryimage"},"image":{"@id":"https:\/\/www.alfauna.ch\/fr\/boutique\/reptiles\/amenagement-du-terrarium\/substrat-sable\/sable-de-base-pour-terrarium-blanc-5kg-weiss\/#primaryimage"},"thumbnailUrl":"https:\/\/www.alfauna.ch\/wp-content\/uploads\/2024\/04\/T76134_gr.jpg","datePublished":"2013-12-11T23:00:00+00:00","dateModified":"2026-04-19T03:20:33+00:00","breadcrumb":{"@id":"https:\/\/www.alfauna.ch\/fr\/boutique\/reptiles\/amenagement-du-terrarium\/substrat-sable\/sable-de-base-pour-terrarium-blanc-5kg-weiss\/#breadcrumb"},"inLanguage":"fr-FR","potentialAction":[{"@type":"ReadAction","target":["https:\/\/www.alfauna.ch\/fr\/boutique\/reptiles\/amenagement-du-terrarium\/substrat-sable\/sable-de-base-pour-terrarium-blanc-5kg-weiss\/"]}]},{"@type":"ImageObject","inLanguage":"fr-FR","@id":"https:\/\/www.alfauna.ch\/fr\/boutique\/reptiles\/amenagement-du-terrarium\/substrat-sable\/sable-de-base-pour-terrarium-blanc-5kg-weiss\/#primaryimage","url":"https:\/\/www.alfauna.ch\/wp-content\/uploads\/2024\/04\/T76134_gr.jpg","contentUrl":"https:\/\/www.alfauna.ch\/wp-content\/uploads\/2024\/04\/T76134_gr.jpg","width":892,"height":1200},{"@type":"BreadcrumbList","@id":"https:\/\/www.alfauna.ch\/fr\/boutique\/reptiles\/amenagement-du-terrarium\/substrat-sable\/sable-de-base-pour-terrarium-blanc-5kg-weiss\/#breadcrumb","itemListElement":[{"@type":"ListItem","position":1,"name":"Startseite","item":"https:\/\/www.alfauna.ch\/fr\/"},{"@type":"ListItem","position":2,"name":"Boutique","item":"https:\/\/www.alfauna.ch\/fr\/boutique\/"},{"@type":"ListItem","position":3,"name":"Sable de base pour terrarium, blanc"}]},{"@type":"WebSite","@id":"https:\/\/www.alfauna.ch\/fr\/#website","url":"https:\/\/www.alfauna.ch\/fr\/","name":"alfauna AG","description":"","publisher":{"@id":"https:\/\/www.alfauna.ch\/fr\/#organization"},"potentialAction":[{"@type":"SearchAction","target":{"@type":"EntryPoint","urlTemplate":"https:\/\/www.alfauna.ch\/fr\/?s={search_term_string}"},"query-input":{"@type":"PropertyValueSpecification","valueRequired":true,"valueName":"search_term_string"}}],"inLanguage":"fr-FR"},{"@type":"Organization","@id":"https:\/\/www.alfauna.ch\/fr\/#organization","name":"alfauna AG","url":"https:\/\/www.alfauna.ch\/fr\/","logo":{"@type":"ImageObject","inLanguage":"fr-FR","@id":"https:\/\/www.alfauna.ch\/fr\/#\/schema\/logo\/image\/","url":"https:\/\/www.alfauna.ch\/wp-content\/uploads\/logo_alfauna_230px.png","contentUrl":"https:\/\/www.alfauna.ch\/wp-content\/uploads\/logo_alfauna_230px.png","width":230,"height":123,"caption":"alfauna AG"},"image":{"@id":"https:\/\/www.alfauna.ch\/fr\/#\/schema\/logo\/image\/"}}]}},"tiered_pricing_type":"fixed","tiered_pricing_fixed_rules":{"4":4},"tiered_pricing_product_settings":{"layout":"default","base_unit_name":{"singular":null,"plural":null},"default_variation":null},"tiered_pricing_minimum_quantity":null,"tiered_pricing_roles_data":[],"tiered_pricing_percentage_rules":[],"_links":{"self":[{"href":"https:\/\/www.alfauna.ch\/fr\/wp-json\/wp\/v2\/product\/220875","targetHints":{"allow":["GET"]}}],"collection":[{"href":"https:\/\/www.alfauna.ch\/fr\/wp-json\/wp\/v2\/product"}],"about":[{"href":"https:\/\/www.alfauna.ch\/fr\/wp-json\/wp\/v2\/types\/product"}],"wp:featuredmedia":[{"embeddable":true,"href":"https:\/\/www.alfauna.ch\/fr\/wp-json\/wp\/v2\/media\/560895"}],"wp:attachment":[{"href":"https:\/\/www.alfauna.ch\/fr\/wp-json\/wp\/v2\/media?parent=220875"}],"wp:term":[{"taxonomy":"product_brand","embeddable":true,"href":"https:\/\/www.alfauna.ch\/fr\/wp-json\/wp\/v2\/product_brand?post=220875"},{"taxonomy":"product_cat","embeddable":true,"href":"https:\/\/www.alfauna.ch\/fr\/wp-json\/wp\/v2\/product_cat?post=220875"},{"taxonomy":"product_tag","embeddable":true,"href":"https:\/\/www.alfauna.ch\/fr\/wp-json\/wp\/v2\/product_tag?post=220875"}],"curies":[{"name":"wp","href":"https:\/\/api.w.org\/{rel}","templated":true}]}}