{"id":220808,"date":"2021-06-04T00:00:00","date_gmt":"2021-06-03T22:00:00","guid":{"rendered":"https:\/\/www.alfauna.ch.vasco.sui-inter.net\/shop\/non%20class\u00e9\/manteau-grenoble-m-50cm-gris\/"},"modified":"2026-04-21T05:15:27","modified_gmt":"2026-04-21T03:15:27","slug":"manteau-grenoble-m-50cm-gris-m-50cm","status":"publish","type":"product","link":"https:\/\/www.alfauna.ch\/fr\/boutique\/chiens\/mode-canine\/manteau-grenoble-m-50cm-gris-m-50cm\/","title":{"rendered":"Manteau Grenoble, M: 50cm, gris"},"content":{"rendered":"<p>d\u00e9perlant gr\u00e2ce \u00e0 l&rsquo;imperm\u00e9abilit\u00e9<br \/>\nen fibre polaire (polyester)<br \/>\navec fermeture \u00e9clair \u00e9tanche pour attacher la laisse au harnais<br \/>\ncol tr\u00e8s haut avec cordon de serrage<br \/>\nsangle ventrale avec boucle, r\u00e9glable en continu<br \/>\nattaches r\u00e9glables pour les pattes arri\u00e8res<\/p>\n","protected":false},"excerpt":{"rendered":"<p>d\u00e9perlant gr\u00e2ce \u00e0 l&rsquo;imperm\u00e9abilit\u00e9 en fibre polaire (polyester) avec fermeture \u00e9clair \u00e9tanche pour attacher la laisse au harnais col tr\u00e8s haut avec cordon de serrage sangle ventrale avec boucle, r\u00e9glable en continu attaches r\u00e9glables pour les pattes arri\u00e8res<\/p>\n","protected":false},"featured_media":411805,"template":"","meta":{"_acf_changed":false},"product_brand":[],"product_cat":[3688,3094],"product_tag":[],"class_list":{"0":"post-220808","1":"product","2":"type-product","3":"status-publish","4":"has-post-thumbnail","6":"product_cat-mode-canine","7":"product_cat-chiens","9":"first","10":"instock","11":"taxable","12":"shipping-taxable","13":"product-type-simple"},"acf":[],"yoast_head":"<!-- This site is optimized with the Yoast SEO plugin v25.8 - https:\/\/yoast.com\/wordpress\/plugins\/seo\/ -->\n<title>Manteau Grenoble, M: 50cm, gris - alfauna AG<\/title>\n<meta name=\"robots\" content=\"index, follow, max-snippet:-1, max-image-preview:large, max-video-preview:-1\" \/>\n<link rel=\"canonical\" href=\"https:\/\/www.alfauna.ch\/fr\/boutique\/chiens\/mode-canine\/manteau-grenoble-m-50cm-gris-m-50cm\/\" \/>\n<meta property=\"og:locale\" content=\"fr_FR\" \/>\n<meta property=\"og:type\" content=\"article\" \/>\n<meta property=\"og:title\" content=\"Manteau Grenoble, M: 50cm, gris - alfauna AG\" \/>\n<meta property=\"og:description\" content=\"d\u00e9perlant gr\u00e2ce \u00e0 l&rsquo;imperm\u00e9abilit\u00e9 en fibre polaire (polyester) avec fermeture \u00e9clair \u00e9tanche pour attacher la laisse au harnais col tr\u00e8s haut avec cordon de serrage sangle ventrale avec boucle, r\u00e9glable en continu attaches r\u00e9glables pour les pattes arri\u00e8res\" \/>\n<meta property=\"og:url\" content=\"https:\/\/www.alfauna.ch\/fr\/boutique\/chiens\/mode-canine\/manteau-grenoble-m-50cm-gris-m-50cm\/\" \/>\n<meta property=\"og:site_name\" content=\"alfauna AG\" \/>\n<meta property=\"article:modified_time\" content=\"2026-04-21T03:15:27+00:00\" \/>\n<meta property=\"og:image\" content=\"https:\/\/www.alfauna.ch\/wp-content\/uploads\/T680904_gr.jpg\" \/>\n\t<meta property=\"og:image:width\" content=\"300\" \/>\n\t<meta property=\"og:image:height\" content=\"440\" \/>\n\t<meta property=\"og:image:type\" content=\"image\/jpeg\" \/>\n<meta name=\"twitter:card\" content=\"summary_large_image\" \/>\n<script type=\"application\/ld+json\" class=\"yoast-schema-graph\">{\"@context\":\"https:\/\/schema.org\",\"@graph\":[{\"@type\":\"WebPage\",\"@id\":\"https:\/\/www.alfauna.ch\/fr\/boutique\/chiens\/mode-canine\/manteau-grenoble-m-50cm-gris-m-50cm\/\",\"url\":\"https:\/\/www.alfauna.ch\/fr\/boutique\/chiens\/mode-canine\/manteau-grenoble-m-50cm-gris-m-50cm\/\",\"name\":\"Manteau Grenoble, M: 50cm, gris - alfauna AG\",\"isPartOf\":{\"@id\":\"https:\/\/www.alfauna.ch\/fr\/#website\"},\"primaryImageOfPage\":{\"@id\":\"https:\/\/www.alfauna.ch\/fr\/boutique\/chiens\/mode-canine\/manteau-grenoble-m-50cm-gris-m-50cm\/#primaryimage\"},\"image\":{\"@id\":\"https:\/\/www.alfauna.ch\/fr\/boutique\/chiens\/mode-canine\/manteau-grenoble-m-50cm-gris-m-50cm\/#primaryimage\"},\"thumbnailUrl\":\"https:\/\/www.alfauna.ch\/wp-content\/uploads\/T680904_gr.jpg\",\"datePublished\":\"2021-06-03T22:00:00+00:00\",\"dateModified\":\"2026-04-21T03:15:27+00:00\",\"breadcrumb\":{\"@id\":\"https:\/\/www.alfauna.ch\/fr\/boutique\/chiens\/mode-canine\/manteau-grenoble-m-50cm-gris-m-50cm\/#breadcrumb\"},\"inLanguage\":\"fr-FR\",\"potentialAction\":[{\"@type\":\"ReadAction\",\"target\":[\"https:\/\/www.alfauna.ch\/fr\/boutique\/chiens\/mode-canine\/manteau-grenoble-m-50cm-gris-m-50cm\/\"]}]},{\"@type\":\"ImageObject\",\"inLanguage\":\"fr-FR\",\"@id\":\"https:\/\/www.alfauna.ch\/fr\/boutique\/chiens\/mode-canine\/manteau-grenoble-m-50cm-gris-m-50cm\/#primaryimage\",\"url\":\"https:\/\/www.alfauna.ch\/wp-content\/uploads\/T680904_gr.jpg\",\"contentUrl\":\"https:\/\/www.alfauna.ch\/wp-content\/uploads\/T680904_gr.jpg\",\"width\":300,\"height\":440},{\"@type\":\"BreadcrumbList\",\"@id\":\"https:\/\/www.alfauna.ch\/fr\/boutique\/chiens\/mode-canine\/manteau-grenoble-m-50cm-gris-m-50cm\/#breadcrumb\",\"itemListElement\":[{\"@type\":\"ListItem\",\"position\":1,\"name\":\"Startseite\",\"item\":\"https:\/\/www.alfauna.ch\/fr\/\"},{\"@type\":\"ListItem\",\"position\":2,\"name\":\"Boutique\",\"item\":\"https:\/\/www.alfauna.ch\/fr\/boutique\/\"},{\"@type\":\"ListItem\",\"position\":3,\"name\":\"Manteau Grenoble, M: 50cm, gris\"}]},{\"@type\":\"WebSite\",\"@id\":\"https:\/\/www.alfauna.ch\/fr\/#website\",\"url\":\"https:\/\/www.alfauna.ch\/fr\/\",\"name\":\"alfauna AG\",\"description\":\"\",\"publisher\":{\"@id\":\"https:\/\/www.alfauna.ch\/fr\/#organization\"},\"potentialAction\":[{\"@type\":\"SearchAction\",\"target\":{\"@type\":\"EntryPoint\",\"urlTemplate\":\"https:\/\/www.alfauna.ch\/fr\/?s={search_term_string}\"},\"query-input\":{\"@type\":\"PropertyValueSpecification\",\"valueRequired\":true,\"valueName\":\"search_term_string\"}}],\"inLanguage\":\"fr-FR\"},{\"@type\":\"Organization\",\"@id\":\"https:\/\/www.alfauna.ch\/fr\/#organization\",\"name\":\"alfauna AG\",\"url\":\"https:\/\/www.alfauna.ch\/fr\/\",\"logo\":{\"@type\":\"ImageObject\",\"inLanguage\":\"fr-FR\",\"@id\":\"https:\/\/www.alfauna.ch\/fr\/#\/schema\/logo\/image\/\",\"url\":\"https:\/\/www.alfauna.ch\/wp-content\/uploads\/logo_alfauna_230px.png\",\"contentUrl\":\"https:\/\/www.alfauna.ch\/wp-content\/uploads\/logo_alfauna_230px.png\",\"width\":230,\"height\":123,\"caption\":\"alfauna AG\"},\"image\":{\"@id\":\"https:\/\/www.alfauna.ch\/fr\/#\/schema\/logo\/image\/\"}}]}<\/script>\n<!-- \/ Yoast SEO plugin. -->","yoast_head_json":{"title":"Manteau Grenoble, M: 50cm, gris - alfauna AG","robots":{"index":"index","follow":"follow","max-snippet":"max-snippet:-1","max-image-preview":"max-image-preview:large","max-video-preview":"max-video-preview:-1"},"canonical":"https:\/\/www.alfauna.ch\/fr\/boutique\/chiens\/mode-canine\/manteau-grenoble-m-50cm-gris-m-50cm\/","og_locale":"fr_FR","og_type":"article","og_title":"Manteau Grenoble, M: 50cm, gris - alfauna AG","og_description":"d\u00e9perlant gr\u00e2ce \u00e0 l&rsquo;imperm\u00e9abilit\u00e9 en fibre polaire (polyester) avec fermeture \u00e9clair \u00e9tanche pour attacher la laisse au harnais col tr\u00e8s haut avec cordon de serrage sangle ventrale avec boucle, r\u00e9glable en continu attaches r\u00e9glables pour les pattes arri\u00e8res","og_url":"https:\/\/www.alfauna.ch\/fr\/boutique\/chiens\/mode-canine\/manteau-grenoble-m-50cm-gris-m-50cm\/","og_site_name":"alfauna AG","article_modified_time":"2026-04-21T03:15:27+00:00","og_image":[{"width":300,"height":440,"url":"https:\/\/www.alfauna.ch\/wp-content\/uploads\/T680904_gr.jpg","type":"image\/jpeg"}],"twitter_card":"summary_large_image","schema":{"@context":"https:\/\/schema.org","@graph":[{"@type":"WebPage","@id":"https:\/\/www.alfauna.ch\/fr\/boutique\/chiens\/mode-canine\/manteau-grenoble-m-50cm-gris-m-50cm\/","url":"https:\/\/www.alfauna.ch\/fr\/boutique\/chiens\/mode-canine\/manteau-grenoble-m-50cm-gris-m-50cm\/","name":"Manteau Grenoble, M: 50cm, gris - alfauna AG","isPartOf":{"@id":"https:\/\/www.alfauna.ch\/fr\/#website"},"primaryImageOfPage":{"@id":"https:\/\/www.alfauna.ch\/fr\/boutique\/chiens\/mode-canine\/manteau-grenoble-m-50cm-gris-m-50cm\/#primaryimage"},"image":{"@id":"https:\/\/www.alfauna.ch\/fr\/boutique\/chiens\/mode-canine\/manteau-grenoble-m-50cm-gris-m-50cm\/#primaryimage"},"thumbnailUrl":"https:\/\/www.alfauna.ch\/wp-content\/uploads\/T680904_gr.jpg","datePublished":"2021-06-03T22:00:00+00:00","dateModified":"2026-04-21T03:15:27+00:00","breadcrumb":{"@id":"https:\/\/www.alfauna.ch\/fr\/boutique\/chiens\/mode-canine\/manteau-grenoble-m-50cm-gris-m-50cm\/#breadcrumb"},"inLanguage":"fr-FR","potentialAction":[{"@type":"ReadAction","target":["https:\/\/www.alfauna.ch\/fr\/boutique\/chiens\/mode-canine\/manteau-grenoble-m-50cm-gris-m-50cm\/"]}]},{"@type":"ImageObject","inLanguage":"fr-FR","@id":"https:\/\/www.alfauna.ch\/fr\/boutique\/chiens\/mode-canine\/manteau-grenoble-m-50cm-gris-m-50cm\/#primaryimage","url":"https:\/\/www.alfauna.ch\/wp-content\/uploads\/T680904_gr.jpg","contentUrl":"https:\/\/www.alfauna.ch\/wp-content\/uploads\/T680904_gr.jpg","width":300,"height":440},{"@type":"BreadcrumbList","@id":"https:\/\/www.alfauna.ch\/fr\/boutique\/chiens\/mode-canine\/manteau-grenoble-m-50cm-gris-m-50cm\/#breadcrumb","itemListElement":[{"@type":"ListItem","position":1,"name":"Startseite","item":"https:\/\/www.alfauna.ch\/fr\/"},{"@type":"ListItem","position":2,"name":"Boutique","item":"https:\/\/www.alfauna.ch\/fr\/boutique\/"},{"@type":"ListItem","position":3,"name":"Manteau Grenoble, M: 50cm, gris"}]},{"@type":"WebSite","@id":"https:\/\/www.alfauna.ch\/fr\/#website","url":"https:\/\/www.alfauna.ch\/fr\/","name":"alfauna AG","description":"","publisher":{"@id":"https:\/\/www.alfauna.ch\/fr\/#organization"},"potentialAction":[{"@type":"SearchAction","target":{"@type":"EntryPoint","urlTemplate":"https:\/\/www.alfauna.ch\/fr\/?s={search_term_string}"},"query-input":{"@type":"PropertyValueSpecification","valueRequired":true,"valueName":"search_term_string"}}],"inLanguage":"fr-FR"},{"@type":"Organization","@id":"https:\/\/www.alfauna.ch\/fr\/#organization","name":"alfauna AG","url":"https:\/\/www.alfauna.ch\/fr\/","logo":{"@type":"ImageObject","inLanguage":"fr-FR","@id":"https:\/\/www.alfauna.ch\/fr\/#\/schema\/logo\/image\/","url":"https:\/\/www.alfauna.ch\/wp-content\/uploads\/logo_alfauna_230px.png","contentUrl":"https:\/\/www.alfauna.ch\/wp-content\/uploads\/logo_alfauna_230px.png","width":230,"height":123,"caption":"alfauna AG"},"image":{"@id":"https:\/\/www.alfauna.ch\/fr\/#\/schema\/logo\/image\/"}}]}},"tiered_pricing_type":"fixed","tiered_pricing_fixed_rules":[],"tiered_pricing_product_settings":{"layout":"default","base_unit_name":{"singular":null,"plural":null},"default_variation":null},"tiered_pricing_minimum_quantity":null,"tiered_pricing_roles_data":[],"tiered_pricing_percentage_rules":[],"_links":{"self":[{"href":"https:\/\/www.alfauna.ch\/fr\/wp-json\/wp\/v2\/product\/220808","targetHints":{"allow":["GET"]}}],"collection":[{"href":"https:\/\/www.alfauna.ch\/fr\/wp-json\/wp\/v2\/product"}],"about":[{"href":"https:\/\/www.alfauna.ch\/fr\/wp-json\/wp\/v2\/types\/product"}],"wp:featuredmedia":[{"embeddable":true,"href":"https:\/\/www.alfauna.ch\/fr\/wp-json\/wp\/v2\/media\/411805"}],"wp:attachment":[{"href":"https:\/\/www.alfauna.ch\/fr\/wp-json\/wp\/v2\/media?parent=220808"}],"wp:term":[{"taxonomy":"product_brand","embeddable":true,"href":"https:\/\/www.alfauna.ch\/fr\/wp-json\/wp\/v2\/product_brand?post=220808"},{"taxonomy":"product_cat","embeddable":true,"href":"https:\/\/www.alfauna.ch\/fr\/wp-json\/wp\/v2\/product_cat?post=220808"},{"taxonomy":"product_tag","embeddable":true,"href":"https:\/\/www.alfauna.ch\/fr\/wp-json\/wp\/v2\/product_tag?post=220808"}],"curies":[{"name":"wp","href":"https:\/\/api.w.org\/{rel}","templated":true}]}}