{"id":220631,"date":"2021-06-04T00:00:00","date_gmt":"2021-06-03T22:00:00","guid":{"rendered":"https:\/\/www.alfauna.ch.vasco.sui-inter.net\/shop\/non%20class\u00e9\/enclos-avec-filet-base-lapins-nains-en-polyester-oe-150x\/"},"modified":"2026-04-19T02:52:28","modified_gmt":"2026-04-19T00:52:28","slug":"enclos-avec-filet-base-lapins-nains-en-polyester-oe-150x","status":"publish","type":"product","link":"https:\/\/www.alfauna.ch\/fr\/boutique\/lapin-et-petit-rongeur\/enclos-et-ecuries\/enclos-avec-filet-base-lapins-nains-en-polyester-oe-150x\/","title":{"rendered":"Enclos avec filet\/base, lapins nains, en polyester, \u00f8 150\u00d7"},"content":{"rendered":"<p>en polyester r\u00e9sistant<br \/>\nid\u00e9al pour une utilisation \u00e0 l\u0092int\u00e9rieur et l\u0092ext\u00e9rieur (au jardin)<br \/>\nprot\u00e8ge les c\u00e2bles, tapis, mobilier, etc. de l&rsquo;instinct naturel de grignoter des rongeurs<br \/>\nrev\u00eatement de sol en caoutchouc et rebords pr\u00e9servent le sol des salissures et offrent une protection parfaite du sol humide en cas d\u0092utilisation dans le jardin<br \/>\nrev\u00eatement de sol amovible pour que l&rsquo;animal puisse \u00eatre pos\u00e9 directement sur la pelouse<br \/>\nouverture pour fixer un biberon<br \/>\navec deux poches sur c\u00f4t\u00e9s<br \/>\npeut se fixer au sol \u00e0 l&rsquo;aide de sangles<br \/>\nfilet d\u00e9tachable, emp\u00eache l&rsquo;animal de sauter \u00e0 l&rsquo;ext\u00e9rieur et prot\u00e8ge des agressions des chats et des oiseaux de proie<br \/>\npliable et rangement peu encombrant<br \/>\navec sac transport<br \/>\nfacile \u00e0 nettoyer \u00e0 l\u0092aide d\u0092un chiffon (filet d\u00e9tachable et sol en nylon lavables \u00e0 la main \u00e0 30 \u00b0 C )<\/p>\n","protected":false},"excerpt":{"rendered":"<p>en polyester r\u00e9sistant id\u00e9al pour une utilisation \u00e0 l\u0092int\u00e9rieur et l\u0092ext\u00e9rieur (au jardin) prot\u00e8ge les c\u00e2bles, tapis, mobilier, etc. de l&rsquo;instinct naturel de grignoter des rongeurs rev\u00eatement de sol en caoutchouc et rebords pr\u00e9servent le sol des salissures et offrent une protection parfaite du sol humide en cas d\u0092utilisation dans le jardin rev\u00eatement de sol<\/p>\n","protected":false},"featured_media":560309,"template":"","meta":{"_acf_changed":false},"product_brand":[],"product_cat":[3662,2682],"product_tag":[],"class_list":{"0":"post-220631","1":"product","2":"type-product","3":"status-publish","4":"has-post-thumbnail","6":"product_cat-enclos-et-ecuries","7":"product_cat-lapin-et-petit-rongeur","9":"first","10":"instock","11":"taxable","12":"shipping-taxable","13":"product-type-simple"},"acf":[],"yoast_head":"<!-- This site is optimized with the Yoast SEO plugin v25.8 - https:\/\/yoast.com\/wordpress\/plugins\/seo\/ -->\n<title>Enclos avec filet\/base, lapins nains, en polyester, \u00f8 150\u00d7 - alfauna AG<\/title>\n<meta name=\"robots\" content=\"index, follow, max-snippet:-1, max-image-preview:large, max-video-preview:-1\" \/>\n<link rel=\"canonical\" href=\"https:\/\/www.alfauna.ch\/fr\/boutique\/lapin-et-petit-rongeur\/enclos-et-ecuries\/enclos-avec-filet-base-lapins-nains-en-polyester-oe-150x\/\" \/>\n<meta property=\"og:locale\" content=\"fr_FR\" \/>\n<meta property=\"og:type\" content=\"article\" \/>\n<meta property=\"og:title\" content=\"Enclos avec filet\/base, lapins nains, en polyester, \u00f8 150\u00d7 - alfauna AG\" \/>\n<meta property=\"og:description\" content=\"en polyester r\u00e9sistant id\u00e9al pour une utilisation \u00e0 l\u0092int\u00e9rieur et l\u0092ext\u00e9rieur (au jardin) prot\u00e8ge les c\u00e2bles, tapis, mobilier, etc. de l&rsquo;instinct naturel de grignoter des rongeurs rev\u00eatement de sol en caoutchouc et rebords pr\u00e9servent le sol des salissures et offrent une protection parfaite du sol humide en cas d\u0092utilisation dans le jardin rev\u00eatement de sol\" \/>\n<meta property=\"og:url\" content=\"https:\/\/www.alfauna.ch\/fr\/boutique\/lapin-et-petit-rongeur\/enclos-et-ecuries\/enclos-avec-filet-base-lapins-nains-en-polyester-oe-150x\/\" \/>\n<meta property=\"og:site_name\" content=\"alfauna AG\" \/>\n<meta property=\"article:modified_time\" content=\"2026-04-19T00:52:28+00:00\" \/>\n<meta property=\"og:image\" content=\"https:\/\/www.alfauna.ch\/wp-content\/uploads\/2024\/04\/T64055_gr.jpg\" \/>\n\t<meta property=\"og:image:width\" content=\"1600\" \/>\n\t<meta property=\"og:image:height\" content=\"1026\" \/>\n\t<meta property=\"og:image:type\" content=\"image\/jpeg\" \/>\n<meta name=\"twitter:card\" content=\"summary_large_image\" \/>\n<meta name=\"twitter:label1\" content=\"Dur\u00e9e de lecture estim\u00e9e\" \/>\n\t<meta name=\"twitter:data1\" content=\"1 minute\" \/>\n<script type=\"application\/ld+json\" class=\"yoast-schema-graph\">{\"@context\":\"https:\/\/schema.org\",\"@graph\":[{\"@type\":\"WebPage\",\"@id\":\"https:\/\/www.alfauna.ch\/fr\/boutique\/lapin-et-petit-rongeur\/enclos-et-ecuries\/enclos-avec-filet-base-lapins-nains-en-polyester-oe-150x\/\",\"url\":\"https:\/\/www.alfauna.ch\/fr\/boutique\/lapin-et-petit-rongeur\/enclos-et-ecuries\/enclos-avec-filet-base-lapins-nains-en-polyester-oe-150x\/\",\"name\":\"Enclos avec filet\/base, lapins nains, en polyester, \u00f8 150\u00d7 - alfauna AG\",\"isPartOf\":{\"@id\":\"https:\/\/www.alfauna.ch\/fr\/#website\"},\"primaryImageOfPage\":{\"@id\":\"https:\/\/www.alfauna.ch\/fr\/boutique\/lapin-et-petit-rongeur\/enclos-et-ecuries\/enclos-avec-filet-base-lapins-nains-en-polyester-oe-150x\/#primaryimage\"},\"image\":{\"@id\":\"https:\/\/www.alfauna.ch\/fr\/boutique\/lapin-et-petit-rongeur\/enclos-et-ecuries\/enclos-avec-filet-base-lapins-nains-en-polyester-oe-150x\/#primaryimage\"},\"thumbnailUrl\":\"https:\/\/www.alfauna.ch\/wp-content\/uploads\/2024\/04\/T64055_gr.jpg\",\"datePublished\":\"2021-06-03T22:00:00+00:00\",\"dateModified\":\"2026-04-19T00:52:28+00:00\",\"breadcrumb\":{\"@id\":\"https:\/\/www.alfauna.ch\/fr\/boutique\/lapin-et-petit-rongeur\/enclos-et-ecuries\/enclos-avec-filet-base-lapins-nains-en-polyester-oe-150x\/#breadcrumb\"},\"inLanguage\":\"fr-FR\",\"potentialAction\":[{\"@type\":\"ReadAction\",\"target\":[\"https:\/\/www.alfauna.ch\/fr\/boutique\/lapin-et-petit-rongeur\/enclos-et-ecuries\/enclos-avec-filet-base-lapins-nains-en-polyester-oe-150x\/\"]}]},{\"@type\":\"ImageObject\",\"inLanguage\":\"fr-FR\",\"@id\":\"https:\/\/www.alfauna.ch\/fr\/boutique\/lapin-et-petit-rongeur\/enclos-et-ecuries\/enclos-avec-filet-base-lapins-nains-en-polyester-oe-150x\/#primaryimage\",\"url\":\"https:\/\/www.alfauna.ch\/wp-content\/uploads\/2024\/04\/T64055_gr.jpg\",\"contentUrl\":\"https:\/\/www.alfauna.ch\/wp-content\/uploads\/2024\/04\/T64055_gr.jpg\",\"width\":1600,\"height\":1026},{\"@type\":\"BreadcrumbList\",\"@id\":\"https:\/\/www.alfauna.ch\/fr\/boutique\/lapin-et-petit-rongeur\/enclos-et-ecuries\/enclos-avec-filet-base-lapins-nains-en-polyester-oe-150x\/#breadcrumb\",\"itemListElement\":[{\"@type\":\"ListItem\",\"position\":1,\"name\":\"Startseite\",\"item\":\"https:\/\/www.alfauna.ch\/fr\/\"},{\"@type\":\"ListItem\",\"position\":2,\"name\":\"Boutique\",\"item\":\"https:\/\/www.alfauna.ch\/fr\/boutique\/\"},{\"@type\":\"ListItem\",\"position\":3,\"name\":\"Enclos avec filet\/base, lapins nains, en polyester, \u00f8 150\u00d7\"}]},{\"@type\":\"WebSite\",\"@id\":\"https:\/\/www.alfauna.ch\/fr\/#website\",\"url\":\"https:\/\/www.alfauna.ch\/fr\/\",\"name\":\"alfauna AG\",\"description\":\"\",\"publisher\":{\"@id\":\"https:\/\/www.alfauna.ch\/fr\/#organization\"},\"potentialAction\":[{\"@type\":\"SearchAction\",\"target\":{\"@type\":\"EntryPoint\",\"urlTemplate\":\"https:\/\/www.alfauna.ch\/fr\/?s={search_term_string}\"},\"query-input\":{\"@type\":\"PropertyValueSpecification\",\"valueRequired\":true,\"valueName\":\"search_term_string\"}}],\"inLanguage\":\"fr-FR\"},{\"@type\":\"Organization\",\"@id\":\"https:\/\/www.alfauna.ch\/fr\/#organization\",\"name\":\"alfauna AG\",\"url\":\"https:\/\/www.alfauna.ch\/fr\/\",\"logo\":{\"@type\":\"ImageObject\",\"inLanguage\":\"fr-FR\",\"@id\":\"https:\/\/www.alfauna.ch\/fr\/#\/schema\/logo\/image\/\",\"url\":\"https:\/\/www.alfauna.ch\/wp-content\/uploads\/logo_alfauna_230px.png\",\"contentUrl\":\"https:\/\/www.alfauna.ch\/wp-content\/uploads\/logo_alfauna_230px.png\",\"width\":230,\"height\":123,\"caption\":\"alfauna AG\"},\"image\":{\"@id\":\"https:\/\/www.alfauna.ch\/fr\/#\/schema\/logo\/image\/\"}}]}<\/script>\n<!-- \/ Yoast SEO plugin. -->","yoast_head_json":{"title":"Enclos avec filet\/base, lapins nains, en polyester, \u00f8 150\u00d7 - alfauna AG","robots":{"index":"index","follow":"follow","max-snippet":"max-snippet:-1","max-image-preview":"max-image-preview:large","max-video-preview":"max-video-preview:-1"},"canonical":"https:\/\/www.alfauna.ch\/fr\/boutique\/lapin-et-petit-rongeur\/enclos-et-ecuries\/enclos-avec-filet-base-lapins-nains-en-polyester-oe-150x\/","og_locale":"fr_FR","og_type":"article","og_title":"Enclos avec filet\/base, lapins nains, en polyester, \u00f8 150\u00d7 - alfauna AG","og_description":"en polyester r\u00e9sistant id\u00e9al pour une utilisation \u00e0 l\u0092int\u00e9rieur et l\u0092ext\u00e9rieur (au jardin) prot\u00e8ge les c\u00e2bles, tapis, mobilier, etc. de l&rsquo;instinct naturel de grignoter des rongeurs rev\u00eatement de sol en caoutchouc et rebords pr\u00e9servent le sol des salissures et offrent une protection parfaite du sol humide en cas d\u0092utilisation dans le jardin rev\u00eatement de sol","og_url":"https:\/\/www.alfauna.ch\/fr\/boutique\/lapin-et-petit-rongeur\/enclos-et-ecuries\/enclos-avec-filet-base-lapins-nains-en-polyester-oe-150x\/","og_site_name":"alfauna AG","article_modified_time":"2026-04-19T00:52:28+00:00","og_image":[{"width":1600,"height":1026,"url":"https:\/\/www.alfauna.ch\/wp-content\/uploads\/2024\/04\/T64055_gr.jpg","type":"image\/jpeg"}],"twitter_card":"summary_large_image","twitter_misc":{"Dur\u00e9e de lecture estim\u00e9e":"1 minute"},"schema":{"@context":"https:\/\/schema.org","@graph":[{"@type":"WebPage","@id":"https:\/\/www.alfauna.ch\/fr\/boutique\/lapin-et-petit-rongeur\/enclos-et-ecuries\/enclos-avec-filet-base-lapins-nains-en-polyester-oe-150x\/","url":"https:\/\/www.alfauna.ch\/fr\/boutique\/lapin-et-petit-rongeur\/enclos-et-ecuries\/enclos-avec-filet-base-lapins-nains-en-polyester-oe-150x\/","name":"Enclos avec filet\/base, lapins nains, en polyester, \u00f8 150\u00d7 - alfauna AG","isPartOf":{"@id":"https:\/\/www.alfauna.ch\/fr\/#website"},"primaryImageOfPage":{"@id":"https:\/\/www.alfauna.ch\/fr\/boutique\/lapin-et-petit-rongeur\/enclos-et-ecuries\/enclos-avec-filet-base-lapins-nains-en-polyester-oe-150x\/#primaryimage"},"image":{"@id":"https:\/\/www.alfauna.ch\/fr\/boutique\/lapin-et-petit-rongeur\/enclos-et-ecuries\/enclos-avec-filet-base-lapins-nains-en-polyester-oe-150x\/#primaryimage"},"thumbnailUrl":"https:\/\/www.alfauna.ch\/wp-content\/uploads\/2024\/04\/T64055_gr.jpg","datePublished":"2021-06-03T22:00:00+00:00","dateModified":"2026-04-19T00:52:28+00:00","breadcrumb":{"@id":"https:\/\/www.alfauna.ch\/fr\/boutique\/lapin-et-petit-rongeur\/enclos-et-ecuries\/enclos-avec-filet-base-lapins-nains-en-polyester-oe-150x\/#breadcrumb"},"inLanguage":"fr-FR","potentialAction":[{"@type":"ReadAction","target":["https:\/\/www.alfauna.ch\/fr\/boutique\/lapin-et-petit-rongeur\/enclos-et-ecuries\/enclos-avec-filet-base-lapins-nains-en-polyester-oe-150x\/"]}]},{"@type":"ImageObject","inLanguage":"fr-FR","@id":"https:\/\/www.alfauna.ch\/fr\/boutique\/lapin-et-petit-rongeur\/enclos-et-ecuries\/enclos-avec-filet-base-lapins-nains-en-polyester-oe-150x\/#primaryimage","url":"https:\/\/www.alfauna.ch\/wp-content\/uploads\/2024\/04\/T64055_gr.jpg","contentUrl":"https:\/\/www.alfauna.ch\/wp-content\/uploads\/2024\/04\/T64055_gr.jpg","width":1600,"height":1026},{"@type":"BreadcrumbList","@id":"https:\/\/www.alfauna.ch\/fr\/boutique\/lapin-et-petit-rongeur\/enclos-et-ecuries\/enclos-avec-filet-base-lapins-nains-en-polyester-oe-150x\/#breadcrumb","itemListElement":[{"@type":"ListItem","position":1,"name":"Startseite","item":"https:\/\/www.alfauna.ch\/fr\/"},{"@type":"ListItem","position":2,"name":"Boutique","item":"https:\/\/www.alfauna.ch\/fr\/boutique\/"},{"@type":"ListItem","position":3,"name":"Enclos avec filet\/base, lapins nains, en polyester, \u00f8 150\u00d7"}]},{"@type":"WebSite","@id":"https:\/\/www.alfauna.ch\/fr\/#website","url":"https:\/\/www.alfauna.ch\/fr\/","name":"alfauna AG","description":"","publisher":{"@id":"https:\/\/www.alfauna.ch\/fr\/#organization"},"potentialAction":[{"@type":"SearchAction","target":{"@type":"EntryPoint","urlTemplate":"https:\/\/www.alfauna.ch\/fr\/?s={search_term_string}"},"query-input":{"@type":"PropertyValueSpecification","valueRequired":true,"valueName":"search_term_string"}}],"inLanguage":"fr-FR"},{"@type":"Organization","@id":"https:\/\/www.alfauna.ch\/fr\/#organization","name":"alfauna AG","url":"https:\/\/www.alfauna.ch\/fr\/","logo":{"@type":"ImageObject","inLanguage":"fr-FR","@id":"https:\/\/www.alfauna.ch\/fr\/#\/schema\/logo\/image\/","url":"https:\/\/www.alfauna.ch\/wp-content\/uploads\/logo_alfauna_230px.png","contentUrl":"https:\/\/www.alfauna.ch\/wp-content\/uploads\/logo_alfauna_230px.png","width":230,"height":123,"caption":"alfauna AG"},"image":{"@id":"https:\/\/www.alfauna.ch\/fr\/#\/schema\/logo\/image\/"}}]}},"tiered_pricing_type":"fixed","tiered_pricing_fixed_rules":[],"tiered_pricing_product_settings":{"layout":"default","base_unit_name":{"singular":null,"plural":null},"default_variation":null},"tiered_pricing_minimum_quantity":null,"tiered_pricing_roles_data":[],"tiered_pricing_percentage_rules":[],"_links":{"self":[{"href":"https:\/\/www.alfauna.ch\/fr\/wp-json\/wp\/v2\/product\/220631","targetHints":{"allow":["GET"]}}],"collection":[{"href":"https:\/\/www.alfauna.ch\/fr\/wp-json\/wp\/v2\/product"}],"about":[{"href":"https:\/\/www.alfauna.ch\/fr\/wp-json\/wp\/v2\/types\/product"}],"wp:featuredmedia":[{"embeddable":true,"href":"https:\/\/www.alfauna.ch\/fr\/wp-json\/wp\/v2\/media\/560309"}],"wp:attachment":[{"href":"https:\/\/www.alfauna.ch\/fr\/wp-json\/wp\/v2\/media?parent=220631"}],"wp:term":[{"taxonomy":"product_brand","embeddable":true,"href":"https:\/\/www.alfauna.ch\/fr\/wp-json\/wp\/v2\/product_brand?post=220631"},{"taxonomy":"product_cat","embeddable":true,"href":"https:\/\/www.alfauna.ch\/fr\/wp-json\/wp\/v2\/product_cat?post=220631"},{"taxonomy":"product_tag","embeddable":true,"href":"https:\/\/www.alfauna.ch\/fr\/wp-json\/wp\/v2\/product_tag?post=220631"}],"curies":[{"name":"wp","href":"https:\/\/api.w.org\/{rel}","templated":true}]}}