{"id":220369,"date":"2013-12-12T00:00:00","date_gmt":"2013-12-11T23:00:00","guid":{"rendered":"https:\/\/www.alfauna.ch.vasco.sui-inter.net\/shop\/non%20class\u00e9\/pont-suspendu-flexible\/"},"modified":"2026-04-18T05:25:37","modified_gmt":"2026-04-18T03:25:37","slug":"pont-suspendu-flexible-55-5x7cm","status":"publish","type":"product","link":"https:\/\/www.alfauna.ch\/fr\/boutique\/lapin-et-petit-rongeur\/installation\/ponts-et-tunnels\/pont-suspendu-flexible-55-5x7cm\/","title":{"rendered":"Pont suspendu, flexible"},"content":{"rendered":"<p>flexible<br \/>\n\u00e0 suspendre (des deux c\u00f4t\u00e9s)<br \/>\nen bois naturel <\/p>\n<p>Nous accordons la plus grande importance \u00e0 la sant\u00e9 de vos animaux. Pour cette raison, nos produits Natural Living sont fabriqu\u00e9s en bois de conif\u00e8res sans canaux de r\u00e9sine. La r\u00e9sine est un<\/p>\n","protected":false},"excerpt":{"rendered":"<p>flexible \u00e0 suspendre (des deux c\u00f4t\u00e9s) en bois naturel Nous accordons la plus grande importance \u00e0 la sant\u00e9 de vos animaux. Pour cette raison, nos produits Natural Living sont fabriqu\u00e9s en bois de conif\u00e8res sans canaux de r\u00e9sine. La r\u00e9sine est un<\/p>\n","protected":false},"featured_media":558711,"template":"","meta":{"_acf_changed":false},"product_brand":[],"product_cat":[3668,3798,2682],"product_tag":[],"class_list":{"0":"post-220369","1":"product","2":"type-product","3":"status-publish","4":"has-post-thumbnail","6":"product_cat-installation","7":"product_cat-ponts-et-tunnels","8":"product_cat-lapin-et-petit-rongeur","10":"first","11":"instock","12":"taxable","13":"shipping-taxable","14":"product-type-simple"},"acf":[],"yoast_head":"<!-- This site is optimized with the Yoast SEO plugin v25.8 - https:\/\/yoast.com\/wordpress\/plugins\/seo\/ -->\n<title>Pont suspendu, flexible - alfauna AG<\/title>\n<meta name=\"robots\" content=\"index, follow, max-snippet:-1, max-image-preview:large, max-video-preview:-1\" \/>\n<link rel=\"canonical\" href=\"https:\/\/www.alfauna.ch\/fr\/boutique\/lapin-et-petit-rongeur\/installation\/ponts-et-tunnels\/pont-suspendu-flexible-55-5x7cm\/\" \/>\n<meta property=\"og:locale\" content=\"fr_FR\" \/>\n<meta property=\"og:type\" content=\"article\" \/>\n<meta property=\"og:title\" content=\"Pont suspendu, flexible - alfauna AG\" \/>\n<meta property=\"og:description\" content=\"flexible \u00e0 suspendre (des deux c\u00f4t\u00e9s) en bois naturel Nous accordons la plus grande importance \u00e0 la sant\u00e9 de vos animaux. Pour cette raison, nos produits Natural Living sont fabriqu\u00e9s en bois de conif\u00e8res sans canaux de r\u00e9sine. La r\u00e9sine est un\" \/>\n<meta property=\"og:url\" content=\"https:\/\/www.alfauna.ch\/fr\/boutique\/lapin-et-petit-rongeur\/installation\/ponts-et-tunnels\/pont-suspendu-flexible-55-5x7cm\/\" \/>\n<meta property=\"og:site_name\" content=\"alfauna AG\" \/>\n<meta property=\"article:modified_time\" content=\"2026-04-18T03:25:37+00:00\" \/>\n<meta property=\"og:image\" content=\"https:\/\/www.alfauna.ch\/wp-content\/uploads\/2024\/04\/T6221_gr.jpg\" \/>\n\t<meta property=\"og:image:width\" content=\"1525\" \/>\n\t<meta property=\"og:image:height\" content=\"1200\" \/>\n\t<meta property=\"og:image:type\" content=\"image\/jpeg\" \/>\n<meta name=\"twitter:card\" content=\"summary_large_image\" \/>\n<script type=\"application\/ld+json\" class=\"yoast-schema-graph\">{\"@context\":\"https:\/\/schema.org\",\"@graph\":[{\"@type\":\"WebPage\",\"@id\":\"https:\/\/www.alfauna.ch\/fr\/boutique\/lapin-et-petit-rongeur\/installation\/ponts-et-tunnels\/pont-suspendu-flexible-55-5x7cm\/\",\"url\":\"https:\/\/www.alfauna.ch\/fr\/boutique\/lapin-et-petit-rongeur\/installation\/ponts-et-tunnels\/pont-suspendu-flexible-55-5x7cm\/\",\"name\":\"Pont suspendu, flexible - alfauna AG\",\"isPartOf\":{\"@id\":\"https:\/\/www.alfauna.ch\/fr\/#website\"},\"primaryImageOfPage\":{\"@id\":\"https:\/\/www.alfauna.ch\/fr\/boutique\/lapin-et-petit-rongeur\/installation\/ponts-et-tunnels\/pont-suspendu-flexible-55-5x7cm\/#primaryimage\"},\"image\":{\"@id\":\"https:\/\/www.alfauna.ch\/fr\/boutique\/lapin-et-petit-rongeur\/installation\/ponts-et-tunnels\/pont-suspendu-flexible-55-5x7cm\/#primaryimage\"},\"thumbnailUrl\":\"https:\/\/www.alfauna.ch\/wp-content\/uploads\/2024\/04\/T6221_gr.jpg\",\"datePublished\":\"2013-12-11T23:00:00+00:00\",\"dateModified\":\"2026-04-18T03:25:37+00:00\",\"breadcrumb\":{\"@id\":\"https:\/\/www.alfauna.ch\/fr\/boutique\/lapin-et-petit-rongeur\/installation\/ponts-et-tunnels\/pont-suspendu-flexible-55-5x7cm\/#breadcrumb\"},\"inLanguage\":\"fr-FR\",\"potentialAction\":[{\"@type\":\"ReadAction\",\"target\":[\"https:\/\/www.alfauna.ch\/fr\/boutique\/lapin-et-petit-rongeur\/installation\/ponts-et-tunnels\/pont-suspendu-flexible-55-5x7cm\/\"]}]},{\"@type\":\"ImageObject\",\"inLanguage\":\"fr-FR\",\"@id\":\"https:\/\/www.alfauna.ch\/fr\/boutique\/lapin-et-petit-rongeur\/installation\/ponts-et-tunnels\/pont-suspendu-flexible-55-5x7cm\/#primaryimage\",\"url\":\"https:\/\/www.alfauna.ch\/wp-content\/uploads\/2024\/04\/T6221_gr.jpg\",\"contentUrl\":\"https:\/\/www.alfauna.ch\/wp-content\/uploads\/2024\/04\/T6221_gr.jpg\",\"width\":1525,\"height\":1200},{\"@type\":\"BreadcrumbList\",\"@id\":\"https:\/\/www.alfauna.ch\/fr\/boutique\/lapin-et-petit-rongeur\/installation\/ponts-et-tunnels\/pont-suspendu-flexible-55-5x7cm\/#breadcrumb\",\"itemListElement\":[{\"@type\":\"ListItem\",\"position\":1,\"name\":\"Startseite\",\"item\":\"https:\/\/www.alfauna.ch\/fr\/\"},{\"@type\":\"ListItem\",\"position\":2,\"name\":\"Boutique\",\"item\":\"https:\/\/www.alfauna.ch\/fr\/boutique\/\"},{\"@type\":\"ListItem\",\"position\":3,\"name\":\"Pont suspendu, flexible\"}]},{\"@type\":\"WebSite\",\"@id\":\"https:\/\/www.alfauna.ch\/fr\/#website\",\"url\":\"https:\/\/www.alfauna.ch\/fr\/\",\"name\":\"alfauna AG\",\"description\":\"\",\"publisher\":{\"@id\":\"https:\/\/www.alfauna.ch\/fr\/#organization\"},\"potentialAction\":[{\"@type\":\"SearchAction\",\"target\":{\"@type\":\"EntryPoint\",\"urlTemplate\":\"https:\/\/www.alfauna.ch\/fr\/?s={search_term_string}\"},\"query-input\":{\"@type\":\"PropertyValueSpecification\",\"valueRequired\":true,\"valueName\":\"search_term_string\"}}],\"inLanguage\":\"fr-FR\"},{\"@type\":\"Organization\",\"@id\":\"https:\/\/www.alfauna.ch\/fr\/#organization\",\"name\":\"alfauna AG\",\"url\":\"https:\/\/www.alfauna.ch\/fr\/\",\"logo\":{\"@type\":\"ImageObject\",\"inLanguage\":\"fr-FR\",\"@id\":\"https:\/\/www.alfauna.ch\/fr\/#\/schema\/logo\/image\/\",\"url\":\"https:\/\/www.alfauna.ch\/wp-content\/uploads\/logo_alfauna_230px.png\",\"contentUrl\":\"https:\/\/www.alfauna.ch\/wp-content\/uploads\/logo_alfauna_230px.png\",\"width\":230,\"height\":123,\"caption\":\"alfauna AG\"},\"image\":{\"@id\":\"https:\/\/www.alfauna.ch\/fr\/#\/schema\/logo\/image\/\"}}]}<\/script>\n<!-- \/ Yoast SEO plugin. -->","yoast_head_json":{"title":"Pont suspendu, flexible - alfauna AG","robots":{"index":"index","follow":"follow","max-snippet":"max-snippet:-1","max-image-preview":"max-image-preview:large","max-video-preview":"max-video-preview:-1"},"canonical":"https:\/\/www.alfauna.ch\/fr\/boutique\/lapin-et-petit-rongeur\/installation\/ponts-et-tunnels\/pont-suspendu-flexible-55-5x7cm\/","og_locale":"fr_FR","og_type":"article","og_title":"Pont suspendu, flexible - alfauna AG","og_description":"flexible \u00e0 suspendre (des deux c\u00f4t\u00e9s) en bois naturel Nous accordons la plus grande importance \u00e0 la sant\u00e9 de vos animaux. Pour cette raison, nos produits Natural Living sont fabriqu\u00e9s en bois de conif\u00e8res sans canaux de r\u00e9sine. La r\u00e9sine est un","og_url":"https:\/\/www.alfauna.ch\/fr\/boutique\/lapin-et-petit-rongeur\/installation\/ponts-et-tunnels\/pont-suspendu-flexible-55-5x7cm\/","og_site_name":"alfauna AG","article_modified_time":"2026-04-18T03:25:37+00:00","og_image":[{"width":1525,"height":1200,"url":"https:\/\/www.alfauna.ch\/wp-content\/uploads\/2024\/04\/T6221_gr.jpg","type":"image\/jpeg"}],"twitter_card":"summary_large_image","schema":{"@context":"https:\/\/schema.org","@graph":[{"@type":"WebPage","@id":"https:\/\/www.alfauna.ch\/fr\/boutique\/lapin-et-petit-rongeur\/installation\/ponts-et-tunnels\/pont-suspendu-flexible-55-5x7cm\/","url":"https:\/\/www.alfauna.ch\/fr\/boutique\/lapin-et-petit-rongeur\/installation\/ponts-et-tunnels\/pont-suspendu-flexible-55-5x7cm\/","name":"Pont suspendu, flexible - alfauna AG","isPartOf":{"@id":"https:\/\/www.alfauna.ch\/fr\/#website"},"primaryImageOfPage":{"@id":"https:\/\/www.alfauna.ch\/fr\/boutique\/lapin-et-petit-rongeur\/installation\/ponts-et-tunnels\/pont-suspendu-flexible-55-5x7cm\/#primaryimage"},"image":{"@id":"https:\/\/www.alfauna.ch\/fr\/boutique\/lapin-et-petit-rongeur\/installation\/ponts-et-tunnels\/pont-suspendu-flexible-55-5x7cm\/#primaryimage"},"thumbnailUrl":"https:\/\/www.alfauna.ch\/wp-content\/uploads\/2024\/04\/T6221_gr.jpg","datePublished":"2013-12-11T23:00:00+00:00","dateModified":"2026-04-18T03:25:37+00:00","breadcrumb":{"@id":"https:\/\/www.alfauna.ch\/fr\/boutique\/lapin-et-petit-rongeur\/installation\/ponts-et-tunnels\/pont-suspendu-flexible-55-5x7cm\/#breadcrumb"},"inLanguage":"fr-FR","potentialAction":[{"@type":"ReadAction","target":["https:\/\/www.alfauna.ch\/fr\/boutique\/lapin-et-petit-rongeur\/installation\/ponts-et-tunnels\/pont-suspendu-flexible-55-5x7cm\/"]}]},{"@type":"ImageObject","inLanguage":"fr-FR","@id":"https:\/\/www.alfauna.ch\/fr\/boutique\/lapin-et-petit-rongeur\/installation\/ponts-et-tunnels\/pont-suspendu-flexible-55-5x7cm\/#primaryimage","url":"https:\/\/www.alfauna.ch\/wp-content\/uploads\/2024\/04\/T6221_gr.jpg","contentUrl":"https:\/\/www.alfauna.ch\/wp-content\/uploads\/2024\/04\/T6221_gr.jpg","width":1525,"height":1200},{"@type":"BreadcrumbList","@id":"https:\/\/www.alfauna.ch\/fr\/boutique\/lapin-et-petit-rongeur\/installation\/ponts-et-tunnels\/pont-suspendu-flexible-55-5x7cm\/#breadcrumb","itemListElement":[{"@type":"ListItem","position":1,"name":"Startseite","item":"https:\/\/www.alfauna.ch\/fr\/"},{"@type":"ListItem","position":2,"name":"Boutique","item":"https:\/\/www.alfauna.ch\/fr\/boutique\/"},{"@type":"ListItem","position":3,"name":"Pont suspendu, flexible"}]},{"@type":"WebSite","@id":"https:\/\/www.alfauna.ch\/fr\/#website","url":"https:\/\/www.alfauna.ch\/fr\/","name":"alfauna AG","description":"","publisher":{"@id":"https:\/\/www.alfauna.ch\/fr\/#organization"},"potentialAction":[{"@type":"SearchAction","target":{"@type":"EntryPoint","urlTemplate":"https:\/\/www.alfauna.ch\/fr\/?s={search_term_string}"},"query-input":{"@type":"PropertyValueSpecification","valueRequired":true,"valueName":"search_term_string"}}],"inLanguage":"fr-FR"},{"@type":"Organization","@id":"https:\/\/www.alfauna.ch\/fr\/#organization","name":"alfauna AG","url":"https:\/\/www.alfauna.ch\/fr\/","logo":{"@type":"ImageObject","inLanguage":"fr-FR","@id":"https:\/\/www.alfauna.ch\/fr\/#\/schema\/logo\/image\/","url":"https:\/\/www.alfauna.ch\/wp-content\/uploads\/logo_alfauna_230px.png","contentUrl":"https:\/\/www.alfauna.ch\/wp-content\/uploads\/logo_alfauna_230px.png","width":230,"height":123,"caption":"alfauna AG"},"image":{"@id":"https:\/\/www.alfauna.ch\/fr\/#\/schema\/logo\/image\/"}}]}},"tiered_pricing_type":"fixed","tiered_pricing_fixed_rules":{"3":2.79999999999999982236431605997495353221893310546875},"tiered_pricing_product_settings":{"layout":"default","base_unit_name":{"singular":null,"plural":null},"default_variation":null},"tiered_pricing_minimum_quantity":null,"tiered_pricing_roles_data":[],"tiered_pricing_percentage_rules":[],"_links":{"self":[{"href":"https:\/\/www.alfauna.ch\/fr\/wp-json\/wp\/v2\/product\/220369","targetHints":{"allow":["GET"]}}],"collection":[{"href":"https:\/\/www.alfauna.ch\/fr\/wp-json\/wp\/v2\/product"}],"about":[{"href":"https:\/\/www.alfauna.ch\/fr\/wp-json\/wp\/v2\/types\/product"}],"wp:featuredmedia":[{"embeddable":true,"href":"https:\/\/www.alfauna.ch\/fr\/wp-json\/wp\/v2\/media\/558711"}],"wp:attachment":[{"href":"https:\/\/www.alfauna.ch\/fr\/wp-json\/wp\/v2\/media?parent=220369"}],"wp:term":[{"taxonomy":"product_brand","embeddable":true,"href":"https:\/\/www.alfauna.ch\/fr\/wp-json\/wp\/v2\/product_brand?post=220369"},{"taxonomy":"product_cat","embeddable":true,"href":"https:\/\/www.alfauna.ch\/fr\/wp-json\/wp\/v2\/product_cat?post=220369"},{"taxonomy":"product_tag","embeddable":true,"href":"https:\/\/www.alfauna.ch\/fr\/wp-json\/wp\/v2\/product_tag?post=220369"}],"curies":[{"name":"wp","href":"https:\/\/api.w.org\/{rel}","templated":true}]}}