{"id":219639,"date":"2013-12-12T00:00:00","date_gmt":"2013-12-11T23:00:00","guid":{"rendered":"https:\/\/www.alfauna.ch.vasco.sui-inter.net\/shop\/non%20class\u00e9\/cat-activity-snack-roll-14x6-5-cm-bleu\/"},"modified":"2026-04-21T03:11:09","modified_gmt":"2026-04-21T01:11:09","slug":"cat-activity-snack-roll-oe-6-oe-5x14-cm","status":"publish","type":"product","link":"https:\/\/www.alfauna.ch\/fr\/boutique\/chats\/jouets-chats\/cat-activity-snack-roll-oe-6-oe-5x14-cm\/","title":{"rendered":"Cat Activity Snack Roll, \u00f8 6\/\u00f8 5\u00d714 cm"},"content":{"rendered":"<p>les snacks tombent en roulant<br \/>\nles tiges amovibles r\u00e9gulent la distribution de friandises<br \/>\nnoyau en plastique stable avec rev\u00eatement silencieux en caoutchouc<br \/>\ncouvercle d\u00e9vissable, donc tr\u00e8s facile \u00e0 remplir et \u00e0 nettoyer<br \/>\nentra\u00eene l&rsquo;habilet\u00e9<\/p>\n","protected":false},"excerpt":{"rendered":"<p>les snacks tombent en roulant les tiges amovibles r\u00e9gulent la distribution de friandises noyau en plastique stable avec rev\u00eatement silencieux en caoutchouc couvercle d\u00e9vissable, donc tr\u00e8s facile \u00e0 remplir et \u00e0 nettoyer entra\u00eene l&rsquo;habilet\u00e9<\/p>\n","protected":false},"featured_media":571615,"template":"","meta":{"_acf_changed":false},"product_brand":[],"product_cat":[3697,3475],"product_tag":[],"class_list":{"0":"post-219639","1":"product","2":"type-product","3":"status-publish","4":"has-post-thumbnail","6":"product_cat-jouets-chats","7":"product_cat-chats","9":"first","10":"instock","11":"taxable","12":"shipping-taxable","13":"product-type-simple"},"acf":[],"yoast_head":"<!-- This site is optimized with the Yoast SEO plugin v25.8 - https:\/\/yoast.com\/wordpress\/plugins\/seo\/ -->\n<title>Cat Activity Snack Roll, \u00f8 6\/\u00f8 5\u00d714 cm - alfauna AG<\/title>\n<meta name=\"robots\" content=\"index, follow, max-snippet:-1, max-image-preview:large, max-video-preview:-1\" \/>\n<link rel=\"canonical\" href=\"https:\/\/www.alfauna.ch\/fr\/boutique\/chats\/jouets-chats\/cat-activity-snack-roll-oe-6-oe-5x14-cm\/\" \/>\n<meta property=\"og:locale\" content=\"fr_FR\" \/>\n<meta property=\"og:type\" content=\"article\" \/>\n<meta property=\"og:title\" content=\"Cat Activity Snack Roll, \u00f8 6\/\u00f8 5\u00d714 cm - alfauna AG\" \/>\n<meta property=\"og:description\" content=\"les snacks tombent en roulant les tiges amovibles r\u00e9gulent la distribution de friandises noyau en plastique stable avec rev\u00eatement silencieux en caoutchouc couvercle d\u00e9vissable, donc tr\u00e8s facile \u00e0 remplir et \u00e0 nettoyer entra\u00eene l&rsquo;habilet\u00e9\" \/>\n<meta property=\"og:url\" content=\"https:\/\/www.alfauna.ch\/fr\/boutique\/chats\/jouets-chats\/cat-activity-snack-roll-oe-6-oe-5x14-cm\/\" \/>\n<meta property=\"og:site_name\" content=\"alfauna AG\" \/>\n<meta property=\"article:modified_time\" content=\"2026-04-21T01:11:09+00:00\" \/>\n<meta property=\"og:image\" content=\"https:\/\/www.alfauna.ch\/wp-content\/uploads\/2024\/11\/T4592_gr.jpg\" \/>\n\t<meta property=\"og:image:width\" content=\"2000\" \/>\n\t<meta property=\"og:image:height\" content=\"1228\" \/>\n\t<meta property=\"og:image:type\" content=\"image\/jpeg\" \/>\n<meta name=\"twitter:card\" content=\"summary_large_image\" \/>\n<script type=\"application\/ld+json\" class=\"yoast-schema-graph\">{\"@context\":\"https:\/\/schema.org\",\"@graph\":[{\"@type\":\"WebPage\",\"@id\":\"https:\/\/www.alfauna.ch\/fr\/boutique\/chats\/jouets-chats\/cat-activity-snack-roll-oe-6-oe-5x14-cm\/\",\"url\":\"https:\/\/www.alfauna.ch\/fr\/boutique\/chats\/jouets-chats\/cat-activity-snack-roll-oe-6-oe-5x14-cm\/\",\"name\":\"Cat Activity Snack Roll, \u00f8 6\/\u00f8 5\u00d714 cm - alfauna AG\",\"isPartOf\":{\"@id\":\"https:\/\/www.alfauna.ch\/fr\/#website\"},\"primaryImageOfPage\":{\"@id\":\"https:\/\/www.alfauna.ch\/fr\/boutique\/chats\/jouets-chats\/cat-activity-snack-roll-oe-6-oe-5x14-cm\/#primaryimage\"},\"image\":{\"@id\":\"https:\/\/www.alfauna.ch\/fr\/boutique\/chats\/jouets-chats\/cat-activity-snack-roll-oe-6-oe-5x14-cm\/#primaryimage\"},\"thumbnailUrl\":\"https:\/\/www.alfauna.ch\/wp-content\/uploads\/2024\/11\/T4592_gr.jpg\",\"datePublished\":\"2013-12-11T23:00:00+00:00\",\"dateModified\":\"2026-04-21T01:11:09+00:00\",\"breadcrumb\":{\"@id\":\"https:\/\/www.alfauna.ch\/fr\/boutique\/chats\/jouets-chats\/cat-activity-snack-roll-oe-6-oe-5x14-cm\/#breadcrumb\"},\"inLanguage\":\"fr-FR\",\"potentialAction\":[{\"@type\":\"ReadAction\",\"target\":[\"https:\/\/www.alfauna.ch\/fr\/boutique\/chats\/jouets-chats\/cat-activity-snack-roll-oe-6-oe-5x14-cm\/\"]}]},{\"@type\":\"ImageObject\",\"inLanguage\":\"fr-FR\",\"@id\":\"https:\/\/www.alfauna.ch\/fr\/boutique\/chats\/jouets-chats\/cat-activity-snack-roll-oe-6-oe-5x14-cm\/#primaryimage\",\"url\":\"https:\/\/www.alfauna.ch\/wp-content\/uploads\/2024\/11\/T4592_gr.jpg\",\"contentUrl\":\"https:\/\/www.alfauna.ch\/wp-content\/uploads\/2024\/11\/T4592_gr.jpg\",\"width\":2000,\"height\":1228},{\"@type\":\"BreadcrumbList\",\"@id\":\"https:\/\/www.alfauna.ch\/fr\/boutique\/chats\/jouets-chats\/cat-activity-snack-roll-oe-6-oe-5x14-cm\/#breadcrumb\",\"itemListElement\":[{\"@type\":\"ListItem\",\"position\":1,\"name\":\"Startseite\",\"item\":\"https:\/\/www.alfauna.ch\/fr\/\"},{\"@type\":\"ListItem\",\"position\":2,\"name\":\"Boutique\",\"item\":\"https:\/\/www.alfauna.ch\/fr\/boutique\/\"},{\"@type\":\"ListItem\",\"position\":3,\"name\":\"Cat Activity Snack Roll, \u00f8 6\/\u00f8 5\u00d714 cm\"}]},{\"@type\":\"WebSite\",\"@id\":\"https:\/\/www.alfauna.ch\/fr\/#website\",\"url\":\"https:\/\/www.alfauna.ch\/fr\/\",\"name\":\"alfauna AG\",\"description\":\"\",\"publisher\":{\"@id\":\"https:\/\/www.alfauna.ch\/fr\/#organization\"},\"potentialAction\":[{\"@type\":\"SearchAction\",\"target\":{\"@type\":\"EntryPoint\",\"urlTemplate\":\"https:\/\/www.alfauna.ch\/fr\/?s={search_term_string}\"},\"query-input\":{\"@type\":\"PropertyValueSpecification\",\"valueRequired\":true,\"valueName\":\"search_term_string\"}}],\"inLanguage\":\"fr-FR\"},{\"@type\":\"Organization\",\"@id\":\"https:\/\/www.alfauna.ch\/fr\/#organization\",\"name\":\"alfauna AG\",\"url\":\"https:\/\/www.alfauna.ch\/fr\/\",\"logo\":{\"@type\":\"ImageObject\",\"inLanguage\":\"fr-FR\",\"@id\":\"https:\/\/www.alfauna.ch\/fr\/#\/schema\/logo\/image\/\",\"url\":\"https:\/\/www.alfauna.ch\/wp-content\/uploads\/logo_alfauna_230px.png\",\"contentUrl\":\"https:\/\/www.alfauna.ch\/wp-content\/uploads\/logo_alfauna_230px.png\",\"width\":230,\"height\":123,\"caption\":\"alfauna AG\"},\"image\":{\"@id\":\"https:\/\/www.alfauna.ch\/fr\/#\/schema\/logo\/image\/\"}}]}<\/script>\n<!-- \/ Yoast SEO plugin. -->","yoast_head_json":{"title":"Cat Activity Snack Roll, \u00f8 6\/\u00f8 5\u00d714 cm - alfauna AG","robots":{"index":"index","follow":"follow","max-snippet":"max-snippet:-1","max-image-preview":"max-image-preview:large","max-video-preview":"max-video-preview:-1"},"canonical":"https:\/\/www.alfauna.ch\/fr\/boutique\/chats\/jouets-chats\/cat-activity-snack-roll-oe-6-oe-5x14-cm\/","og_locale":"fr_FR","og_type":"article","og_title":"Cat Activity Snack Roll, \u00f8 6\/\u00f8 5\u00d714 cm - alfauna AG","og_description":"les snacks tombent en roulant les tiges amovibles r\u00e9gulent la distribution de friandises noyau en plastique stable avec rev\u00eatement silencieux en caoutchouc couvercle d\u00e9vissable, donc tr\u00e8s facile \u00e0 remplir et \u00e0 nettoyer entra\u00eene l&rsquo;habilet\u00e9","og_url":"https:\/\/www.alfauna.ch\/fr\/boutique\/chats\/jouets-chats\/cat-activity-snack-roll-oe-6-oe-5x14-cm\/","og_site_name":"alfauna AG","article_modified_time":"2026-04-21T01:11:09+00:00","og_image":[{"width":2000,"height":1228,"url":"https:\/\/www.alfauna.ch\/wp-content\/uploads\/2024\/11\/T4592_gr.jpg","type":"image\/jpeg"}],"twitter_card":"summary_large_image","schema":{"@context":"https:\/\/schema.org","@graph":[{"@type":"WebPage","@id":"https:\/\/www.alfauna.ch\/fr\/boutique\/chats\/jouets-chats\/cat-activity-snack-roll-oe-6-oe-5x14-cm\/","url":"https:\/\/www.alfauna.ch\/fr\/boutique\/chats\/jouets-chats\/cat-activity-snack-roll-oe-6-oe-5x14-cm\/","name":"Cat Activity Snack Roll, \u00f8 6\/\u00f8 5\u00d714 cm - alfauna AG","isPartOf":{"@id":"https:\/\/www.alfauna.ch\/fr\/#website"},"primaryImageOfPage":{"@id":"https:\/\/www.alfauna.ch\/fr\/boutique\/chats\/jouets-chats\/cat-activity-snack-roll-oe-6-oe-5x14-cm\/#primaryimage"},"image":{"@id":"https:\/\/www.alfauna.ch\/fr\/boutique\/chats\/jouets-chats\/cat-activity-snack-roll-oe-6-oe-5x14-cm\/#primaryimage"},"thumbnailUrl":"https:\/\/www.alfauna.ch\/wp-content\/uploads\/2024\/11\/T4592_gr.jpg","datePublished":"2013-12-11T23:00:00+00:00","dateModified":"2026-04-21T01:11:09+00:00","breadcrumb":{"@id":"https:\/\/www.alfauna.ch\/fr\/boutique\/chats\/jouets-chats\/cat-activity-snack-roll-oe-6-oe-5x14-cm\/#breadcrumb"},"inLanguage":"fr-FR","potentialAction":[{"@type":"ReadAction","target":["https:\/\/www.alfauna.ch\/fr\/boutique\/chats\/jouets-chats\/cat-activity-snack-roll-oe-6-oe-5x14-cm\/"]}]},{"@type":"ImageObject","inLanguage":"fr-FR","@id":"https:\/\/www.alfauna.ch\/fr\/boutique\/chats\/jouets-chats\/cat-activity-snack-roll-oe-6-oe-5x14-cm\/#primaryimage","url":"https:\/\/www.alfauna.ch\/wp-content\/uploads\/2024\/11\/T4592_gr.jpg","contentUrl":"https:\/\/www.alfauna.ch\/wp-content\/uploads\/2024\/11\/T4592_gr.jpg","width":2000,"height":1228},{"@type":"BreadcrumbList","@id":"https:\/\/www.alfauna.ch\/fr\/boutique\/chats\/jouets-chats\/cat-activity-snack-roll-oe-6-oe-5x14-cm\/#breadcrumb","itemListElement":[{"@type":"ListItem","position":1,"name":"Startseite","item":"https:\/\/www.alfauna.ch\/fr\/"},{"@type":"ListItem","position":2,"name":"Boutique","item":"https:\/\/www.alfauna.ch\/fr\/boutique\/"},{"@type":"ListItem","position":3,"name":"Cat Activity Snack Roll, \u00f8 6\/\u00f8 5\u00d714 cm"}]},{"@type":"WebSite","@id":"https:\/\/www.alfauna.ch\/fr\/#website","url":"https:\/\/www.alfauna.ch\/fr\/","name":"alfauna AG","description":"","publisher":{"@id":"https:\/\/www.alfauna.ch\/fr\/#organization"},"potentialAction":[{"@type":"SearchAction","target":{"@type":"EntryPoint","urlTemplate":"https:\/\/www.alfauna.ch\/fr\/?s={search_term_string}"},"query-input":{"@type":"PropertyValueSpecification","valueRequired":true,"valueName":"search_term_string"}}],"inLanguage":"fr-FR"},{"@type":"Organization","@id":"https:\/\/www.alfauna.ch\/fr\/#organization","name":"alfauna AG","url":"https:\/\/www.alfauna.ch\/fr\/","logo":{"@type":"ImageObject","inLanguage":"fr-FR","@id":"https:\/\/www.alfauna.ch\/fr\/#\/schema\/logo\/image\/","url":"https:\/\/www.alfauna.ch\/wp-content\/uploads\/logo_alfauna_230px.png","contentUrl":"https:\/\/www.alfauna.ch\/wp-content\/uploads\/logo_alfauna_230px.png","width":230,"height":123,"caption":"alfauna AG"},"image":{"@id":"https:\/\/www.alfauna.ch\/fr\/#\/schema\/logo\/image\/"}}]}},"tiered_pricing_type":"fixed","tiered_pricing_fixed_rules":{"3":2.79999999999999982236431605997495353221893310546875},"tiered_pricing_product_settings":{"layout":"default","base_unit_name":{"singular":null,"plural":null},"default_variation":null},"tiered_pricing_minimum_quantity":null,"tiered_pricing_roles_data":[],"tiered_pricing_percentage_rules":[],"_links":{"self":[{"href":"https:\/\/www.alfauna.ch\/fr\/wp-json\/wp\/v2\/product\/219639","targetHints":{"allow":["GET"]}}],"collection":[{"href":"https:\/\/www.alfauna.ch\/fr\/wp-json\/wp\/v2\/product"}],"about":[{"href":"https:\/\/www.alfauna.ch\/fr\/wp-json\/wp\/v2\/types\/product"}],"wp:featuredmedia":[{"embeddable":true,"href":"https:\/\/www.alfauna.ch\/fr\/wp-json\/wp\/v2\/media\/571615"}],"wp:attachment":[{"href":"https:\/\/www.alfauna.ch\/fr\/wp-json\/wp\/v2\/media?parent=219639"}],"wp:term":[{"taxonomy":"product_brand","embeddable":true,"href":"https:\/\/www.alfauna.ch\/fr\/wp-json\/wp\/v2\/product_brand?post=219639"},{"taxonomy":"product_cat","embeddable":true,"href":"https:\/\/www.alfauna.ch\/fr\/wp-json\/wp\/v2\/product_cat?post=219639"},{"taxonomy":"product_tag","embeddable":true,"href":"https:\/\/www.alfauna.ch\/fr\/wp-json\/wp\/v2\/product_tag?post=219639"}],"curies":[{"name":"wp","href":"https:\/\/api.w.org\/{rel}","templated":true}]}}