{"id":214793,"date":"2021-06-04T00:00:00","date_gmt":"2021-06-03T22:00:00","guid":{"rendered":"https:\/\/www.alfauna.ch.vasco.sui-inter.net\/shop\/non%20class\u00e9\/sac-a-friandises-multi-twist-oe-12x17cm\/"},"modified":"2026-04-19T02:19:09","modified_gmt":"2026-04-19T00:19:09","slug":"sac-a-friandises-multi-twist-oe-12x17cm","status":"publish","type":"product","link":"https:\/\/www.alfauna.ch\/fr\/boutique\/chiens\/education-et-sport\/sac-a-friandises-multi-twist-oe-12x17cm\/","title":{"rendered":"Sac \u00e0 friandises Multi Twist, \u00f8 12\u00d717cm"},"content":{"rendered":"<p>la fermeture \u00e0 glissi\u00e8re permet d&rsquo;acc\u00e9der au sac sans l&rsquo;ouvrir<br \/>\nles degr\u00e9s variables de torsion du tissu r\u00e9gulent l&rsquo;acc\u00e8s<br \/>\nse ferme lorsqu&rsquo;il n&rsquo;est pas utilis\u00e9<br \/>\nLa fermeture assure une protection contre la pluie<br \/>\ndistributeur de sachets \u00e0 d\u00e9chets int\u00e9gr\u00e9<br \/>\navec une bandouli\u00e8re amovible et r\u00e9glable en continu et une pince de fixation<br \/>\navec mousqueton, permet de fixer un sifflet de rappel ou un clicker pour chien<br \/>\navec poches ext\u00e9rieures<br \/>\n\u00e9l\u00e9ments r\u00e9fl\u00e9chissants<br \/>\nen polyester<\/p>\n","protected":false},"excerpt":{"rendered":"<p>la fermeture \u00e0 glissi\u00e8re permet d&rsquo;acc\u00e9der au sac sans l&rsquo;ouvrir les degr\u00e9s variables de torsion du tissu r\u00e9gulent l&rsquo;acc\u00e8s se ferme lorsqu&rsquo;il n&rsquo;est pas utilis\u00e9 La fermeture assure une protection contre la pluie distributeur de sachets \u00e0 d\u00e9chets int\u00e9gr\u00e9 avec une bandouli\u00e8re amovible et r\u00e9glable en continu et une pince de fixation avec mousqueton, permet<\/p>\n","protected":false},"featured_media":545026,"template":"","meta":{"_acf_changed":false},"product_brand":[],"product_cat":[3686,3094],"product_tag":[],"class_list":{"0":"post-214793","1":"product","2":"type-product","3":"status-publish","4":"has-post-thumbnail","6":"product_cat-education-et-sport","7":"product_cat-chiens","9":"first","10":"instock","11":"taxable","12":"shipping-taxable","13":"product-type-simple"},"acf":[],"yoast_head":"<!-- This site is optimized with the Yoast SEO plugin v25.8 - https:\/\/yoast.com\/wordpress\/plugins\/seo\/ -->\n<title>Sac \u00e0 friandises Multi Twist, \u00f8 12\u00d717cm - alfauna AG<\/title>\n<meta name=\"robots\" content=\"index, follow, max-snippet:-1, max-image-preview:large, max-video-preview:-1\" \/>\n<link rel=\"canonical\" href=\"https:\/\/www.alfauna.ch\/fr\/boutique\/chiens\/education-et-sport\/sac-a-friandises-multi-twist-oe-12x17cm\/\" \/>\n<meta property=\"og:locale\" content=\"fr_FR\" \/>\n<meta property=\"og:type\" content=\"article\" \/>\n<meta property=\"og:title\" content=\"Sac \u00e0 friandises Multi Twist, \u00f8 12\u00d717cm - alfauna AG\" \/>\n<meta property=\"og:description\" content=\"la fermeture \u00e0 glissi\u00e8re permet d&rsquo;acc\u00e9der au sac sans l&rsquo;ouvrir les degr\u00e9s variables de torsion du tissu r\u00e9gulent l&rsquo;acc\u00e8s se ferme lorsqu&rsquo;il n&rsquo;est pas utilis\u00e9 La fermeture assure une protection contre la pluie distributeur de sachets \u00e0 d\u00e9chets int\u00e9gr\u00e9 avec une bandouli\u00e8re amovible et r\u00e9glable en continu et une pince de fixation avec mousqueton, permet\" \/>\n<meta property=\"og:url\" content=\"https:\/\/www.alfauna.ch\/fr\/boutique\/chiens\/education-et-sport\/sac-a-friandises-multi-twist-oe-12x17cm\/\" \/>\n<meta property=\"og:site_name\" content=\"alfauna AG\" \/>\n<meta property=\"article:modified_time\" content=\"2026-04-19T00:19:09+00:00\" \/>\n<meta property=\"og:image\" content=\"https:\/\/www.alfauna.ch\/wp-content\/uploads\/2024\/04\/T32290_gr.jpg\" \/>\n\t<meta property=\"og:image:width\" content=\"676\" \/>\n\t<meta property=\"og:image:height\" content=\"1200\" \/>\n\t<meta property=\"og:image:type\" content=\"image\/jpeg\" \/>\n<meta name=\"twitter:card\" content=\"summary_large_image\" \/>\n<script type=\"application\/ld+json\" class=\"yoast-schema-graph\">{\"@context\":\"https:\/\/schema.org\",\"@graph\":[{\"@type\":\"WebPage\",\"@id\":\"https:\/\/www.alfauna.ch\/fr\/boutique\/chiens\/education-et-sport\/sac-a-friandises-multi-twist-oe-12x17cm\/\",\"url\":\"https:\/\/www.alfauna.ch\/fr\/boutique\/chiens\/education-et-sport\/sac-a-friandises-multi-twist-oe-12x17cm\/\",\"name\":\"Sac \u00e0 friandises Multi Twist, \u00f8 12\u00d717cm - alfauna AG\",\"isPartOf\":{\"@id\":\"https:\/\/www.alfauna.ch\/fr\/#website\"},\"primaryImageOfPage\":{\"@id\":\"https:\/\/www.alfauna.ch\/fr\/boutique\/chiens\/education-et-sport\/sac-a-friandises-multi-twist-oe-12x17cm\/#primaryimage\"},\"image\":{\"@id\":\"https:\/\/www.alfauna.ch\/fr\/boutique\/chiens\/education-et-sport\/sac-a-friandises-multi-twist-oe-12x17cm\/#primaryimage\"},\"thumbnailUrl\":\"https:\/\/www.alfauna.ch\/wp-content\/uploads\/2024\/04\/T32290_gr.jpg\",\"datePublished\":\"2021-06-03T22:00:00+00:00\",\"dateModified\":\"2026-04-19T00:19:09+00:00\",\"breadcrumb\":{\"@id\":\"https:\/\/www.alfauna.ch\/fr\/boutique\/chiens\/education-et-sport\/sac-a-friandises-multi-twist-oe-12x17cm\/#breadcrumb\"},\"inLanguage\":\"fr-FR\",\"potentialAction\":[{\"@type\":\"ReadAction\",\"target\":[\"https:\/\/www.alfauna.ch\/fr\/boutique\/chiens\/education-et-sport\/sac-a-friandises-multi-twist-oe-12x17cm\/\"]}]},{\"@type\":\"ImageObject\",\"inLanguage\":\"fr-FR\",\"@id\":\"https:\/\/www.alfauna.ch\/fr\/boutique\/chiens\/education-et-sport\/sac-a-friandises-multi-twist-oe-12x17cm\/#primaryimage\",\"url\":\"https:\/\/www.alfauna.ch\/wp-content\/uploads\/2024\/04\/T32290_gr.jpg\",\"contentUrl\":\"https:\/\/www.alfauna.ch\/wp-content\/uploads\/2024\/04\/T32290_gr.jpg\",\"width\":676,\"height\":1200},{\"@type\":\"BreadcrumbList\",\"@id\":\"https:\/\/www.alfauna.ch\/fr\/boutique\/chiens\/education-et-sport\/sac-a-friandises-multi-twist-oe-12x17cm\/#breadcrumb\",\"itemListElement\":[{\"@type\":\"ListItem\",\"position\":1,\"name\":\"Startseite\",\"item\":\"https:\/\/www.alfauna.ch\/fr\/\"},{\"@type\":\"ListItem\",\"position\":2,\"name\":\"Boutique\",\"item\":\"https:\/\/www.alfauna.ch\/fr\/boutique\/\"},{\"@type\":\"ListItem\",\"position\":3,\"name\":\"Sac \u00e0 friandises Multi Twist, \u00f8 12\u00d717cm\"}]},{\"@type\":\"WebSite\",\"@id\":\"https:\/\/www.alfauna.ch\/fr\/#website\",\"url\":\"https:\/\/www.alfauna.ch\/fr\/\",\"name\":\"alfauna AG\",\"description\":\"\",\"publisher\":{\"@id\":\"https:\/\/www.alfauna.ch\/fr\/#organization\"},\"potentialAction\":[{\"@type\":\"SearchAction\",\"target\":{\"@type\":\"EntryPoint\",\"urlTemplate\":\"https:\/\/www.alfauna.ch\/fr\/?s={search_term_string}\"},\"query-input\":{\"@type\":\"PropertyValueSpecification\",\"valueRequired\":true,\"valueName\":\"search_term_string\"}}],\"inLanguage\":\"fr-FR\"},{\"@type\":\"Organization\",\"@id\":\"https:\/\/www.alfauna.ch\/fr\/#organization\",\"name\":\"alfauna AG\",\"url\":\"https:\/\/www.alfauna.ch\/fr\/\",\"logo\":{\"@type\":\"ImageObject\",\"inLanguage\":\"fr-FR\",\"@id\":\"https:\/\/www.alfauna.ch\/fr\/#\/schema\/logo\/image\/\",\"url\":\"https:\/\/www.alfauna.ch\/wp-content\/uploads\/logo_alfauna_230px.png\",\"contentUrl\":\"https:\/\/www.alfauna.ch\/wp-content\/uploads\/logo_alfauna_230px.png\",\"width\":230,\"height\":123,\"caption\":\"alfauna AG\"},\"image\":{\"@id\":\"https:\/\/www.alfauna.ch\/fr\/#\/schema\/logo\/image\/\"}}]}<\/script>\n<!-- \/ Yoast SEO plugin. -->","yoast_head_json":{"title":"Sac \u00e0 friandises Multi Twist, \u00f8 12\u00d717cm - alfauna AG","robots":{"index":"index","follow":"follow","max-snippet":"max-snippet:-1","max-image-preview":"max-image-preview:large","max-video-preview":"max-video-preview:-1"},"canonical":"https:\/\/www.alfauna.ch\/fr\/boutique\/chiens\/education-et-sport\/sac-a-friandises-multi-twist-oe-12x17cm\/","og_locale":"fr_FR","og_type":"article","og_title":"Sac \u00e0 friandises Multi Twist, \u00f8 12\u00d717cm - alfauna AG","og_description":"la fermeture \u00e0 glissi\u00e8re permet d&rsquo;acc\u00e9der au sac sans l&rsquo;ouvrir les degr\u00e9s variables de torsion du tissu r\u00e9gulent l&rsquo;acc\u00e8s se ferme lorsqu&rsquo;il n&rsquo;est pas utilis\u00e9 La fermeture assure une protection contre la pluie distributeur de sachets \u00e0 d\u00e9chets int\u00e9gr\u00e9 avec une bandouli\u00e8re amovible et r\u00e9glable en continu et une pince de fixation avec mousqueton, permet","og_url":"https:\/\/www.alfauna.ch\/fr\/boutique\/chiens\/education-et-sport\/sac-a-friandises-multi-twist-oe-12x17cm\/","og_site_name":"alfauna AG","article_modified_time":"2026-04-19T00:19:09+00:00","og_image":[{"width":676,"height":1200,"url":"https:\/\/www.alfauna.ch\/wp-content\/uploads\/2024\/04\/T32290_gr.jpg","type":"image\/jpeg"}],"twitter_card":"summary_large_image","schema":{"@context":"https:\/\/schema.org","@graph":[{"@type":"WebPage","@id":"https:\/\/www.alfauna.ch\/fr\/boutique\/chiens\/education-et-sport\/sac-a-friandises-multi-twist-oe-12x17cm\/","url":"https:\/\/www.alfauna.ch\/fr\/boutique\/chiens\/education-et-sport\/sac-a-friandises-multi-twist-oe-12x17cm\/","name":"Sac \u00e0 friandises Multi Twist, \u00f8 12\u00d717cm - alfauna AG","isPartOf":{"@id":"https:\/\/www.alfauna.ch\/fr\/#website"},"primaryImageOfPage":{"@id":"https:\/\/www.alfauna.ch\/fr\/boutique\/chiens\/education-et-sport\/sac-a-friandises-multi-twist-oe-12x17cm\/#primaryimage"},"image":{"@id":"https:\/\/www.alfauna.ch\/fr\/boutique\/chiens\/education-et-sport\/sac-a-friandises-multi-twist-oe-12x17cm\/#primaryimage"},"thumbnailUrl":"https:\/\/www.alfauna.ch\/wp-content\/uploads\/2024\/04\/T32290_gr.jpg","datePublished":"2021-06-03T22:00:00+00:00","dateModified":"2026-04-19T00:19:09+00:00","breadcrumb":{"@id":"https:\/\/www.alfauna.ch\/fr\/boutique\/chiens\/education-et-sport\/sac-a-friandises-multi-twist-oe-12x17cm\/#breadcrumb"},"inLanguage":"fr-FR","potentialAction":[{"@type":"ReadAction","target":["https:\/\/www.alfauna.ch\/fr\/boutique\/chiens\/education-et-sport\/sac-a-friandises-multi-twist-oe-12x17cm\/"]}]},{"@type":"ImageObject","inLanguage":"fr-FR","@id":"https:\/\/www.alfauna.ch\/fr\/boutique\/chiens\/education-et-sport\/sac-a-friandises-multi-twist-oe-12x17cm\/#primaryimage","url":"https:\/\/www.alfauna.ch\/wp-content\/uploads\/2024\/04\/T32290_gr.jpg","contentUrl":"https:\/\/www.alfauna.ch\/wp-content\/uploads\/2024\/04\/T32290_gr.jpg","width":676,"height":1200},{"@type":"BreadcrumbList","@id":"https:\/\/www.alfauna.ch\/fr\/boutique\/chiens\/education-et-sport\/sac-a-friandises-multi-twist-oe-12x17cm\/#breadcrumb","itemListElement":[{"@type":"ListItem","position":1,"name":"Startseite","item":"https:\/\/www.alfauna.ch\/fr\/"},{"@type":"ListItem","position":2,"name":"Boutique","item":"https:\/\/www.alfauna.ch\/fr\/boutique\/"},{"@type":"ListItem","position":3,"name":"Sac \u00e0 friandises Multi Twist, \u00f8 12\u00d717cm"}]},{"@type":"WebSite","@id":"https:\/\/www.alfauna.ch\/fr\/#website","url":"https:\/\/www.alfauna.ch\/fr\/","name":"alfauna AG","description":"","publisher":{"@id":"https:\/\/www.alfauna.ch\/fr\/#organization"},"potentialAction":[{"@type":"SearchAction","target":{"@type":"EntryPoint","urlTemplate":"https:\/\/www.alfauna.ch\/fr\/?s={search_term_string}"},"query-input":{"@type":"PropertyValueSpecification","valueRequired":true,"valueName":"search_term_string"}}],"inLanguage":"fr-FR"},{"@type":"Organization","@id":"https:\/\/www.alfauna.ch\/fr\/#organization","name":"alfauna AG","url":"https:\/\/www.alfauna.ch\/fr\/","logo":{"@type":"ImageObject","inLanguage":"fr-FR","@id":"https:\/\/www.alfauna.ch\/fr\/#\/schema\/logo\/image\/","url":"https:\/\/www.alfauna.ch\/wp-content\/uploads\/logo_alfauna_230px.png","contentUrl":"https:\/\/www.alfauna.ch\/wp-content\/uploads\/logo_alfauna_230px.png","width":230,"height":123,"caption":"alfauna AG"},"image":{"@id":"https:\/\/www.alfauna.ch\/fr\/#\/schema\/logo\/image\/"}}]}},"tiered_pricing_type":"fixed","tiered_pricing_fixed_rules":{"3":5.4000000000000003552713678800500929355621337890625},"tiered_pricing_product_settings":{"layout":"default","base_unit_name":{"singular":null,"plural":null},"default_variation":null},"tiered_pricing_minimum_quantity":null,"tiered_pricing_roles_data":[],"tiered_pricing_percentage_rules":[],"_links":{"self":[{"href":"https:\/\/www.alfauna.ch\/fr\/wp-json\/wp\/v2\/product\/214793","targetHints":{"allow":["GET"]}}],"collection":[{"href":"https:\/\/www.alfauna.ch\/fr\/wp-json\/wp\/v2\/product"}],"about":[{"href":"https:\/\/www.alfauna.ch\/fr\/wp-json\/wp\/v2\/types\/product"}],"wp:featuredmedia":[{"embeddable":true,"href":"https:\/\/www.alfauna.ch\/fr\/wp-json\/wp\/v2\/media\/545026"}],"wp:attachment":[{"href":"https:\/\/www.alfauna.ch\/fr\/wp-json\/wp\/v2\/media?parent=214793"}],"wp:term":[{"taxonomy":"product_brand","embeddable":true,"href":"https:\/\/www.alfauna.ch\/fr\/wp-json\/wp\/v2\/product_brand?post=214793"},{"taxonomy":"product_cat","embeddable":true,"href":"https:\/\/www.alfauna.ch\/fr\/wp-json\/wp\/v2\/product_cat?post=214793"},{"taxonomy":"product_tag","embeddable":true,"href":"https:\/\/www.alfauna.ch\/fr\/wp-json\/wp\/v2\/product_tag?post=214793"}],"curies":[{"name":"wp","href":"https:\/\/api.w.org\/{rel}","templated":true}]}}