{"id":213769,"date":"2013-12-12T00:00:00","date_gmt":"2013-12-11T23:00:00","guid":{"rendered":"https:\/\/www.alfauna.ch.vasco.sui-inter.net\/shop\/non%20class\u00e9\/sac-maxima-agrandissable-polyester\/"},"modified":"2026-04-19T05:24:25","modified_gmt":"2026-04-19T03:24:25","slug":"sac-maxima-agrandissable-polyester-33x32x54cm","status":"publish","type":"product","link":"https:\/\/www.alfauna.ch\/fr\/boutique\/chiens\/en-route\/caisses-sacs-de-transport\/sac-maxima-agrandissable-polyester-33x32x54cm\/","title":{"rendered":"Sac Maxima, agrandissable, polyester"},"content":{"rendered":"<p>la surface de couchage peut \u00eatre doubl\u00e9e en repliant la poche sur c\u00f4t\u00e9s<br \/>\nouverture frontale et par le haut<br \/>\navec poche ext\u00e9rieure<br \/>\nbandouli\u00e8re amovible et r\u00e9glable en continu<br \/>\navec laisse courte int\u00e9gr\u00e9e<br \/>\nfond rembourr\u00e9, amovible<br \/>\nen jacquard<\/p>\n","protected":false},"excerpt":{"rendered":"<p>la surface de couchage peut \u00eatre doubl\u00e9e en repliant la poche sur c\u00f4t\u00e9s ouverture frontale et par le haut avec poche ext\u00e9rieure bandouli\u00e8re amovible et r\u00e9glable en continu avec laisse courte int\u00e9gr\u00e9e fond rembourr\u00e9, amovible en jacquard<\/p>\n","protected":false},"featured_media":542706,"template":"","meta":{"_acf_changed":false},"product_brand":[],"product_cat":[3685,3715,3756,3094,3475],"product_tag":[],"class_list":{"0":"post-213769","1":"product","2":"type-product","3":"status-publish","4":"has-post-thumbnail","6":"product_cat-en-route","7":"product_cat-paniers-de-transport-chatieres","8":"product_cat-caisses-sacs-de-transport","9":"product_cat-chiens","10":"product_cat-chats","12":"first","13":"instock","14":"taxable","15":"shipping-taxable","16":"product-type-simple"},"acf":[],"yoast_head":"<!-- This site is optimized with the Yoast SEO plugin v25.8 - https:\/\/yoast.com\/wordpress\/plugins\/seo\/ -->\n<title>Sac Maxima, agrandissable, polyester - alfauna AG<\/title>\n<meta name=\"robots\" content=\"index, follow, max-snippet:-1, max-image-preview:large, max-video-preview:-1\" \/>\n<link rel=\"canonical\" href=\"https:\/\/www.alfauna.ch\/fr\/boutique\/chiens\/en-route\/caisses-sacs-de-transport\/sac-maxima-agrandissable-polyester-33x32x54cm\/\" \/>\n<meta property=\"og:locale\" content=\"fr_FR\" \/>\n<meta property=\"og:type\" content=\"article\" \/>\n<meta property=\"og:title\" content=\"Sac Maxima, agrandissable, polyester - alfauna AG\" \/>\n<meta property=\"og:description\" content=\"la surface de couchage peut \u00eatre doubl\u00e9e en repliant la poche sur c\u00f4t\u00e9s ouverture frontale et par le haut avec poche ext\u00e9rieure bandouli\u00e8re amovible et r\u00e9glable en continu avec laisse courte int\u00e9gr\u00e9e fond rembourr\u00e9, amovible en jacquard\" \/>\n<meta property=\"og:url\" content=\"https:\/\/www.alfauna.ch\/fr\/boutique\/chiens\/en-route\/caisses-sacs-de-transport\/sac-maxima-agrandissable-polyester-33x32x54cm\/\" \/>\n<meta property=\"og:site_name\" content=\"alfauna AG\" \/>\n<meta property=\"article:modified_time\" content=\"2026-04-19T03:24:25+00:00\" \/>\n<meta property=\"og:image\" content=\"https:\/\/www.alfauna.ch\/wp-content\/uploads\/2024\/04\/T28903_gr.jpg\" \/>\n\t<meta property=\"og:image:width\" content=\"1600\" \/>\n\t<meta property=\"og:image:height\" content=\"962\" \/>\n\t<meta property=\"og:image:type\" content=\"image\/jpeg\" \/>\n<meta name=\"twitter:card\" content=\"summary_large_image\" \/>\n<script type=\"application\/ld+json\" class=\"yoast-schema-graph\">{\"@context\":\"https:\/\/schema.org\",\"@graph\":[{\"@type\":\"WebPage\",\"@id\":\"https:\/\/www.alfauna.ch\/fr\/boutique\/chiens\/en-route\/caisses-sacs-de-transport\/sac-maxima-agrandissable-polyester-33x32x54cm\/\",\"url\":\"https:\/\/www.alfauna.ch\/fr\/boutique\/chiens\/en-route\/caisses-sacs-de-transport\/sac-maxima-agrandissable-polyester-33x32x54cm\/\",\"name\":\"Sac Maxima, agrandissable, polyester - alfauna AG\",\"isPartOf\":{\"@id\":\"https:\/\/www.alfauna.ch\/fr\/#website\"},\"primaryImageOfPage\":{\"@id\":\"https:\/\/www.alfauna.ch\/fr\/boutique\/chiens\/en-route\/caisses-sacs-de-transport\/sac-maxima-agrandissable-polyester-33x32x54cm\/#primaryimage\"},\"image\":{\"@id\":\"https:\/\/www.alfauna.ch\/fr\/boutique\/chiens\/en-route\/caisses-sacs-de-transport\/sac-maxima-agrandissable-polyester-33x32x54cm\/#primaryimage\"},\"thumbnailUrl\":\"https:\/\/www.alfauna.ch\/wp-content\/uploads\/2024\/04\/T28903_gr.jpg\",\"datePublished\":\"2013-12-11T23:00:00+00:00\",\"dateModified\":\"2026-04-19T03:24:25+00:00\",\"breadcrumb\":{\"@id\":\"https:\/\/www.alfauna.ch\/fr\/boutique\/chiens\/en-route\/caisses-sacs-de-transport\/sac-maxima-agrandissable-polyester-33x32x54cm\/#breadcrumb\"},\"inLanguage\":\"fr-FR\",\"potentialAction\":[{\"@type\":\"ReadAction\",\"target\":[\"https:\/\/www.alfauna.ch\/fr\/boutique\/chiens\/en-route\/caisses-sacs-de-transport\/sac-maxima-agrandissable-polyester-33x32x54cm\/\"]}]},{\"@type\":\"ImageObject\",\"inLanguage\":\"fr-FR\",\"@id\":\"https:\/\/www.alfauna.ch\/fr\/boutique\/chiens\/en-route\/caisses-sacs-de-transport\/sac-maxima-agrandissable-polyester-33x32x54cm\/#primaryimage\",\"url\":\"https:\/\/www.alfauna.ch\/wp-content\/uploads\/2024\/04\/T28903_gr.jpg\",\"contentUrl\":\"https:\/\/www.alfauna.ch\/wp-content\/uploads\/2024\/04\/T28903_gr.jpg\",\"width\":1600,\"height\":962},{\"@type\":\"BreadcrumbList\",\"@id\":\"https:\/\/www.alfauna.ch\/fr\/boutique\/chiens\/en-route\/caisses-sacs-de-transport\/sac-maxima-agrandissable-polyester-33x32x54cm\/#breadcrumb\",\"itemListElement\":[{\"@type\":\"ListItem\",\"position\":1,\"name\":\"Startseite\",\"item\":\"https:\/\/www.alfauna.ch\/fr\/\"},{\"@type\":\"ListItem\",\"position\":2,\"name\":\"Boutique\",\"item\":\"https:\/\/www.alfauna.ch\/fr\/boutique\/\"},{\"@type\":\"ListItem\",\"position\":3,\"name\":\"Sac Maxima, agrandissable, polyester\"}]},{\"@type\":\"WebSite\",\"@id\":\"https:\/\/www.alfauna.ch\/fr\/#website\",\"url\":\"https:\/\/www.alfauna.ch\/fr\/\",\"name\":\"alfauna AG\",\"description\":\"\",\"publisher\":{\"@id\":\"https:\/\/www.alfauna.ch\/fr\/#organization\"},\"potentialAction\":[{\"@type\":\"SearchAction\",\"target\":{\"@type\":\"EntryPoint\",\"urlTemplate\":\"https:\/\/www.alfauna.ch\/fr\/?s={search_term_string}\"},\"query-input\":{\"@type\":\"PropertyValueSpecification\",\"valueRequired\":true,\"valueName\":\"search_term_string\"}}],\"inLanguage\":\"fr-FR\"},{\"@type\":\"Organization\",\"@id\":\"https:\/\/www.alfauna.ch\/fr\/#organization\",\"name\":\"alfauna AG\",\"url\":\"https:\/\/www.alfauna.ch\/fr\/\",\"logo\":{\"@type\":\"ImageObject\",\"inLanguage\":\"fr-FR\",\"@id\":\"https:\/\/www.alfauna.ch\/fr\/#\/schema\/logo\/image\/\",\"url\":\"https:\/\/www.alfauna.ch\/wp-content\/uploads\/logo_alfauna_230px.png\",\"contentUrl\":\"https:\/\/www.alfauna.ch\/wp-content\/uploads\/logo_alfauna_230px.png\",\"width\":230,\"height\":123,\"caption\":\"alfauna AG\"},\"image\":{\"@id\":\"https:\/\/www.alfauna.ch\/fr\/#\/schema\/logo\/image\/\"}}]}<\/script>\n<!-- \/ Yoast SEO plugin. -->","yoast_head_json":{"title":"Sac Maxima, agrandissable, polyester - alfauna AG","robots":{"index":"index","follow":"follow","max-snippet":"max-snippet:-1","max-image-preview":"max-image-preview:large","max-video-preview":"max-video-preview:-1"},"canonical":"https:\/\/www.alfauna.ch\/fr\/boutique\/chiens\/en-route\/caisses-sacs-de-transport\/sac-maxima-agrandissable-polyester-33x32x54cm\/","og_locale":"fr_FR","og_type":"article","og_title":"Sac Maxima, agrandissable, polyester - alfauna AG","og_description":"la surface de couchage peut \u00eatre doubl\u00e9e en repliant la poche sur c\u00f4t\u00e9s ouverture frontale et par le haut avec poche ext\u00e9rieure bandouli\u00e8re amovible et r\u00e9glable en continu avec laisse courte int\u00e9gr\u00e9e fond rembourr\u00e9, amovible en jacquard","og_url":"https:\/\/www.alfauna.ch\/fr\/boutique\/chiens\/en-route\/caisses-sacs-de-transport\/sac-maxima-agrandissable-polyester-33x32x54cm\/","og_site_name":"alfauna AG","article_modified_time":"2026-04-19T03:24:25+00:00","og_image":[{"width":1600,"height":962,"url":"https:\/\/www.alfauna.ch\/wp-content\/uploads\/2024\/04\/T28903_gr.jpg","type":"image\/jpeg"}],"twitter_card":"summary_large_image","schema":{"@context":"https:\/\/schema.org","@graph":[{"@type":"WebPage","@id":"https:\/\/www.alfauna.ch\/fr\/boutique\/chiens\/en-route\/caisses-sacs-de-transport\/sac-maxima-agrandissable-polyester-33x32x54cm\/","url":"https:\/\/www.alfauna.ch\/fr\/boutique\/chiens\/en-route\/caisses-sacs-de-transport\/sac-maxima-agrandissable-polyester-33x32x54cm\/","name":"Sac Maxima, agrandissable, polyester - alfauna AG","isPartOf":{"@id":"https:\/\/www.alfauna.ch\/fr\/#website"},"primaryImageOfPage":{"@id":"https:\/\/www.alfauna.ch\/fr\/boutique\/chiens\/en-route\/caisses-sacs-de-transport\/sac-maxima-agrandissable-polyester-33x32x54cm\/#primaryimage"},"image":{"@id":"https:\/\/www.alfauna.ch\/fr\/boutique\/chiens\/en-route\/caisses-sacs-de-transport\/sac-maxima-agrandissable-polyester-33x32x54cm\/#primaryimage"},"thumbnailUrl":"https:\/\/www.alfauna.ch\/wp-content\/uploads\/2024\/04\/T28903_gr.jpg","datePublished":"2013-12-11T23:00:00+00:00","dateModified":"2026-04-19T03:24:25+00:00","breadcrumb":{"@id":"https:\/\/www.alfauna.ch\/fr\/boutique\/chiens\/en-route\/caisses-sacs-de-transport\/sac-maxima-agrandissable-polyester-33x32x54cm\/#breadcrumb"},"inLanguage":"fr-FR","potentialAction":[{"@type":"ReadAction","target":["https:\/\/www.alfauna.ch\/fr\/boutique\/chiens\/en-route\/caisses-sacs-de-transport\/sac-maxima-agrandissable-polyester-33x32x54cm\/"]}]},{"@type":"ImageObject","inLanguage":"fr-FR","@id":"https:\/\/www.alfauna.ch\/fr\/boutique\/chiens\/en-route\/caisses-sacs-de-transport\/sac-maxima-agrandissable-polyester-33x32x54cm\/#primaryimage","url":"https:\/\/www.alfauna.ch\/wp-content\/uploads\/2024\/04\/T28903_gr.jpg","contentUrl":"https:\/\/www.alfauna.ch\/wp-content\/uploads\/2024\/04\/T28903_gr.jpg","width":1600,"height":962},{"@type":"BreadcrumbList","@id":"https:\/\/www.alfauna.ch\/fr\/boutique\/chiens\/en-route\/caisses-sacs-de-transport\/sac-maxima-agrandissable-polyester-33x32x54cm\/#breadcrumb","itemListElement":[{"@type":"ListItem","position":1,"name":"Startseite","item":"https:\/\/www.alfauna.ch\/fr\/"},{"@type":"ListItem","position":2,"name":"Boutique","item":"https:\/\/www.alfauna.ch\/fr\/boutique\/"},{"@type":"ListItem","position":3,"name":"Sac Maxima, agrandissable, polyester"}]},{"@type":"WebSite","@id":"https:\/\/www.alfauna.ch\/fr\/#website","url":"https:\/\/www.alfauna.ch\/fr\/","name":"alfauna AG","description":"","publisher":{"@id":"https:\/\/www.alfauna.ch\/fr\/#organization"},"potentialAction":[{"@type":"SearchAction","target":{"@type":"EntryPoint","urlTemplate":"https:\/\/www.alfauna.ch\/fr\/?s={search_term_string}"},"query-input":{"@type":"PropertyValueSpecification","valueRequired":true,"valueName":"search_term_string"}}],"inLanguage":"fr-FR"},{"@type":"Organization","@id":"https:\/\/www.alfauna.ch\/fr\/#organization","name":"alfauna AG","url":"https:\/\/www.alfauna.ch\/fr\/","logo":{"@type":"ImageObject","inLanguage":"fr-FR","@id":"https:\/\/www.alfauna.ch\/fr\/#\/schema\/logo\/image\/","url":"https:\/\/www.alfauna.ch\/wp-content\/uploads\/logo_alfauna_230px.png","contentUrl":"https:\/\/www.alfauna.ch\/wp-content\/uploads\/logo_alfauna_230px.png","width":230,"height":123,"caption":"alfauna AG"},"image":{"@id":"https:\/\/www.alfauna.ch\/fr\/#\/schema\/logo\/image\/"}}]}},"tiered_pricing_type":"fixed","tiered_pricing_fixed_rules":[],"tiered_pricing_product_settings":{"layout":"default","base_unit_name":{"singular":null,"plural":null},"default_variation":null},"tiered_pricing_minimum_quantity":null,"tiered_pricing_roles_data":[],"tiered_pricing_percentage_rules":[],"_links":{"self":[{"href":"https:\/\/www.alfauna.ch\/fr\/wp-json\/wp\/v2\/product\/213769","targetHints":{"allow":["GET"]}}],"collection":[{"href":"https:\/\/www.alfauna.ch\/fr\/wp-json\/wp\/v2\/product"}],"about":[{"href":"https:\/\/www.alfauna.ch\/fr\/wp-json\/wp\/v2\/types\/product"}],"wp:featuredmedia":[{"embeddable":true,"href":"https:\/\/www.alfauna.ch\/fr\/wp-json\/wp\/v2\/media\/542706"}],"wp:attachment":[{"href":"https:\/\/www.alfauna.ch\/fr\/wp-json\/wp\/v2\/media?parent=213769"}],"wp:term":[{"taxonomy":"product_brand","embeddable":true,"href":"https:\/\/www.alfauna.ch\/fr\/wp-json\/wp\/v2\/product_brand?post=213769"},{"taxonomy":"product_cat","embeddable":true,"href":"https:\/\/www.alfauna.ch\/fr\/wp-json\/wp\/v2\/product_cat?post=213769"},{"taxonomy":"product_tag","embeddable":true,"href":"https:\/\/www.alfauna.ch\/fr\/wp-json\/wp\/v2\/product_tag?post=213769"}],"curies":[{"name":"wp","href":"https:\/\/api.w.org\/{rel}","templated":true}]}}