{"id":212119,"date":"2013-12-12T00:00:00","date_gmt":"2013-12-11T23:00:00","guid":{"rendered":"https:\/\/www.alfauna.ch.vasco.sui-inter.net\/shop\/non%20class\u00e9\/ciceau-de-luxe-petit\/"},"modified":"2026-04-18T05:29:56","modified_gmt":"2026-04-18T03:29:56","slug":"ciceau-de-luxe-petit-13cm","status":"publish","type":"product","link":"https:\/\/www.alfauna.ch\/fr\/boutique\/chats\/soins-hygiene-et-sante-chats\/ciceau-de-luxe-petit-13cm\/","title":{"rendered":"Ciceau de luxe petit"},"content":{"rendered":"<p>art 2367 pour petits chiens, chats, petits animaux et oiseaux<br \/>\nart 2368 pour petits chiens<br \/>\nfermeture s\u00e9curis\u00e9e<br \/>\navec limiteur suppl\u00e9mentaire pour \u00e9viter de couper la griffe trop court<br \/>\nen acier inoxydable<br \/>\npoign\u00e9es en plastique avec rev\u00eatement<\/p>\n","protected":false},"excerpt":{"rendered":"<p>art 2367 pour petits chiens, chats, petits animaux et oiseaux art 2368 pour petits chiens fermeture s\u00e9curis\u00e9e avec limiteur suppl\u00e9mentaire pour \u00e9viter de couper la griffe trop court en acier inoxydable poign\u00e9es en plastique avec rev\u00eatement<\/p>\n","protected":false},"featured_media":571405,"template":"","meta":{"_acf_changed":false},"product_brand":[],"product_cat":[3680,3696,3094,3475],"product_tag":[],"class_list":{"0":"post-212119","1":"product","2":"type-product","3":"status-publish","4":"has-post-thumbnail","6":"product_cat-soins-hygiene-et-sante","7":"product_cat-soins-hygiene-et-sante-chats","8":"product_cat-chiens","9":"product_cat-chats","11":"first","12":"instock","13":"taxable","14":"shipping-taxable","15":"product-type-simple"},"acf":[],"yoast_head":"<!-- This site is optimized with the Yoast SEO plugin v25.8 - https:\/\/yoast.com\/wordpress\/plugins\/seo\/ -->\n<title>Ciceau de luxe petit - alfauna AG<\/title>\n<meta name=\"robots\" content=\"index, follow, max-snippet:-1, max-image-preview:large, max-video-preview:-1\" \/>\n<link rel=\"canonical\" href=\"https:\/\/www.alfauna.ch\/fr\/boutique\/chats\/soins-hygiene-et-sante-chats\/ciceau-de-luxe-petit-13cm\/\" \/>\n<meta property=\"og:locale\" content=\"fr_FR\" \/>\n<meta property=\"og:type\" content=\"article\" \/>\n<meta property=\"og:title\" content=\"Ciceau de luxe petit - alfauna AG\" \/>\n<meta property=\"og:description\" content=\"art 2367 pour petits chiens, chats, petits animaux et oiseaux art 2368 pour petits chiens fermeture s\u00e9curis\u00e9e avec limiteur suppl\u00e9mentaire pour \u00e9viter de couper la griffe trop court en acier inoxydable poign\u00e9es en plastique avec rev\u00eatement\" \/>\n<meta property=\"og:url\" content=\"https:\/\/www.alfauna.ch\/fr\/boutique\/chats\/soins-hygiene-et-sante-chats\/ciceau-de-luxe-petit-13cm\/\" \/>\n<meta property=\"og:site_name\" content=\"alfauna AG\" \/>\n<meta property=\"article:modified_time\" content=\"2026-04-18T03:29:56+00:00\" \/>\n<meta property=\"og:image\" content=\"https:\/\/www.alfauna.ch\/wp-content\/uploads\/2024\/11\/T2367_gr.jpg\" \/>\n\t<meta property=\"og:image:width\" content=\"1200\" \/>\n\t<meta property=\"og:image:height\" content=\"1908\" \/>\n\t<meta property=\"og:image:type\" content=\"image\/jpeg\" \/>\n<meta name=\"twitter:card\" content=\"summary_large_image\" \/>\n<script type=\"application\/ld+json\" class=\"yoast-schema-graph\">{\"@context\":\"https:\/\/schema.org\",\"@graph\":[{\"@type\":\"WebPage\",\"@id\":\"https:\/\/www.alfauna.ch\/fr\/boutique\/chats\/soins-hygiene-et-sante-chats\/ciceau-de-luxe-petit-13cm\/\",\"url\":\"https:\/\/www.alfauna.ch\/fr\/boutique\/chats\/soins-hygiene-et-sante-chats\/ciceau-de-luxe-petit-13cm\/\",\"name\":\"Ciceau de luxe petit - alfauna AG\",\"isPartOf\":{\"@id\":\"https:\/\/www.alfauna.ch\/fr\/#website\"},\"primaryImageOfPage\":{\"@id\":\"https:\/\/www.alfauna.ch\/fr\/boutique\/chats\/soins-hygiene-et-sante-chats\/ciceau-de-luxe-petit-13cm\/#primaryimage\"},\"image\":{\"@id\":\"https:\/\/www.alfauna.ch\/fr\/boutique\/chats\/soins-hygiene-et-sante-chats\/ciceau-de-luxe-petit-13cm\/#primaryimage\"},\"thumbnailUrl\":\"https:\/\/www.alfauna.ch\/wp-content\/uploads\/2024\/11\/T2367_gr.jpg\",\"datePublished\":\"2013-12-11T23:00:00+00:00\",\"dateModified\":\"2026-04-18T03:29:56+00:00\",\"breadcrumb\":{\"@id\":\"https:\/\/www.alfauna.ch\/fr\/boutique\/chats\/soins-hygiene-et-sante-chats\/ciceau-de-luxe-petit-13cm\/#breadcrumb\"},\"inLanguage\":\"fr-FR\",\"potentialAction\":[{\"@type\":\"ReadAction\",\"target\":[\"https:\/\/www.alfauna.ch\/fr\/boutique\/chats\/soins-hygiene-et-sante-chats\/ciceau-de-luxe-petit-13cm\/\"]}]},{\"@type\":\"ImageObject\",\"inLanguage\":\"fr-FR\",\"@id\":\"https:\/\/www.alfauna.ch\/fr\/boutique\/chats\/soins-hygiene-et-sante-chats\/ciceau-de-luxe-petit-13cm\/#primaryimage\",\"url\":\"https:\/\/www.alfauna.ch\/wp-content\/uploads\/2024\/11\/T2367_gr.jpg\",\"contentUrl\":\"https:\/\/www.alfauna.ch\/wp-content\/uploads\/2024\/11\/T2367_gr.jpg\",\"width\":1200,\"height\":1908},{\"@type\":\"BreadcrumbList\",\"@id\":\"https:\/\/www.alfauna.ch\/fr\/boutique\/chats\/soins-hygiene-et-sante-chats\/ciceau-de-luxe-petit-13cm\/#breadcrumb\",\"itemListElement\":[{\"@type\":\"ListItem\",\"position\":1,\"name\":\"Startseite\",\"item\":\"https:\/\/www.alfauna.ch\/fr\/\"},{\"@type\":\"ListItem\",\"position\":2,\"name\":\"Boutique\",\"item\":\"https:\/\/www.alfauna.ch\/fr\/boutique\/\"},{\"@type\":\"ListItem\",\"position\":3,\"name\":\"Ciceau de luxe petit\"}]},{\"@type\":\"WebSite\",\"@id\":\"https:\/\/www.alfauna.ch\/fr\/#website\",\"url\":\"https:\/\/www.alfauna.ch\/fr\/\",\"name\":\"alfauna AG\",\"description\":\"\",\"publisher\":{\"@id\":\"https:\/\/www.alfauna.ch\/fr\/#organization\"},\"potentialAction\":[{\"@type\":\"SearchAction\",\"target\":{\"@type\":\"EntryPoint\",\"urlTemplate\":\"https:\/\/www.alfauna.ch\/fr\/?s={search_term_string}\"},\"query-input\":{\"@type\":\"PropertyValueSpecification\",\"valueRequired\":true,\"valueName\":\"search_term_string\"}}],\"inLanguage\":\"fr-FR\"},{\"@type\":\"Organization\",\"@id\":\"https:\/\/www.alfauna.ch\/fr\/#organization\",\"name\":\"alfauna AG\",\"url\":\"https:\/\/www.alfauna.ch\/fr\/\",\"logo\":{\"@type\":\"ImageObject\",\"inLanguage\":\"fr-FR\",\"@id\":\"https:\/\/www.alfauna.ch\/fr\/#\/schema\/logo\/image\/\",\"url\":\"https:\/\/www.alfauna.ch\/wp-content\/uploads\/logo_alfauna_230px.png\",\"contentUrl\":\"https:\/\/www.alfauna.ch\/wp-content\/uploads\/logo_alfauna_230px.png\",\"width\":230,\"height\":123,\"caption\":\"alfauna AG\"},\"image\":{\"@id\":\"https:\/\/www.alfauna.ch\/fr\/#\/schema\/logo\/image\/\"}}]}<\/script>\n<!-- \/ Yoast SEO plugin. -->","yoast_head_json":{"title":"Ciceau de luxe petit - alfauna AG","robots":{"index":"index","follow":"follow","max-snippet":"max-snippet:-1","max-image-preview":"max-image-preview:large","max-video-preview":"max-video-preview:-1"},"canonical":"https:\/\/www.alfauna.ch\/fr\/boutique\/chats\/soins-hygiene-et-sante-chats\/ciceau-de-luxe-petit-13cm\/","og_locale":"fr_FR","og_type":"article","og_title":"Ciceau de luxe petit - alfauna AG","og_description":"art 2367 pour petits chiens, chats, petits animaux et oiseaux art 2368 pour petits chiens fermeture s\u00e9curis\u00e9e avec limiteur suppl\u00e9mentaire pour \u00e9viter de couper la griffe trop court en acier inoxydable poign\u00e9es en plastique avec rev\u00eatement","og_url":"https:\/\/www.alfauna.ch\/fr\/boutique\/chats\/soins-hygiene-et-sante-chats\/ciceau-de-luxe-petit-13cm\/","og_site_name":"alfauna AG","article_modified_time":"2026-04-18T03:29:56+00:00","og_image":[{"width":1200,"height":1908,"url":"https:\/\/www.alfauna.ch\/wp-content\/uploads\/2024\/11\/T2367_gr.jpg","type":"image\/jpeg"}],"twitter_card":"summary_large_image","schema":{"@context":"https:\/\/schema.org","@graph":[{"@type":"WebPage","@id":"https:\/\/www.alfauna.ch\/fr\/boutique\/chats\/soins-hygiene-et-sante-chats\/ciceau-de-luxe-petit-13cm\/","url":"https:\/\/www.alfauna.ch\/fr\/boutique\/chats\/soins-hygiene-et-sante-chats\/ciceau-de-luxe-petit-13cm\/","name":"Ciceau de luxe petit - alfauna AG","isPartOf":{"@id":"https:\/\/www.alfauna.ch\/fr\/#website"},"primaryImageOfPage":{"@id":"https:\/\/www.alfauna.ch\/fr\/boutique\/chats\/soins-hygiene-et-sante-chats\/ciceau-de-luxe-petit-13cm\/#primaryimage"},"image":{"@id":"https:\/\/www.alfauna.ch\/fr\/boutique\/chats\/soins-hygiene-et-sante-chats\/ciceau-de-luxe-petit-13cm\/#primaryimage"},"thumbnailUrl":"https:\/\/www.alfauna.ch\/wp-content\/uploads\/2024\/11\/T2367_gr.jpg","datePublished":"2013-12-11T23:00:00+00:00","dateModified":"2026-04-18T03:29:56+00:00","breadcrumb":{"@id":"https:\/\/www.alfauna.ch\/fr\/boutique\/chats\/soins-hygiene-et-sante-chats\/ciceau-de-luxe-petit-13cm\/#breadcrumb"},"inLanguage":"fr-FR","potentialAction":[{"@type":"ReadAction","target":["https:\/\/www.alfauna.ch\/fr\/boutique\/chats\/soins-hygiene-et-sante-chats\/ciceau-de-luxe-petit-13cm\/"]}]},{"@type":"ImageObject","inLanguage":"fr-FR","@id":"https:\/\/www.alfauna.ch\/fr\/boutique\/chats\/soins-hygiene-et-sante-chats\/ciceau-de-luxe-petit-13cm\/#primaryimage","url":"https:\/\/www.alfauna.ch\/wp-content\/uploads\/2024\/11\/T2367_gr.jpg","contentUrl":"https:\/\/www.alfauna.ch\/wp-content\/uploads\/2024\/11\/T2367_gr.jpg","width":1200,"height":1908},{"@type":"BreadcrumbList","@id":"https:\/\/www.alfauna.ch\/fr\/boutique\/chats\/soins-hygiene-et-sante-chats\/ciceau-de-luxe-petit-13cm\/#breadcrumb","itemListElement":[{"@type":"ListItem","position":1,"name":"Startseite","item":"https:\/\/www.alfauna.ch\/fr\/"},{"@type":"ListItem","position":2,"name":"Boutique","item":"https:\/\/www.alfauna.ch\/fr\/boutique\/"},{"@type":"ListItem","position":3,"name":"Ciceau de luxe petit"}]},{"@type":"WebSite","@id":"https:\/\/www.alfauna.ch\/fr\/#website","url":"https:\/\/www.alfauna.ch\/fr\/","name":"alfauna AG","description":"","publisher":{"@id":"https:\/\/www.alfauna.ch\/fr\/#organization"},"potentialAction":[{"@type":"SearchAction","target":{"@type":"EntryPoint","urlTemplate":"https:\/\/www.alfauna.ch\/fr\/?s={search_term_string}"},"query-input":{"@type":"PropertyValueSpecification","valueRequired":true,"valueName":"search_term_string"}}],"inLanguage":"fr-FR"},{"@type":"Organization","@id":"https:\/\/www.alfauna.ch\/fr\/#organization","name":"alfauna AG","url":"https:\/\/www.alfauna.ch\/fr\/","logo":{"@type":"ImageObject","inLanguage":"fr-FR","@id":"https:\/\/www.alfauna.ch\/fr\/#\/schema\/logo\/image\/","url":"https:\/\/www.alfauna.ch\/wp-content\/uploads\/logo_alfauna_230px.png","contentUrl":"https:\/\/www.alfauna.ch\/wp-content\/uploads\/logo_alfauna_230px.png","width":230,"height":123,"caption":"alfauna AG"},"image":{"@id":"https:\/\/www.alfauna.ch\/fr\/#\/schema\/logo\/image\/"}}]}},"tiered_pricing_type":"fixed","tiered_pricing_fixed_rules":{"3":5},"tiered_pricing_product_settings":{"layout":"default","base_unit_name":{"singular":null,"plural":null},"default_variation":null},"tiered_pricing_minimum_quantity":null,"tiered_pricing_roles_data":[],"tiered_pricing_percentage_rules":[],"_links":{"self":[{"href":"https:\/\/www.alfauna.ch\/fr\/wp-json\/wp\/v2\/product\/212119","targetHints":{"allow":["GET"]}}],"collection":[{"href":"https:\/\/www.alfauna.ch\/fr\/wp-json\/wp\/v2\/product"}],"about":[{"href":"https:\/\/www.alfauna.ch\/fr\/wp-json\/wp\/v2\/types\/product"}],"wp:featuredmedia":[{"embeddable":true,"href":"https:\/\/www.alfauna.ch\/fr\/wp-json\/wp\/v2\/media\/571405"}],"wp:attachment":[{"href":"https:\/\/www.alfauna.ch\/fr\/wp-json\/wp\/v2\/media?parent=212119"}],"wp:term":[{"taxonomy":"product_brand","embeddable":true,"href":"https:\/\/www.alfauna.ch\/fr\/wp-json\/wp\/v2\/product_brand?post=212119"},{"taxonomy":"product_cat","embeddable":true,"href":"https:\/\/www.alfauna.ch\/fr\/wp-json\/wp\/v2\/product_cat?post=212119"},{"taxonomy":"product_tag","embeddable":true,"href":"https:\/\/www.alfauna.ch\/fr\/wp-json\/wp\/v2\/product_tag?post=212119"}],"curies":[{"name":"wp","href":"https:\/\/api.w.org\/{rel}","templated":true}]}}