{"id":210566,"date":"2015-07-10T00:00:00","date_gmt":"2015-07-09T22:00:00","guid":{"rendered":"https:\/\/www.alfauna.ch.vasco.sui-inter.net\/shop\/non%20class\u00e9\/bottes-de-protection-walker-active-2-pcs\/"},"modified":"2026-04-19T05:18:38","modified_gmt":"2026-04-19T03:18:38","slug":"bottes-de-protection-walker-active-2-pcs-xs","status":"publish","type":"product","link":"https:\/\/www.alfauna.ch\/fr\/boutique\/chiens\/soins-hygiene-et-sante\/bottes-de-protection-walker-active-2-pcs-xs\/","title":{"rendered":"Bottes de protection Walker Active, 2 Pcs"},"content":{"rendered":"<p>anti-d\u00e9rapantes gr\u00e2ce \u00e0 la semelle adh\u00e9rente en caoutchouc r\u00e9sistant (PVC)<br \/>\ntissu en maille respirable<br \/>\nconfortables \u00e0 porter<br \/>\nlongue dur\u00e9e<br \/>\nprotection sp\u00e9ciale sur les sols pierreux et chauds<br \/>\nprot\u00e8gent du sel et du sable en hiver<br \/>\navec band<\/p>\n","protected":false},"excerpt":{"rendered":"<p>anti-d\u00e9rapantes gr\u00e2ce \u00e0 la semelle adh\u00e9rente en caoutchouc r\u00e9sistant (PVC) tissu en maille respirable confortables \u00e0 porter longue dur\u00e9e protection sp\u00e9ciale sur les sols pierreux et chauds prot\u00e8gent du sel et du sable en hiver avec band<\/p>\n","protected":false},"featured_media":537442,"template":"","meta":{"_acf_changed":false},"product_brand":[],"product_cat":[3688,3680,3094],"product_tag":[],"class_list":{"0":"post-210566","1":"product","2":"type-product","3":"status-publish","4":"has-post-thumbnail","6":"product_cat-mode-canine","7":"product_cat-soins-hygiene-et-sante","8":"product_cat-chiens","10":"first","11":"instock","12":"taxable","13":"shipping-taxable","14":"product-type-simple"},"acf":[],"yoast_head":"<!-- This site is optimized with the Yoast SEO plugin v25.8 - https:\/\/yoast.com\/wordpress\/plugins\/seo\/ -->\n<title>Bottes de protection Walker Active, 2 Pcs - alfauna AG<\/title>\n<meta name=\"robots\" content=\"index, follow, max-snippet:-1, max-image-preview:large, max-video-preview:-1\" \/>\n<link rel=\"canonical\" href=\"https:\/\/www.alfauna.ch\/fr\/boutique\/chiens\/soins-hygiene-et-sante\/bottes-de-protection-walker-active-2-pcs-xs\/\" \/>\n<meta property=\"og:locale\" content=\"fr_FR\" \/>\n<meta property=\"og:type\" content=\"article\" \/>\n<meta property=\"og:title\" content=\"Bottes de protection Walker Active, 2 Pcs - alfauna AG\" \/>\n<meta property=\"og:description\" content=\"anti-d\u00e9rapantes gr\u00e2ce \u00e0 la semelle adh\u00e9rente en caoutchouc r\u00e9sistant (PVC) tissu en maille respirable confortables \u00e0 porter longue dur\u00e9e protection sp\u00e9ciale sur les sols pierreux et chauds prot\u00e8gent du sel et du sable en hiver avec band\" \/>\n<meta property=\"og:url\" content=\"https:\/\/www.alfauna.ch\/fr\/boutique\/chiens\/soins-hygiene-et-sante\/bottes-de-protection-walker-active-2-pcs-xs\/\" \/>\n<meta property=\"og:site_name\" content=\"alfauna AG\" \/>\n<meta property=\"article:modified_time\" content=\"2026-04-19T03:18:38+00:00\" \/>\n<meta property=\"og:image\" content=\"https:\/\/www.alfauna.ch\/wp-content\/uploads\/2024\/04\/T19460_gr.jpg\" \/>\n\t<meta property=\"og:image:width\" content=\"1336\" \/>\n\t<meta property=\"og:image:height\" content=\"1200\" \/>\n\t<meta property=\"og:image:type\" content=\"image\/jpeg\" \/>\n<meta name=\"twitter:card\" content=\"summary_large_image\" \/>\n<script type=\"application\/ld+json\" class=\"yoast-schema-graph\">{\"@context\":\"https:\/\/schema.org\",\"@graph\":[{\"@type\":\"WebPage\",\"@id\":\"https:\/\/www.alfauna.ch\/fr\/boutique\/chiens\/soins-hygiene-et-sante\/bottes-de-protection-walker-active-2-pcs-xs\/\",\"url\":\"https:\/\/www.alfauna.ch\/fr\/boutique\/chiens\/soins-hygiene-et-sante\/bottes-de-protection-walker-active-2-pcs-xs\/\",\"name\":\"Bottes de protection Walker Active, 2 Pcs - alfauna AG\",\"isPartOf\":{\"@id\":\"https:\/\/www.alfauna.ch\/fr\/#website\"},\"primaryImageOfPage\":{\"@id\":\"https:\/\/www.alfauna.ch\/fr\/boutique\/chiens\/soins-hygiene-et-sante\/bottes-de-protection-walker-active-2-pcs-xs\/#primaryimage\"},\"image\":{\"@id\":\"https:\/\/www.alfauna.ch\/fr\/boutique\/chiens\/soins-hygiene-et-sante\/bottes-de-protection-walker-active-2-pcs-xs\/#primaryimage\"},\"thumbnailUrl\":\"https:\/\/www.alfauna.ch\/wp-content\/uploads\/2024\/04\/T19460_gr.jpg\",\"datePublished\":\"2015-07-09T22:00:00+00:00\",\"dateModified\":\"2026-04-19T03:18:38+00:00\",\"breadcrumb\":{\"@id\":\"https:\/\/www.alfauna.ch\/fr\/boutique\/chiens\/soins-hygiene-et-sante\/bottes-de-protection-walker-active-2-pcs-xs\/#breadcrumb\"},\"inLanguage\":\"fr-FR\",\"potentialAction\":[{\"@type\":\"ReadAction\",\"target\":[\"https:\/\/www.alfauna.ch\/fr\/boutique\/chiens\/soins-hygiene-et-sante\/bottes-de-protection-walker-active-2-pcs-xs\/\"]}]},{\"@type\":\"ImageObject\",\"inLanguage\":\"fr-FR\",\"@id\":\"https:\/\/www.alfauna.ch\/fr\/boutique\/chiens\/soins-hygiene-et-sante\/bottes-de-protection-walker-active-2-pcs-xs\/#primaryimage\",\"url\":\"https:\/\/www.alfauna.ch\/wp-content\/uploads\/2024\/04\/T19460_gr.jpg\",\"contentUrl\":\"https:\/\/www.alfauna.ch\/wp-content\/uploads\/2024\/04\/T19460_gr.jpg\",\"width\":1336,\"height\":1200},{\"@type\":\"BreadcrumbList\",\"@id\":\"https:\/\/www.alfauna.ch\/fr\/boutique\/chiens\/soins-hygiene-et-sante\/bottes-de-protection-walker-active-2-pcs-xs\/#breadcrumb\",\"itemListElement\":[{\"@type\":\"ListItem\",\"position\":1,\"name\":\"Startseite\",\"item\":\"https:\/\/www.alfauna.ch\/fr\/\"},{\"@type\":\"ListItem\",\"position\":2,\"name\":\"Boutique\",\"item\":\"https:\/\/www.alfauna.ch\/fr\/boutique\/\"},{\"@type\":\"ListItem\",\"position\":3,\"name\":\"Bottes de protection Walker Active, 2 Pcs\"}]},{\"@type\":\"WebSite\",\"@id\":\"https:\/\/www.alfauna.ch\/fr\/#website\",\"url\":\"https:\/\/www.alfauna.ch\/fr\/\",\"name\":\"alfauna AG\",\"description\":\"\",\"publisher\":{\"@id\":\"https:\/\/www.alfauna.ch\/fr\/#organization\"},\"potentialAction\":[{\"@type\":\"SearchAction\",\"target\":{\"@type\":\"EntryPoint\",\"urlTemplate\":\"https:\/\/www.alfauna.ch\/fr\/?s={search_term_string}\"},\"query-input\":{\"@type\":\"PropertyValueSpecification\",\"valueRequired\":true,\"valueName\":\"search_term_string\"}}],\"inLanguage\":\"fr-FR\"},{\"@type\":\"Organization\",\"@id\":\"https:\/\/www.alfauna.ch\/fr\/#organization\",\"name\":\"alfauna AG\",\"url\":\"https:\/\/www.alfauna.ch\/fr\/\",\"logo\":{\"@type\":\"ImageObject\",\"inLanguage\":\"fr-FR\",\"@id\":\"https:\/\/www.alfauna.ch\/fr\/#\/schema\/logo\/image\/\",\"url\":\"https:\/\/www.alfauna.ch\/wp-content\/uploads\/logo_alfauna_230px.png\",\"contentUrl\":\"https:\/\/www.alfauna.ch\/wp-content\/uploads\/logo_alfauna_230px.png\",\"width\":230,\"height\":123,\"caption\":\"alfauna AG\"},\"image\":{\"@id\":\"https:\/\/www.alfauna.ch\/fr\/#\/schema\/logo\/image\/\"}}]}<\/script>\n<!-- \/ Yoast SEO plugin. -->","yoast_head_json":{"title":"Bottes de protection Walker Active, 2 Pcs - alfauna AG","robots":{"index":"index","follow":"follow","max-snippet":"max-snippet:-1","max-image-preview":"max-image-preview:large","max-video-preview":"max-video-preview:-1"},"canonical":"https:\/\/www.alfauna.ch\/fr\/boutique\/chiens\/soins-hygiene-et-sante\/bottes-de-protection-walker-active-2-pcs-xs\/","og_locale":"fr_FR","og_type":"article","og_title":"Bottes de protection Walker Active, 2 Pcs - alfauna AG","og_description":"anti-d\u00e9rapantes gr\u00e2ce \u00e0 la semelle adh\u00e9rente en caoutchouc r\u00e9sistant (PVC) tissu en maille respirable confortables \u00e0 porter longue dur\u00e9e protection sp\u00e9ciale sur les sols pierreux et chauds prot\u00e8gent du sel et du sable en hiver avec band","og_url":"https:\/\/www.alfauna.ch\/fr\/boutique\/chiens\/soins-hygiene-et-sante\/bottes-de-protection-walker-active-2-pcs-xs\/","og_site_name":"alfauna AG","article_modified_time":"2026-04-19T03:18:38+00:00","og_image":[{"width":1336,"height":1200,"url":"https:\/\/www.alfauna.ch\/wp-content\/uploads\/2024\/04\/T19460_gr.jpg","type":"image\/jpeg"}],"twitter_card":"summary_large_image","schema":{"@context":"https:\/\/schema.org","@graph":[{"@type":"WebPage","@id":"https:\/\/www.alfauna.ch\/fr\/boutique\/chiens\/soins-hygiene-et-sante\/bottes-de-protection-walker-active-2-pcs-xs\/","url":"https:\/\/www.alfauna.ch\/fr\/boutique\/chiens\/soins-hygiene-et-sante\/bottes-de-protection-walker-active-2-pcs-xs\/","name":"Bottes de protection Walker Active, 2 Pcs - alfauna AG","isPartOf":{"@id":"https:\/\/www.alfauna.ch\/fr\/#website"},"primaryImageOfPage":{"@id":"https:\/\/www.alfauna.ch\/fr\/boutique\/chiens\/soins-hygiene-et-sante\/bottes-de-protection-walker-active-2-pcs-xs\/#primaryimage"},"image":{"@id":"https:\/\/www.alfauna.ch\/fr\/boutique\/chiens\/soins-hygiene-et-sante\/bottes-de-protection-walker-active-2-pcs-xs\/#primaryimage"},"thumbnailUrl":"https:\/\/www.alfauna.ch\/wp-content\/uploads\/2024\/04\/T19460_gr.jpg","datePublished":"2015-07-09T22:00:00+00:00","dateModified":"2026-04-19T03:18:38+00:00","breadcrumb":{"@id":"https:\/\/www.alfauna.ch\/fr\/boutique\/chiens\/soins-hygiene-et-sante\/bottes-de-protection-walker-active-2-pcs-xs\/#breadcrumb"},"inLanguage":"fr-FR","potentialAction":[{"@type":"ReadAction","target":["https:\/\/www.alfauna.ch\/fr\/boutique\/chiens\/soins-hygiene-et-sante\/bottes-de-protection-walker-active-2-pcs-xs\/"]}]},{"@type":"ImageObject","inLanguage":"fr-FR","@id":"https:\/\/www.alfauna.ch\/fr\/boutique\/chiens\/soins-hygiene-et-sante\/bottes-de-protection-walker-active-2-pcs-xs\/#primaryimage","url":"https:\/\/www.alfauna.ch\/wp-content\/uploads\/2024\/04\/T19460_gr.jpg","contentUrl":"https:\/\/www.alfauna.ch\/wp-content\/uploads\/2024\/04\/T19460_gr.jpg","width":1336,"height":1200},{"@type":"BreadcrumbList","@id":"https:\/\/www.alfauna.ch\/fr\/boutique\/chiens\/soins-hygiene-et-sante\/bottes-de-protection-walker-active-2-pcs-xs\/#breadcrumb","itemListElement":[{"@type":"ListItem","position":1,"name":"Startseite","item":"https:\/\/www.alfauna.ch\/fr\/"},{"@type":"ListItem","position":2,"name":"Boutique","item":"https:\/\/www.alfauna.ch\/fr\/boutique\/"},{"@type":"ListItem","position":3,"name":"Bottes de protection Walker Active, 2 Pcs"}]},{"@type":"WebSite","@id":"https:\/\/www.alfauna.ch\/fr\/#website","url":"https:\/\/www.alfauna.ch\/fr\/","name":"alfauna AG","description":"","publisher":{"@id":"https:\/\/www.alfauna.ch\/fr\/#organization"},"potentialAction":[{"@type":"SearchAction","target":{"@type":"EntryPoint","urlTemplate":"https:\/\/www.alfauna.ch\/fr\/?s={search_term_string}"},"query-input":{"@type":"PropertyValueSpecification","valueRequired":true,"valueName":"search_term_string"}}],"inLanguage":"fr-FR"},{"@type":"Organization","@id":"https:\/\/www.alfauna.ch\/fr\/#organization","name":"alfauna AG","url":"https:\/\/www.alfauna.ch\/fr\/","logo":{"@type":"ImageObject","inLanguage":"fr-FR","@id":"https:\/\/www.alfauna.ch\/fr\/#\/schema\/logo\/image\/","url":"https:\/\/www.alfauna.ch\/wp-content\/uploads\/logo_alfauna_230px.png","contentUrl":"https:\/\/www.alfauna.ch\/wp-content\/uploads\/logo_alfauna_230px.png","width":230,"height":123,"caption":"alfauna AG"},"image":{"@id":"https:\/\/www.alfauna.ch\/fr\/#\/schema\/logo\/image\/"}}]}},"tiered_pricing_type":"fixed","tiered_pricing_fixed_rules":[],"tiered_pricing_product_settings":{"layout":"default","base_unit_name":{"singular":null,"plural":null},"default_variation":null},"tiered_pricing_minimum_quantity":null,"tiered_pricing_roles_data":[],"tiered_pricing_percentage_rules":[],"_links":{"self":[{"href":"https:\/\/www.alfauna.ch\/fr\/wp-json\/wp\/v2\/product\/210566","targetHints":{"allow":["GET"]}}],"collection":[{"href":"https:\/\/www.alfauna.ch\/fr\/wp-json\/wp\/v2\/product"}],"about":[{"href":"https:\/\/www.alfauna.ch\/fr\/wp-json\/wp\/v2\/types\/product"}],"wp:featuredmedia":[{"embeddable":true,"href":"https:\/\/www.alfauna.ch\/fr\/wp-json\/wp\/v2\/media\/537442"}],"wp:attachment":[{"href":"https:\/\/www.alfauna.ch\/fr\/wp-json\/wp\/v2\/media?parent=210566"}],"wp:term":[{"taxonomy":"product_brand","embeddable":true,"href":"https:\/\/www.alfauna.ch\/fr\/wp-json\/wp\/v2\/product_brand?post=210566"},{"taxonomy":"product_cat","embeddable":true,"href":"https:\/\/www.alfauna.ch\/fr\/wp-json\/wp\/v2\/product_cat?post=210566"},{"taxonomy":"product_tag","embeddable":true,"href":"https:\/\/www.alfauna.ch\/fr\/wp-json\/wp\/v2\/product_tag?post=210566"}],"curies":[{"name":"wp","href":"https:\/\/api.w.org\/{rel}","templated":true}]}}