{"id":210170,"date":"2017-07-04T00:00:00","date_gmt":"2017-07-03T22:00:00","guid":{"rendered":"https:\/\/www.alfauna.ch.vasco.sui-inter.net\/shop\/non%20class\u00e9\/museliere-muzzle-flex-silicone-s-noir\/"},"modified":"2026-04-19T01:17:37","modified_gmt":"2026-04-18T23:17:37","slug":"museliere-muzzle-flex-silicone-s-noir","status":"publish","type":"product","link":"https:\/\/www.alfauna.ch\/fr\/boutique\/chiens\/muselieres-boucles\/museliere-muzzle-flex-silicone-s-noir\/","title":{"rendered":"Museli\u00e8re Muzzle Flex, silicone, S, noir"},"content":{"rendered":"<p>en silicone\/nylon\/n\u00e9opr\u00e8ne<br \/>\nforme ergonomique souple et forme stable<br \/>\ntr\u00e8s confortable \u00e0 porter gr\u00e2ce \u00e0 sa forme ergonomique, la silicone souple ind\u00e9formable et attaches en n\u00e9opr\u00e8ne matelass\u00e9 au niveau du visage et du cou<br \/>\naucun probl\u00e8me pour halet<\/p>\n","protected":false},"excerpt":{"rendered":"<p>en silicone\/nylon\/n\u00e9opr\u00e8ne forme ergonomique souple et forme stable tr\u00e8s confortable \u00e0 porter gr\u00e2ce \u00e0 sa forme ergonomique, la silicone souple ind\u00e9formable et attaches en n\u00e9opr\u00e8ne matelass\u00e9 au niveau du visage et du cou aucun probl\u00e8me pour halet<\/p>\n","protected":false},"featured_media":536775,"template":"","meta":{"_acf_changed":false},"product_brand":[],"product_cat":[3745,3094],"product_tag":[],"class_list":{"0":"post-210170","1":"product","2":"type-product","3":"status-publish","4":"has-post-thumbnail","6":"product_cat-muselieres-boucles","7":"product_cat-chiens","9":"first","10":"instock","11":"taxable","12":"shipping-taxable","13":"product-type-simple"},"acf":[],"yoast_head":"<!-- This site is optimized with the Yoast SEO plugin v25.8 - https:\/\/yoast.com\/wordpress\/plugins\/seo\/ -->\n<title>Museli\u00e8re Muzzle Flex, silicone, S, noir - alfauna AG<\/title>\n<meta name=\"robots\" content=\"index, follow, max-snippet:-1, max-image-preview:large, max-video-preview:-1\" \/>\n<link rel=\"canonical\" href=\"https:\/\/www.alfauna.ch\/fr\/boutique\/chiens\/muselieres-boucles\/museliere-muzzle-flex-silicone-s-noir\/\" \/>\n<meta property=\"og:locale\" content=\"fr_FR\" \/>\n<meta property=\"og:type\" content=\"article\" \/>\n<meta property=\"og:title\" content=\"Museli\u00e8re Muzzle Flex, silicone, S, noir - alfauna AG\" \/>\n<meta property=\"og:description\" content=\"en silicone\/nylon\/n\u00e9opr\u00e8ne forme ergonomique souple et forme stable tr\u00e8s confortable \u00e0 porter gr\u00e2ce \u00e0 sa forme ergonomique, la silicone souple ind\u00e9formable et attaches en n\u00e9opr\u00e8ne matelass\u00e9 au niveau du visage et du cou aucun probl\u00e8me pour halet\" \/>\n<meta property=\"og:url\" content=\"https:\/\/www.alfauna.ch\/fr\/boutique\/chiens\/muselieres-boucles\/museliere-muzzle-flex-silicone-s-noir\/\" \/>\n<meta property=\"og:site_name\" content=\"alfauna AG\" \/>\n<meta property=\"article:modified_time\" content=\"2026-04-18T23:17:37+00:00\" \/>\n<meta property=\"og:image\" content=\"https:\/\/www.alfauna.ch\/wp-content\/uploads\/2024\/04\/T17611_gr.jpg\" \/>\n\t<meta property=\"og:image:width\" content=\"1600\" \/>\n\t<meta property=\"og:image:height\" content=\"786\" \/>\n\t<meta property=\"og:image:type\" content=\"image\/jpeg\" \/>\n<meta name=\"twitter:card\" content=\"summary_large_image\" \/>\n<script type=\"application\/ld+json\" class=\"yoast-schema-graph\">{\"@context\":\"https:\/\/schema.org\",\"@graph\":[{\"@type\":\"WebPage\",\"@id\":\"https:\/\/www.alfauna.ch\/fr\/boutique\/chiens\/muselieres-boucles\/museliere-muzzle-flex-silicone-s-noir\/\",\"url\":\"https:\/\/www.alfauna.ch\/fr\/boutique\/chiens\/muselieres-boucles\/museliere-muzzle-flex-silicone-s-noir\/\",\"name\":\"Museli\u00e8re Muzzle Flex, silicone, S, noir - alfauna AG\",\"isPartOf\":{\"@id\":\"https:\/\/www.alfauna.ch\/fr\/#website\"},\"primaryImageOfPage\":{\"@id\":\"https:\/\/www.alfauna.ch\/fr\/boutique\/chiens\/muselieres-boucles\/museliere-muzzle-flex-silicone-s-noir\/#primaryimage\"},\"image\":{\"@id\":\"https:\/\/www.alfauna.ch\/fr\/boutique\/chiens\/muselieres-boucles\/museliere-muzzle-flex-silicone-s-noir\/#primaryimage\"},\"thumbnailUrl\":\"https:\/\/www.alfauna.ch\/wp-content\/uploads\/2024\/04\/T17611_gr.jpg\",\"datePublished\":\"2017-07-03T22:00:00+00:00\",\"dateModified\":\"2026-04-18T23:17:37+00:00\",\"breadcrumb\":{\"@id\":\"https:\/\/www.alfauna.ch\/fr\/boutique\/chiens\/muselieres-boucles\/museliere-muzzle-flex-silicone-s-noir\/#breadcrumb\"},\"inLanguage\":\"fr-FR\",\"potentialAction\":[{\"@type\":\"ReadAction\",\"target\":[\"https:\/\/www.alfauna.ch\/fr\/boutique\/chiens\/muselieres-boucles\/museliere-muzzle-flex-silicone-s-noir\/\"]}]},{\"@type\":\"ImageObject\",\"inLanguage\":\"fr-FR\",\"@id\":\"https:\/\/www.alfauna.ch\/fr\/boutique\/chiens\/muselieres-boucles\/museliere-muzzle-flex-silicone-s-noir\/#primaryimage\",\"url\":\"https:\/\/www.alfauna.ch\/wp-content\/uploads\/2024\/04\/T17611_gr.jpg\",\"contentUrl\":\"https:\/\/www.alfauna.ch\/wp-content\/uploads\/2024\/04\/T17611_gr.jpg\",\"width\":1600,\"height\":786},{\"@type\":\"BreadcrumbList\",\"@id\":\"https:\/\/www.alfauna.ch\/fr\/boutique\/chiens\/muselieres-boucles\/museliere-muzzle-flex-silicone-s-noir\/#breadcrumb\",\"itemListElement\":[{\"@type\":\"ListItem\",\"position\":1,\"name\":\"Startseite\",\"item\":\"https:\/\/www.alfauna.ch\/fr\/\"},{\"@type\":\"ListItem\",\"position\":2,\"name\":\"Boutique\",\"item\":\"https:\/\/www.alfauna.ch\/fr\/boutique\/\"},{\"@type\":\"ListItem\",\"position\":3,\"name\":\"Museli\u00e8re Muzzle Flex, silicone, S, noir\"}]},{\"@type\":\"WebSite\",\"@id\":\"https:\/\/www.alfauna.ch\/fr\/#website\",\"url\":\"https:\/\/www.alfauna.ch\/fr\/\",\"name\":\"alfauna AG\",\"description\":\"\",\"publisher\":{\"@id\":\"https:\/\/www.alfauna.ch\/fr\/#organization\"},\"potentialAction\":[{\"@type\":\"SearchAction\",\"target\":{\"@type\":\"EntryPoint\",\"urlTemplate\":\"https:\/\/www.alfauna.ch\/fr\/?s={search_term_string}\"},\"query-input\":{\"@type\":\"PropertyValueSpecification\",\"valueRequired\":true,\"valueName\":\"search_term_string\"}}],\"inLanguage\":\"fr-FR\"},{\"@type\":\"Organization\",\"@id\":\"https:\/\/www.alfauna.ch\/fr\/#organization\",\"name\":\"alfauna AG\",\"url\":\"https:\/\/www.alfauna.ch\/fr\/\",\"logo\":{\"@type\":\"ImageObject\",\"inLanguage\":\"fr-FR\",\"@id\":\"https:\/\/www.alfauna.ch\/fr\/#\/schema\/logo\/image\/\",\"url\":\"https:\/\/www.alfauna.ch\/wp-content\/uploads\/logo_alfauna_230px.png\",\"contentUrl\":\"https:\/\/www.alfauna.ch\/wp-content\/uploads\/logo_alfauna_230px.png\",\"width\":230,\"height\":123,\"caption\":\"alfauna AG\"},\"image\":{\"@id\":\"https:\/\/www.alfauna.ch\/fr\/#\/schema\/logo\/image\/\"}}]}<\/script>\n<!-- \/ Yoast SEO plugin. -->","yoast_head_json":{"title":"Museli\u00e8re Muzzle Flex, silicone, S, noir - alfauna AG","robots":{"index":"index","follow":"follow","max-snippet":"max-snippet:-1","max-image-preview":"max-image-preview:large","max-video-preview":"max-video-preview:-1"},"canonical":"https:\/\/www.alfauna.ch\/fr\/boutique\/chiens\/muselieres-boucles\/museliere-muzzle-flex-silicone-s-noir\/","og_locale":"fr_FR","og_type":"article","og_title":"Museli\u00e8re Muzzle Flex, silicone, S, noir - alfauna AG","og_description":"en silicone\/nylon\/n\u00e9opr\u00e8ne forme ergonomique souple et forme stable tr\u00e8s confortable \u00e0 porter gr\u00e2ce \u00e0 sa forme ergonomique, la silicone souple ind\u00e9formable et attaches en n\u00e9opr\u00e8ne matelass\u00e9 au niveau du visage et du cou aucun probl\u00e8me pour halet","og_url":"https:\/\/www.alfauna.ch\/fr\/boutique\/chiens\/muselieres-boucles\/museliere-muzzle-flex-silicone-s-noir\/","og_site_name":"alfauna AG","article_modified_time":"2026-04-18T23:17:37+00:00","og_image":[{"width":1600,"height":786,"url":"https:\/\/www.alfauna.ch\/wp-content\/uploads\/2024\/04\/T17611_gr.jpg","type":"image\/jpeg"}],"twitter_card":"summary_large_image","schema":{"@context":"https:\/\/schema.org","@graph":[{"@type":"WebPage","@id":"https:\/\/www.alfauna.ch\/fr\/boutique\/chiens\/muselieres-boucles\/museliere-muzzle-flex-silicone-s-noir\/","url":"https:\/\/www.alfauna.ch\/fr\/boutique\/chiens\/muselieres-boucles\/museliere-muzzle-flex-silicone-s-noir\/","name":"Museli\u00e8re Muzzle Flex, silicone, S, noir - alfauna AG","isPartOf":{"@id":"https:\/\/www.alfauna.ch\/fr\/#website"},"primaryImageOfPage":{"@id":"https:\/\/www.alfauna.ch\/fr\/boutique\/chiens\/muselieres-boucles\/museliere-muzzle-flex-silicone-s-noir\/#primaryimage"},"image":{"@id":"https:\/\/www.alfauna.ch\/fr\/boutique\/chiens\/muselieres-boucles\/museliere-muzzle-flex-silicone-s-noir\/#primaryimage"},"thumbnailUrl":"https:\/\/www.alfauna.ch\/wp-content\/uploads\/2024\/04\/T17611_gr.jpg","datePublished":"2017-07-03T22:00:00+00:00","dateModified":"2026-04-18T23:17:37+00:00","breadcrumb":{"@id":"https:\/\/www.alfauna.ch\/fr\/boutique\/chiens\/muselieres-boucles\/museliere-muzzle-flex-silicone-s-noir\/#breadcrumb"},"inLanguage":"fr-FR","potentialAction":[{"@type":"ReadAction","target":["https:\/\/www.alfauna.ch\/fr\/boutique\/chiens\/muselieres-boucles\/museliere-muzzle-flex-silicone-s-noir\/"]}]},{"@type":"ImageObject","inLanguage":"fr-FR","@id":"https:\/\/www.alfauna.ch\/fr\/boutique\/chiens\/muselieres-boucles\/museliere-muzzle-flex-silicone-s-noir\/#primaryimage","url":"https:\/\/www.alfauna.ch\/wp-content\/uploads\/2024\/04\/T17611_gr.jpg","contentUrl":"https:\/\/www.alfauna.ch\/wp-content\/uploads\/2024\/04\/T17611_gr.jpg","width":1600,"height":786},{"@type":"BreadcrumbList","@id":"https:\/\/www.alfauna.ch\/fr\/boutique\/chiens\/muselieres-boucles\/museliere-muzzle-flex-silicone-s-noir\/#breadcrumb","itemListElement":[{"@type":"ListItem","position":1,"name":"Startseite","item":"https:\/\/www.alfauna.ch\/fr\/"},{"@type":"ListItem","position":2,"name":"Boutique","item":"https:\/\/www.alfauna.ch\/fr\/boutique\/"},{"@type":"ListItem","position":3,"name":"Museli\u00e8re Muzzle Flex, silicone, S, noir"}]},{"@type":"WebSite","@id":"https:\/\/www.alfauna.ch\/fr\/#website","url":"https:\/\/www.alfauna.ch\/fr\/","name":"alfauna AG","description":"","publisher":{"@id":"https:\/\/www.alfauna.ch\/fr\/#organization"},"potentialAction":[{"@type":"SearchAction","target":{"@type":"EntryPoint","urlTemplate":"https:\/\/www.alfauna.ch\/fr\/?s={search_term_string}"},"query-input":{"@type":"PropertyValueSpecification","valueRequired":true,"valueName":"search_term_string"}}],"inLanguage":"fr-FR"},{"@type":"Organization","@id":"https:\/\/www.alfauna.ch\/fr\/#organization","name":"alfauna AG","url":"https:\/\/www.alfauna.ch\/fr\/","logo":{"@type":"ImageObject","inLanguage":"fr-FR","@id":"https:\/\/www.alfauna.ch\/fr\/#\/schema\/logo\/image\/","url":"https:\/\/www.alfauna.ch\/wp-content\/uploads\/logo_alfauna_230px.png","contentUrl":"https:\/\/www.alfauna.ch\/wp-content\/uploads\/logo_alfauna_230px.png","width":230,"height":123,"caption":"alfauna AG"},"image":{"@id":"https:\/\/www.alfauna.ch\/fr\/#\/schema\/logo\/image\/"}}]}},"tiered_pricing_type":"fixed","tiered_pricing_fixed_rules":[],"tiered_pricing_product_settings":{"layout":"default","base_unit_name":{"singular":null,"plural":null},"default_variation":null},"tiered_pricing_minimum_quantity":null,"tiered_pricing_roles_data":[],"tiered_pricing_percentage_rules":[],"_links":{"self":[{"href":"https:\/\/www.alfauna.ch\/fr\/wp-json\/wp\/v2\/product\/210170","targetHints":{"allow":["GET"]}}],"collection":[{"href":"https:\/\/www.alfauna.ch\/fr\/wp-json\/wp\/v2\/product"}],"about":[{"href":"https:\/\/www.alfauna.ch\/fr\/wp-json\/wp\/v2\/types\/product"}],"wp:featuredmedia":[{"embeddable":true,"href":"https:\/\/www.alfauna.ch\/fr\/wp-json\/wp\/v2\/media\/536775"}],"wp:attachment":[{"href":"https:\/\/www.alfauna.ch\/fr\/wp-json\/wp\/v2\/media?parent=210170"}],"wp:term":[{"taxonomy":"product_brand","embeddable":true,"href":"https:\/\/www.alfauna.ch\/fr\/wp-json\/wp\/v2\/product_brand?post=210170"},{"taxonomy":"product_cat","embeddable":true,"href":"https:\/\/www.alfauna.ch\/fr\/wp-json\/wp\/v2\/product_cat?post=210170"},{"taxonomy":"product_tag","embeddable":true,"href":"https:\/\/www.alfauna.ch\/fr\/wp-json\/wp\/v2\/product_tag?post=210170"}],"curies":[{"name":"wp","href":"https:\/\/api.w.org\/{rel}","templated":true}]}}