{"id":209165,"date":"2021-06-04T00:00:00","date_gmt":"2021-06-03T22:00:00","guid":{"rendered":"https:\/\/www.alfauna.ch.vasco.sui-inter.net\/shop\/non%20class\u00e9\/biker-set-forme-u-m-xl-gris-graphite\/"},"modified":"2026-04-24T01:32:36","modified_gmt":"2026-04-23T23:32:36","slug":"biker-set-forme-u-m-xl-gris-graphite","status":"publish","type":"product","link":"https:\/\/www.alfauna.ch\/fr\/boutique\/chiens\/en-route\/velo-accessoires\/biker-set-forme-u-m-xl-gris-graphite\/","title":{"rendered":"Biker-Set, forme U, M-XL, gris graphite"},"content":{"rendered":"<p>Un centre de gravit\u00e9 bas augmente la stabilit\u00e9 de conduite<br \/>\npour chiens de moyenne et grande taille<br \/>\nles tractions soudaines du chien sont att\u00e9nu\u00e9es par le ressort int\u00e9gr\u00e9<br \/>\nfixation avec mousqueton et boucle rapide : la laisse courte se d\u00e9tache en cas de traction soudaine<br \/>\nsupport pour garder la distance avec fixation de selle de v\u00e9lo, syst\u00e8me sp\u00e9cial de laisse et ressort<br \/>\nla fixation en T de la tige de si\u00e8ge permet une utilisation des deux c\u00f4t\u00e9s.<br \/>\n\u00e9l\u00e9ments r\u00e9fl\u00e9chissants<\/p>\n","protected":false},"excerpt":{"rendered":"<p>Un centre de gravit\u00e9 bas augmente la stabilit\u00e9 de conduite pour chiens de moyenne et grande taille les tractions soudaines du chien sont att\u00e9nu\u00e9es par le ressort int\u00e9gr\u00e9 fixation avec mousqueton et boucle rapide : la laisse courte se d\u00e9tache en cas de traction soudaine support pour garder la distance avec fixation de selle de<\/p>\n","protected":false},"featured_media":535008,"template":"","meta":{"_acf_changed":false},"product_brand":[],"product_cat":[3685,3758,3094],"product_tag":[],"class_list":{"0":"post-209165","1":"product","2":"type-product","3":"status-publish","4":"has-post-thumbnail","6":"product_cat-en-route","7":"product_cat-velo-accessoires","8":"product_cat-chiens","10":"first","11":"instock","12":"taxable","13":"shipping-taxable","14":"product-type-simple"},"acf":[],"yoast_head":"<!-- This site is optimized with the Yoast SEO plugin v25.8 - https:\/\/yoast.com\/wordpress\/plugins\/seo\/ -->\n<title>Biker-Set, forme U, M-XL, gris graphite - alfauna AG<\/title>\n<meta name=\"robots\" content=\"index, follow, max-snippet:-1, max-image-preview:large, max-video-preview:-1\" \/>\n<link rel=\"canonical\" href=\"https:\/\/www.alfauna.ch\/fr\/boutique\/chiens\/en-route\/velo-accessoires\/biker-set-forme-u-m-xl-gris-graphite\/\" \/>\n<meta property=\"og:locale\" content=\"fr_FR\" \/>\n<meta property=\"og:type\" content=\"article\" \/>\n<meta property=\"og:title\" content=\"Biker-Set, forme U, M-XL, gris graphite - alfauna AG\" \/>\n<meta property=\"og:description\" content=\"Un centre de gravit\u00e9 bas augmente la stabilit\u00e9 de conduite pour chiens de moyenne et grande taille les tractions soudaines du chien sont att\u00e9nu\u00e9es par le ressort int\u00e9gr\u00e9 fixation avec mousqueton et boucle rapide : la laisse courte se d\u00e9tache en cas de traction soudaine support pour garder la distance avec fixation de selle de\" \/>\n<meta property=\"og:url\" content=\"https:\/\/www.alfauna.ch\/fr\/boutique\/chiens\/en-route\/velo-accessoires\/biker-set-forme-u-m-xl-gris-graphite\/\" \/>\n<meta property=\"og:site_name\" content=\"alfauna AG\" \/>\n<meta property=\"article:modified_time\" content=\"2026-04-23T23:32:36+00:00\" \/>\n<meta property=\"og:image\" content=\"https:\/\/www.alfauna.ch\/wp-content\/uploads\/2024\/04\/T12860_gr.jpg\" \/>\n\t<meta property=\"og:image:width\" content=\"1200\" \/>\n\t<meta property=\"og:image:height\" content=\"1200\" \/>\n\t<meta property=\"og:image:type\" content=\"image\/jpeg\" \/>\n<meta name=\"twitter:card\" content=\"summary_large_image\" \/>\n<script type=\"application\/ld+json\" class=\"yoast-schema-graph\">{\"@context\":\"https:\/\/schema.org\",\"@graph\":[{\"@type\":\"WebPage\",\"@id\":\"https:\/\/www.alfauna.ch\/fr\/boutique\/chiens\/en-route\/velo-accessoires\/biker-set-forme-u-m-xl-gris-graphite\/\",\"url\":\"https:\/\/www.alfauna.ch\/fr\/boutique\/chiens\/en-route\/velo-accessoires\/biker-set-forme-u-m-xl-gris-graphite\/\",\"name\":\"Biker-Set, forme U, M-XL, gris graphite - alfauna AG\",\"isPartOf\":{\"@id\":\"https:\/\/www.alfauna.ch\/fr\/#website\"},\"primaryImageOfPage\":{\"@id\":\"https:\/\/www.alfauna.ch\/fr\/boutique\/chiens\/en-route\/velo-accessoires\/biker-set-forme-u-m-xl-gris-graphite\/#primaryimage\"},\"image\":{\"@id\":\"https:\/\/www.alfauna.ch\/fr\/boutique\/chiens\/en-route\/velo-accessoires\/biker-set-forme-u-m-xl-gris-graphite\/#primaryimage\"},\"thumbnailUrl\":\"https:\/\/www.alfauna.ch\/wp-content\/uploads\/2024\/04\/T12860_gr.jpg\",\"datePublished\":\"2021-06-03T22:00:00+00:00\",\"dateModified\":\"2026-04-23T23:32:36+00:00\",\"breadcrumb\":{\"@id\":\"https:\/\/www.alfauna.ch\/fr\/boutique\/chiens\/en-route\/velo-accessoires\/biker-set-forme-u-m-xl-gris-graphite\/#breadcrumb\"},\"inLanguage\":\"fr-FR\",\"potentialAction\":[{\"@type\":\"ReadAction\",\"target\":[\"https:\/\/www.alfauna.ch\/fr\/boutique\/chiens\/en-route\/velo-accessoires\/biker-set-forme-u-m-xl-gris-graphite\/\"]}]},{\"@type\":\"ImageObject\",\"inLanguage\":\"fr-FR\",\"@id\":\"https:\/\/www.alfauna.ch\/fr\/boutique\/chiens\/en-route\/velo-accessoires\/biker-set-forme-u-m-xl-gris-graphite\/#primaryimage\",\"url\":\"https:\/\/www.alfauna.ch\/wp-content\/uploads\/2024\/04\/T12860_gr.jpg\",\"contentUrl\":\"https:\/\/www.alfauna.ch\/wp-content\/uploads\/2024\/04\/T12860_gr.jpg\",\"width\":1200,\"height\":1200},{\"@type\":\"BreadcrumbList\",\"@id\":\"https:\/\/www.alfauna.ch\/fr\/boutique\/chiens\/en-route\/velo-accessoires\/biker-set-forme-u-m-xl-gris-graphite\/#breadcrumb\",\"itemListElement\":[{\"@type\":\"ListItem\",\"position\":1,\"name\":\"Startseite\",\"item\":\"https:\/\/www.alfauna.ch\/fr\/\"},{\"@type\":\"ListItem\",\"position\":2,\"name\":\"Boutique\",\"item\":\"https:\/\/www.alfauna.ch\/fr\/boutique\/\"},{\"@type\":\"ListItem\",\"position\":3,\"name\":\"Biker-Set, forme U, M-XL, gris graphite\"}]},{\"@type\":\"WebSite\",\"@id\":\"https:\/\/www.alfauna.ch\/fr\/#website\",\"url\":\"https:\/\/www.alfauna.ch\/fr\/\",\"name\":\"alfauna AG\",\"description\":\"\",\"publisher\":{\"@id\":\"https:\/\/www.alfauna.ch\/fr\/#organization\"},\"potentialAction\":[{\"@type\":\"SearchAction\",\"target\":{\"@type\":\"EntryPoint\",\"urlTemplate\":\"https:\/\/www.alfauna.ch\/fr\/?s={search_term_string}\"},\"query-input\":{\"@type\":\"PropertyValueSpecification\",\"valueRequired\":true,\"valueName\":\"search_term_string\"}}],\"inLanguage\":\"fr-FR\"},{\"@type\":\"Organization\",\"@id\":\"https:\/\/www.alfauna.ch\/fr\/#organization\",\"name\":\"alfauna AG\",\"url\":\"https:\/\/www.alfauna.ch\/fr\/\",\"logo\":{\"@type\":\"ImageObject\",\"inLanguage\":\"fr-FR\",\"@id\":\"https:\/\/www.alfauna.ch\/fr\/#\/schema\/logo\/image\/\",\"url\":\"https:\/\/www.alfauna.ch\/wp-content\/uploads\/logo_alfauna_230px.png\",\"contentUrl\":\"https:\/\/www.alfauna.ch\/wp-content\/uploads\/logo_alfauna_230px.png\",\"width\":230,\"height\":123,\"caption\":\"alfauna AG\"},\"image\":{\"@id\":\"https:\/\/www.alfauna.ch\/fr\/#\/schema\/logo\/image\/\"}}]}<\/script>\n<!-- \/ Yoast SEO plugin. -->","yoast_head_json":{"title":"Biker-Set, forme U, M-XL, gris graphite - alfauna AG","robots":{"index":"index","follow":"follow","max-snippet":"max-snippet:-1","max-image-preview":"max-image-preview:large","max-video-preview":"max-video-preview:-1"},"canonical":"https:\/\/www.alfauna.ch\/fr\/boutique\/chiens\/en-route\/velo-accessoires\/biker-set-forme-u-m-xl-gris-graphite\/","og_locale":"fr_FR","og_type":"article","og_title":"Biker-Set, forme U, M-XL, gris graphite - alfauna AG","og_description":"Un centre de gravit\u00e9 bas augmente la stabilit\u00e9 de conduite pour chiens de moyenne et grande taille les tractions soudaines du chien sont att\u00e9nu\u00e9es par le ressort int\u00e9gr\u00e9 fixation avec mousqueton et boucle rapide : la laisse courte se d\u00e9tache en cas de traction soudaine support pour garder la distance avec fixation de selle de","og_url":"https:\/\/www.alfauna.ch\/fr\/boutique\/chiens\/en-route\/velo-accessoires\/biker-set-forme-u-m-xl-gris-graphite\/","og_site_name":"alfauna AG","article_modified_time":"2026-04-23T23:32:36+00:00","og_image":[{"width":1200,"height":1200,"url":"https:\/\/www.alfauna.ch\/wp-content\/uploads\/2024\/04\/T12860_gr.jpg","type":"image\/jpeg"}],"twitter_card":"summary_large_image","schema":{"@context":"https:\/\/schema.org","@graph":[{"@type":"WebPage","@id":"https:\/\/www.alfauna.ch\/fr\/boutique\/chiens\/en-route\/velo-accessoires\/biker-set-forme-u-m-xl-gris-graphite\/","url":"https:\/\/www.alfauna.ch\/fr\/boutique\/chiens\/en-route\/velo-accessoires\/biker-set-forme-u-m-xl-gris-graphite\/","name":"Biker-Set, forme U, M-XL, gris graphite - alfauna AG","isPartOf":{"@id":"https:\/\/www.alfauna.ch\/fr\/#website"},"primaryImageOfPage":{"@id":"https:\/\/www.alfauna.ch\/fr\/boutique\/chiens\/en-route\/velo-accessoires\/biker-set-forme-u-m-xl-gris-graphite\/#primaryimage"},"image":{"@id":"https:\/\/www.alfauna.ch\/fr\/boutique\/chiens\/en-route\/velo-accessoires\/biker-set-forme-u-m-xl-gris-graphite\/#primaryimage"},"thumbnailUrl":"https:\/\/www.alfauna.ch\/wp-content\/uploads\/2024\/04\/T12860_gr.jpg","datePublished":"2021-06-03T22:00:00+00:00","dateModified":"2026-04-23T23:32:36+00:00","breadcrumb":{"@id":"https:\/\/www.alfauna.ch\/fr\/boutique\/chiens\/en-route\/velo-accessoires\/biker-set-forme-u-m-xl-gris-graphite\/#breadcrumb"},"inLanguage":"fr-FR","potentialAction":[{"@type":"ReadAction","target":["https:\/\/www.alfauna.ch\/fr\/boutique\/chiens\/en-route\/velo-accessoires\/biker-set-forme-u-m-xl-gris-graphite\/"]}]},{"@type":"ImageObject","inLanguage":"fr-FR","@id":"https:\/\/www.alfauna.ch\/fr\/boutique\/chiens\/en-route\/velo-accessoires\/biker-set-forme-u-m-xl-gris-graphite\/#primaryimage","url":"https:\/\/www.alfauna.ch\/wp-content\/uploads\/2024\/04\/T12860_gr.jpg","contentUrl":"https:\/\/www.alfauna.ch\/wp-content\/uploads\/2024\/04\/T12860_gr.jpg","width":1200,"height":1200},{"@type":"BreadcrumbList","@id":"https:\/\/www.alfauna.ch\/fr\/boutique\/chiens\/en-route\/velo-accessoires\/biker-set-forme-u-m-xl-gris-graphite\/#breadcrumb","itemListElement":[{"@type":"ListItem","position":1,"name":"Startseite","item":"https:\/\/www.alfauna.ch\/fr\/"},{"@type":"ListItem","position":2,"name":"Boutique","item":"https:\/\/www.alfauna.ch\/fr\/boutique\/"},{"@type":"ListItem","position":3,"name":"Biker-Set, forme U, M-XL, gris graphite"}]},{"@type":"WebSite","@id":"https:\/\/www.alfauna.ch\/fr\/#website","url":"https:\/\/www.alfauna.ch\/fr\/","name":"alfauna AG","description":"","publisher":{"@id":"https:\/\/www.alfauna.ch\/fr\/#organization"},"potentialAction":[{"@type":"SearchAction","target":{"@type":"EntryPoint","urlTemplate":"https:\/\/www.alfauna.ch\/fr\/?s={search_term_string}"},"query-input":{"@type":"PropertyValueSpecification","valueRequired":true,"valueName":"search_term_string"}}],"inLanguage":"fr-FR"},{"@type":"Organization","@id":"https:\/\/www.alfauna.ch\/fr\/#organization","name":"alfauna AG","url":"https:\/\/www.alfauna.ch\/fr\/","logo":{"@type":"ImageObject","inLanguage":"fr-FR","@id":"https:\/\/www.alfauna.ch\/fr\/#\/schema\/logo\/image\/","url":"https:\/\/www.alfauna.ch\/wp-content\/uploads\/logo_alfauna_230px.png","contentUrl":"https:\/\/www.alfauna.ch\/wp-content\/uploads\/logo_alfauna_230px.png","width":230,"height":123,"caption":"alfauna AG"},"image":{"@id":"https:\/\/www.alfauna.ch\/fr\/#\/schema\/logo\/image\/"}}]}},"tiered_pricing_type":"fixed","tiered_pricing_fixed_rules":[],"tiered_pricing_product_settings":{"layout":"default","base_unit_name":{"singular":null,"plural":null},"default_variation":null},"tiered_pricing_minimum_quantity":null,"tiered_pricing_roles_data":[],"tiered_pricing_percentage_rules":[],"_links":{"self":[{"href":"https:\/\/www.alfauna.ch\/fr\/wp-json\/wp\/v2\/product\/209165","targetHints":{"allow":["GET"]}}],"collection":[{"href":"https:\/\/www.alfauna.ch\/fr\/wp-json\/wp\/v2\/product"}],"about":[{"href":"https:\/\/www.alfauna.ch\/fr\/wp-json\/wp\/v2\/types\/product"}],"wp:featuredmedia":[{"embeddable":true,"href":"https:\/\/www.alfauna.ch\/fr\/wp-json\/wp\/v2\/media\/535008"}],"wp:attachment":[{"href":"https:\/\/www.alfauna.ch\/fr\/wp-json\/wp\/v2\/media?parent=209165"}],"wp:term":[{"taxonomy":"product_brand","embeddable":true,"href":"https:\/\/www.alfauna.ch\/fr\/wp-json\/wp\/v2\/product_brand?post=209165"},{"taxonomy":"product_cat","embeddable":true,"href":"https:\/\/www.alfauna.ch\/fr\/wp-json\/wp\/v2\/product_cat?post=209165"},{"taxonomy":"product_tag","embeddable":true,"href":"https:\/\/www.alfauna.ch\/fr\/wp-json\/wp\/v2\/product_tag?post=209165"}],"curies":[{"name":"wp","href":"https:\/\/api.w.org\/{rel}","templated":true}]}}