{"id":202906,"date":"2019-11-26T00:00:00","date_gmt":"2019-11-25T23:00:00","guid":{"rendered":"https:\/\/www.alfauna.ch.vasco.sui-inter.net\/shop\/unkategorisiert\/hypoallergen-wasserbueffel-mit-suesskartoffel\/"},"modified":"2026-04-19T04:45:19","modified_gmt":"2026-04-19T02:45:19","slug":"hypoallergen-wasserbueffel-mit-suesskartoffel-400g","status":"publish","type":"product","link":"https:\/\/www.alfauna.ch\/de\/shop\/hunde\/futter-hunde\/nassfutter\/hypoallergen-wasserbueffel-mit-suesskartoffel-400g\/","title":{"rendered":"Hypoallergen Wasserb\u00fcffel mit S\u00fc\u00dfkartoffel"},"content":{"rendered":"<p><b><span>Terra Canis HYPOALLERGENIC<\/span><\/b><\/p>\n<p><b><span>Terra Canis Hypoallergen &ndash; H&ouml;chste Qualit&auml;t f&uuml;r allergiegeplagte Hunde<\/span><\/b><\/p>\n<p><span>Gerade f&uuml;r Hunde mit Allergien und Unvertr&auml;glichkeiten ist eine maximale Rohstoffqualit&auml;t elementar. Die Terra Canis HYPOALLERGEN-Men&uuml;s bestehen aus reinem Muskelfleisch (60 %) einer einzigen, exotischen Proteinquelle. Dieses Fleisch wird durch ein allergenarmes Gem&uuml;se erg&auml;nzt. Raps&ouml;l liefert hochwertige Fetts&auml;uren und ist daf&uuml;r bekannt, den Magen-Darm-Trakt zu unterst&uuml;tzen sowie Haut und Fell positiv zu beeinflussen. Ein ausgewogener Vitamin-Mineralstoff-Mix sichert die Versorgung des Hundes mit allen essentiellen Vitaminen, Mineralstoffen und Spurenelementen. Terra Canis HYPOALLERGEN ist geeignet f&uuml;r Hunde mit Futtermittelallergien\/-unvertr&auml;glichkeiten und zur Durchf&uuml;hrung einer Ausschlussdi&auml;t.<\/span><\/p>\n<p>&nbsp;<\/p>\n<p><span>Muskelfleisch vom Wasserb&uuml;ffel (60%), S&uuml;&szlig;kartoffel (36%), Raps&ouml;l, Seealge*, Mineralstoffe&nbsp; *getrocknet<\/span><\/p>\n<p><b><span>Ern&auml;hrungsphysiologische Zusatzstoffe\/kg:<\/span><\/b><\/p>\n<p><span>Vit A (3a672a): 8333 IE<\/span><\/p>\n<p><span>Vit D (3a671): 370 IE<\/span><\/p>\n<p><span>Vit E (3a700): 33 IE<\/span><\/p>\n<p><span>Vit B1 (Thiaminmononitrat): 2,5 mg<\/span><\/p>\n<p><span>Vit B2 (Riboflavin): 5 mg<\/span><\/p>\n<p><span>Vit. B 6 (3a831): 1,6 mg<\/span><\/p>\n<p><span>Vit B 12 (Cyanocobalamin): 25&nbsp; &micro;g<\/span><\/p>\n<p><span>Biotin (3a880): 5 &micro;g<\/span><\/p>\n<p><span>Pantothens&auml;ure (3a841): 10 mg<\/span><\/p>\n<p><span>Fols&auml;ure (3a316): 0,5 mg<\/span><\/p>\n<p><span>Kupfer (3b405): 2 mg<\/span><\/p>\n<p><span>Mangan (3b503): 9,8 mg<\/span><\/p>\n<p><span>Jod (3b201): 0,6 mg<\/span><\/p>\n<p><span>Zink (3b603): 20 mg<\/span><\/p>\n<p><b><span>Verh&auml;ltnis:<\/span><\/b><span><br \/>Fleisch : Gem&uuml;se : &uuml;brige Rohstoffe = 60 % : 36 % : 4 %<\/span><\/p>\n<p><b><span>Analytische Bestandteile<\/span><\/b><\/p>\n<p><span>Protein: 8.8 %&nbsp;Fettgehalt: 9.1 %&nbsp;Rohfaser: 0.5 %&nbsp;Rohasche: 1.4 %&nbsp;Feuchtigkeit: 77.5 %<\/span><span><br \/>MJ\/kg: 4.9<\/span><\/p>\n","protected":false},"excerpt":{"rendered":"<p>Terra Canis HYPOALLERGENIC Terra Canis Hypoallergen &ndash; H&ouml;chste Qualit&auml;t f&uuml;r allergiegeplagte Hunde Gerade f&uuml;r Hunde mit Allergien und Unvertr&auml;glichkeiten ist eine maximale Rohstoffqualit&auml;t elementar. Die Terra Canis HYPOALLERGEN-Men&uuml;s bestehen aus reinem Muskelfleisch (60 %) einer einzigen, exotischen Proteinquelle. Dieses Fleisch wird durch ein allergenarmes Gem&uuml;se erg&auml;nzt. Raps&ouml;l liefert hochwertige Fetts&auml;uren und ist daf&uuml;r bekannt, den<\/p>\n","protected":false},"featured_media":476837,"template":"","meta":{"_acf_changed":false},"product_brand":[],"product_cat":[3609,3735,3022],"product_tag":[],"class_list":{"0":"post-202906","1":"product","2":"type-product","3":"status-publish","4":"has-post-thumbnail","6":"product_cat-futter-hunde","7":"product_cat-nassfutter","8":"product_cat-hunde","10":"first","11":"instock","12":"taxable","13":"shipping-taxable","14":"product-type-simple"},"acf":[],"yoast_head":"<!-- This site is optimized with the Yoast SEO plugin v25.8 - https:\/\/yoast.com\/wordpress\/plugins\/seo\/ -->\n<title>Hypoallergen Wasserb\u00fcffel mit S\u00fc\u00dfkartoffel - alfauna AG<\/title>\n<meta name=\"robots\" content=\"index, follow, max-snippet:-1, max-image-preview:large, max-video-preview:-1\" \/>\n<link rel=\"canonical\" href=\"https:\/\/www.alfauna.ch\/de\/shop\/hunde\/futter-hunde\/nassfutter\/hypoallergen-wasserbueffel-mit-suesskartoffel-400g\/\" \/>\n<meta property=\"og:locale\" content=\"de_DE\" \/>\n<meta property=\"og:type\" content=\"article\" \/>\n<meta property=\"og:title\" content=\"Hypoallergen Wasserb\u00fcffel mit S\u00fc\u00dfkartoffel - alfauna AG\" \/>\n<meta property=\"og:description\" content=\"Terra Canis HYPOALLERGENIC Terra Canis Hypoallergen &ndash; H&ouml;chste Qualit&auml;t f&uuml;r allergiegeplagte Hunde Gerade f&uuml;r Hunde mit Allergien und Unvertr&auml;glichkeiten ist eine maximale Rohstoffqualit&auml;t elementar. Die Terra Canis HYPOALLERGEN-Men&uuml;s bestehen aus reinem Muskelfleisch (60 %) einer einzigen, exotischen Proteinquelle. Dieses Fleisch wird durch ein allergenarmes Gem&uuml;se erg&auml;nzt. Raps&ouml;l liefert hochwertige Fetts&auml;uren und ist daf&uuml;r bekannt, den\" \/>\n<meta property=\"og:url\" content=\"https:\/\/www.alfauna.ch\/de\/shop\/hunde\/futter-hunde\/nassfutter\/hypoallergen-wasserbueffel-mit-suesskartoffel-400g\/\" \/>\n<meta property=\"og:site_name\" content=\"alfauna AG\" \/>\n<meta property=\"article:modified_time\" content=\"2026-04-19T02:45:19+00:00\" \/>\n<meta property=\"og:image\" content=\"https:\/\/www.alfauna.ch\/wp-content\/uploads\/2024\/01\/TC3441_gr.png\" \/>\n\t<meta property=\"og:image:width\" content=\"2000\" \/>\n\t<meta property=\"og:image:height\" content=\"2000\" \/>\n\t<meta property=\"og:image:type\" content=\"image\/png\" \/>\n<meta name=\"twitter:card\" content=\"summary_large_image\" \/>\n<script type=\"application\/ld+json\" class=\"yoast-schema-graph\">{\"@context\":\"https:\/\/schema.org\",\"@graph\":[{\"@type\":\"WebPage\",\"@id\":\"https:\/\/www.alfauna.ch\/de\/shop\/hunde\/futter-hunde\/nassfutter\/hypoallergen-wasserbueffel-mit-suesskartoffel-400g\/\",\"url\":\"https:\/\/www.alfauna.ch\/de\/shop\/hunde\/futter-hunde\/nassfutter\/hypoallergen-wasserbueffel-mit-suesskartoffel-400g\/\",\"name\":\"Hypoallergen Wasserb\u00fcffel mit S\u00fc\u00dfkartoffel - alfauna AG\",\"isPartOf\":{\"@id\":\"https:\/\/www.alfauna.ch\/de\/#website\"},\"primaryImageOfPage\":{\"@id\":\"https:\/\/www.alfauna.ch\/de\/shop\/hunde\/futter-hunde\/nassfutter\/hypoallergen-wasserbueffel-mit-suesskartoffel-400g\/#primaryimage\"},\"image\":{\"@id\":\"https:\/\/www.alfauna.ch\/de\/shop\/hunde\/futter-hunde\/nassfutter\/hypoallergen-wasserbueffel-mit-suesskartoffel-400g\/#primaryimage\"},\"thumbnailUrl\":\"https:\/\/www.alfauna.ch\/wp-content\/uploads\/2024\/01\/TC3441_gr.png\",\"datePublished\":\"2019-11-25T23:00:00+00:00\",\"dateModified\":\"2026-04-19T02:45:19+00:00\",\"breadcrumb\":{\"@id\":\"https:\/\/www.alfauna.ch\/de\/shop\/hunde\/futter-hunde\/nassfutter\/hypoallergen-wasserbueffel-mit-suesskartoffel-400g\/#breadcrumb\"},\"inLanguage\":\"de\",\"potentialAction\":[{\"@type\":\"ReadAction\",\"target\":[\"https:\/\/www.alfauna.ch\/de\/shop\/hunde\/futter-hunde\/nassfutter\/hypoallergen-wasserbueffel-mit-suesskartoffel-400g\/\"]}]},{\"@type\":\"ImageObject\",\"inLanguage\":\"de\",\"@id\":\"https:\/\/www.alfauna.ch\/de\/shop\/hunde\/futter-hunde\/nassfutter\/hypoallergen-wasserbueffel-mit-suesskartoffel-400g\/#primaryimage\",\"url\":\"https:\/\/www.alfauna.ch\/wp-content\/uploads\/2024\/01\/TC3441_gr.png\",\"contentUrl\":\"https:\/\/www.alfauna.ch\/wp-content\/uploads\/2024\/01\/TC3441_gr.png\",\"width\":2000,\"height\":2000},{\"@type\":\"BreadcrumbList\",\"@id\":\"https:\/\/www.alfauna.ch\/de\/shop\/hunde\/futter-hunde\/nassfutter\/hypoallergen-wasserbueffel-mit-suesskartoffel-400g\/#breadcrumb\",\"itemListElement\":[{\"@type\":\"ListItem\",\"position\":1,\"name\":\"Startseite\",\"item\":\"https:\/\/www.alfauna.ch\/de\/\"},{\"@type\":\"ListItem\",\"position\":2,\"name\":\"Shop\",\"item\":\"https:\/\/www.alfauna.ch\/de\/shop\/\"},{\"@type\":\"ListItem\",\"position\":3,\"name\":\"Hypoallergen Wasserb\u00fcffel mit S\u00fc\u00dfkartoffel\"}]},{\"@type\":\"WebSite\",\"@id\":\"https:\/\/www.alfauna.ch\/de\/#website\",\"url\":\"https:\/\/www.alfauna.ch\/de\/\",\"name\":\"alfauna AG\",\"description\":\"\",\"publisher\":{\"@id\":\"https:\/\/www.alfauna.ch\/de\/#organization\"},\"potentialAction\":[{\"@type\":\"SearchAction\",\"target\":{\"@type\":\"EntryPoint\",\"urlTemplate\":\"https:\/\/www.alfauna.ch\/de\/?s={search_term_string}\"},\"query-input\":{\"@type\":\"PropertyValueSpecification\",\"valueRequired\":true,\"valueName\":\"search_term_string\"}}],\"inLanguage\":\"de\"},{\"@type\":\"Organization\",\"@id\":\"https:\/\/www.alfauna.ch\/de\/#organization\",\"name\":\"alfauna AG\",\"url\":\"https:\/\/www.alfauna.ch\/de\/\",\"logo\":{\"@type\":\"ImageObject\",\"inLanguage\":\"de\",\"@id\":\"https:\/\/www.alfauna.ch\/de\/#\/schema\/logo\/image\/\",\"url\":\"https:\/\/www.alfauna.ch\/wp-content\/uploads\/logo_alfauna_230px.png\",\"contentUrl\":\"https:\/\/www.alfauna.ch\/wp-content\/uploads\/logo_alfauna_230px.png\",\"width\":230,\"height\":123,\"caption\":\"alfauna AG\"},\"image\":{\"@id\":\"https:\/\/www.alfauna.ch\/de\/#\/schema\/logo\/image\/\"}}]}<\/script>\n<!-- \/ Yoast SEO plugin. -->","yoast_head_json":{"title":"Hypoallergen Wasserb\u00fcffel mit S\u00fc\u00dfkartoffel - alfauna AG","robots":{"index":"index","follow":"follow","max-snippet":"max-snippet:-1","max-image-preview":"max-image-preview:large","max-video-preview":"max-video-preview:-1"},"canonical":"https:\/\/www.alfauna.ch\/de\/shop\/hunde\/futter-hunde\/nassfutter\/hypoallergen-wasserbueffel-mit-suesskartoffel-400g\/","og_locale":"de_DE","og_type":"article","og_title":"Hypoallergen Wasserb\u00fcffel mit S\u00fc\u00dfkartoffel - alfauna AG","og_description":"Terra Canis HYPOALLERGENIC Terra Canis Hypoallergen &ndash; H&ouml;chste Qualit&auml;t f&uuml;r allergiegeplagte Hunde Gerade f&uuml;r Hunde mit Allergien und Unvertr&auml;glichkeiten ist eine maximale Rohstoffqualit&auml;t elementar. Die Terra Canis HYPOALLERGEN-Men&uuml;s bestehen aus reinem Muskelfleisch (60 %) einer einzigen, exotischen Proteinquelle. Dieses Fleisch wird durch ein allergenarmes Gem&uuml;se erg&auml;nzt. Raps&ouml;l liefert hochwertige Fetts&auml;uren und ist daf&uuml;r bekannt, den","og_url":"https:\/\/www.alfauna.ch\/de\/shop\/hunde\/futter-hunde\/nassfutter\/hypoallergen-wasserbueffel-mit-suesskartoffel-400g\/","og_site_name":"alfauna AG","article_modified_time":"2026-04-19T02:45:19+00:00","og_image":[{"width":2000,"height":2000,"url":"https:\/\/www.alfauna.ch\/wp-content\/uploads\/2024\/01\/TC3441_gr.png","type":"image\/png"}],"twitter_card":"summary_large_image","schema":{"@context":"https:\/\/schema.org","@graph":[{"@type":"WebPage","@id":"https:\/\/www.alfauna.ch\/de\/shop\/hunde\/futter-hunde\/nassfutter\/hypoallergen-wasserbueffel-mit-suesskartoffel-400g\/","url":"https:\/\/www.alfauna.ch\/de\/shop\/hunde\/futter-hunde\/nassfutter\/hypoallergen-wasserbueffel-mit-suesskartoffel-400g\/","name":"Hypoallergen Wasserb\u00fcffel mit S\u00fc\u00dfkartoffel - alfauna AG","isPartOf":{"@id":"https:\/\/www.alfauna.ch\/de\/#website"},"primaryImageOfPage":{"@id":"https:\/\/www.alfauna.ch\/de\/shop\/hunde\/futter-hunde\/nassfutter\/hypoallergen-wasserbueffel-mit-suesskartoffel-400g\/#primaryimage"},"image":{"@id":"https:\/\/www.alfauna.ch\/de\/shop\/hunde\/futter-hunde\/nassfutter\/hypoallergen-wasserbueffel-mit-suesskartoffel-400g\/#primaryimage"},"thumbnailUrl":"https:\/\/www.alfauna.ch\/wp-content\/uploads\/2024\/01\/TC3441_gr.png","datePublished":"2019-11-25T23:00:00+00:00","dateModified":"2026-04-19T02:45:19+00:00","breadcrumb":{"@id":"https:\/\/www.alfauna.ch\/de\/shop\/hunde\/futter-hunde\/nassfutter\/hypoallergen-wasserbueffel-mit-suesskartoffel-400g\/#breadcrumb"},"inLanguage":"de","potentialAction":[{"@type":"ReadAction","target":["https:\/\/www.alfauna.ch\/de\/shop\/hunde\/futter-hunde\/nassfutter\/hypoallergen-wasserbueffel-mit-suesskartoffel-400g\/"]}]},{"@type":"ImageObject","inLanguage":"de","@id":"https:\/\/www.alfauna.ch\/de\/shop\/hunde\/futter-hunde\/nassfutter\/hypoallergen-wasserbueffel-mit-suesskartoffel-400g\/#primaryimage","url":"https:\/\/www.alfauna.ch\/wp-content\/uploads\/2024\/01\/TC3441_gr.png","contentUrl":"https:\/\/www.alfauna.ch\/wp-content\/uploads\/2024\/01\/TC3441_gr.png","width":2000,"height":2000},{"@type":"BreadcrumbList","@id":"https:\/\/www.alfauna.ch\/de\/shop\/hunde\/futter-hunde\/nassfutter\/hypoallergen-wasserbueffel-mit-suesskartoffel-400g\/#breadcrumb","itemListElement":[{"@type":"ListItem","position":1,"name":"Startseite","item":"https:\/\/www.alfauna.ch\/de\/"},{"@type":"ListItem","position":2,"name":"Shop","item":"https:\/\/www.alfauna.ch\/de\/shop\/"},{"@type":"ListItem","position":3,"name":"Hypoallergen Wasserb\u00fcffel mit S\u00fc\u00dfkartoffel"}]},{"@type":"WebSite","@id":"https:\/\/www.alfauna.ch\/de\/#website","url":"https:\/\/www.alfauna.ch\/de\/","name":"alfauna AG","description":"","publisher":{"@id":"https:\/\/www.alfauna.ch\/de\/#organization"},"potentialAction":[{"@type":"SearchAction","target":{"@type":"EntryPoint","urlTemplate":"https:\/\/www.alfauna.ch\/de\/?s={search_term_string}"},"query-input":{"@type":"PropertyValueSpecification","valueRequired":true,"valueName":"search_term_string"}}],"inLanguage":"de"},{"@type":"Organization","@id":"https:\/\/www.alfauna.ch\/de\/#organization","name":"alfauna AG","url":"https:\/\/www.alfauna.ch\/de\/","logo":{"@type":"ImageObject","inLanguage":"de","@id":"https:\/\/www.alfauna.ch\/de\/#\/schema\/logo\/image\/","url":"https:\/\/www.alfauna.ch\/wp-content\/uploads\/logo_alfauna_230px.png","contentUrl":"https:\/\/www.alfauna.ch\/wp-content\/uploads\/logo_alfauna_230px.png","width":230,"height":123,"caption":"alfauna AG"},"image":{"@id":"https:\/\/www.alfauna.ch\/de\/#\/schema\/logo\/image\/"}}]}},"tiered_pricing_type":"fixed","tiered_pricing_fixed_rules":[],"tiered_pricing_product_settings":{"layout":"default","base_unit_name":{"singular":null,"plural":null},"default_variation":null},"tiered_pricing_minimum_quantity":null,"tiered_pricing_roles_data":[],"tiered_pricing_percentage_rules":[],"_links":{"self":[{"href":"https:\/\/www.alfauna.ch\/de\/wp-json\/wp\/v2\/product\/202906","targetHints":{"allow":["GET"]}}],"collection":[{"href":"https:\/\/www.alfauna.ch\/de\/wp-json\/wp\/v2\/product"}],"about":[{"href":"https:\/\/www.alfauna.ch\/de\/wp-json\/wp\/v2\/types\/product"}],"wp:featuredmedia":[{"embeddable":true,"href":"https:\/\/www.alfauna.ch\/de\/wp-json\/wp\/v2\/media\/476837"}],"wp:attachment":[{"href":"https:\/\/www.alfauna.ch\/de\/wp-json\/wp\/v2\/media?parent=202906"}],"wp:term":[{"taxonomy":"product_brand","embeddable":true,"href":"https:\/\/www.alfauna.ch\/de\/wp-json\/wp\/v2\/product_brand?post=202906"},{"taxonomy":"product_cat","embeddable":true,"href":"https:\/\/www.alfauna.ch\/de\/wp-json\/wp\/v2\/product_cat?post=202906"},{"taxonomy":"product_tag","embeddable":true,"href":"https:\/\/www.alfauna.ch\/de\/wp-json\/wp\/v2\/product_tag?post=202906"}],"curies":[{"name":"wp","href":"https:\/\/api.w.org\/{rel}","templated":true}]}}