{"id":196568,"date":"2018-07-12T00:00:00","date_gmt":"2018-07-11T22:00:00","guid":{"rendered":"https:\/\/www.alfauna.ch.vasco.sui-inter.net\/shop\/unkategorisiert\/dog-activity-hindernisse-3-st-o-23x30cm-orange-gelb\/"},"modified":"2026-04-18T04:50:18","modified_gmt":"2026-04-18T02:50:18","slug":"dog-activity-hindernisse-78cm-3-st-oe-23x30cm-orange-gelb","status":"publish","type":"product","link":"https:\/\/www.alfauna.ch\/de\/shop\/hunde\/ausbildung-sport\/dog-activity-hindernisse-78cm-3-st-oe-23x30cm-orange-gelb\/","title":{"rendered":"Dog Activity Hindernisse"},"content":{"rendered":"<p>zur Steigerung von Konzentration, K\u00f6rpergef\u00fchl und Koordination<br \/>\nauch f\u00fcr (physio-)therapeutische Anwendungen geeignet<br \/>\ndiverse Steckm\u00f6glichkeiten f\u00fcr Hindernis- oder Slalomaufbauten<br \/>\ndurch variable H\u00f6heneinstellung f\u00fcr Hunde jeden Alters und jeder<\/p>\n","protected":false},"excerpt":{"rendered":"<p>zur Steigerung von Konzentration, K\u00f6rpergef\u00fchl und Koordination auch f\u00fcr (physio-)therapeutische Anwendungen geeignet diverse Steckm\u00f6glichkeiten f\u00fcr Hindernis- oder Slalomaufbauten durch variable H\u00f6heneinstellung f\u00fcr Hunde jeden Alters und jeder<\/p>\n","protected":false},"featured_media":544688,"template":"","meta":{"_acf_changed":false},"product_brand":[],"product_cat":[3618,3022],"product_tag":[],"class_list":{"0":"post-196568","1":"product","2":"type-product","3":"status-publish","4":"has-post-thumbnail","6":"product_cat-ausbildung-sport","7":"product_cat-hunde","9":"first","10":"instock","11":"taxable","12":"shipping-taxable","13":"product-type-simple"},"acf":[],"yoast_head":"<!-- This site is optimized with the Yoast SEO plugin v25.8 - https:\/\/yoast.com\/wordpress\/plugins\/seo\/ -->\n<title>Dog Activity Hindernisse - alfauna AG<\/title>\n<meta name=\"robots\" content=\"index, follow, max-snippet:-1, max-image-preview:large, max-video-preview:-1\" \/>\n<link rel=\"canonical\" href=\"https:\/\/www.alfauna.ch\/de\/shop\/hunde\/ausbildung-sport\/dog-activity-hindernisse-78cm-3-st-oe-23x30cm-orange-gelb\/\" \/>\n<meta property=\"og:locale\" content=\"de_DE\" \/>\n<meta property=\"og:type\" content=\"article\" \/>\n<meta property=\"og:title\" content=\"Dog Activity Hindernisse - alfauna AG\" \/>\n<meta property=\"og:description\" content=\"zur Steigerung von Konzentration, K\u00f6rpergef\u00fchl und Koordination auch f\u00fcr (physio-)therapeutische Anwendungen geeignet diverse Steckm\u00f6glichkeiten f\u00fcr Hindernis- oder Slalomaufbauten durch variable H\u00f6heneinstellung f\u00fcr Hunde jeden Alters und jeder\" \/>\n<meta property=\"og:url\" content=\"https:\/\/www.alfauna.ch\/de\/shop\/hunde\/ausbildung-sport\/dog-activity-hindernisse-78cm-3-st-oe-23x30cm-orange-gelb\/\" \/>\n<meta property=\"og:site_name\" content=\"alfauna AG\" \/>\n<meta property=\"article:modified_time\" content=\"2026-04-18T02:50:18+00:00\" \/>\n<meta property=\"og:image\" content=\"https:\/\/www.alfauna.ch\/wp-content\/uploads\/2024\/04\/T32091_gr.jpg\" \/>\n\t<meta property=\"og:image:width\" content=\"1200\" \/>\n\t<meta property=\"og:image:height\" content=\"1200\" \/>\n\t<meta property=\"og:image:type\" content=\"image\/jpeg\" \/>\n<meta name=\"twitter:card\" content=\"summary_large_image\" \/>\n<script type=\"application\/ld+json\" class=\"yoast-schema-graph\">{\"@context\":\"https:\/\/schema.org\",\"@graph\":[{\"@type\":\"WebPage\",\"@id\":\"https:\/\/www.alfauna.ch\/de\/shop\/hunde\/ausbildung-sport\/dog-activity-hindernisse-78cm-3-st-oe-23x30cm-orange-gelb\/\",\"url\":\"https:\/\/www.alfauna.ch\/de\/shop\/hunde\/ausbildung-sport\/dog-activity-hindernisse-78cm-3-st-oe-23x30cm-orange-gelb\/\",\"name\":\"Dog Activity Hindernisse - alfauna AG\",\"isPartOf\":{\"@id\":\"https:\/\/www.alfauna.ch\/de\/#website\"},\"primaryImageOfPage\":{\"@id\":\"https:\/\/www.alfauna.ch\/de\/shop\/hunde\/ausbildung-sport\/dog-activity-hindernisse-78cm-3-st-oe-23x30cm-orange-gelb\/#primaryimage\"},\"image\":{\"@id\":\"https:\/\/www.alfauna.ch\/de\/shop\/hunde\/ausbildung-sport\/dog-activity-hindernisse-78cm-3-st-oe-23x30cm-orange-gelb\/#primaryimage\"},\"thumbnailUrl\":\"https:\/\/www.alfauna.ch\/wp-content\/uploads\/2024\/04\/T32091_gr.jpg\",\"datePublished\":\"2018-07-11T22:00:00+00:00\",\"dateModified\":\"2026-04-18T02:50:18+00:00\",\"breadcrumb\":{\"@id\":\"https:\/\/www.alfauna.ch\/de\/shop\/hunde\/ausbildung-sport\/dog-activity-hindernisse-78cm-3-st-oe-23x30cm-orange-gelb\/#breadcrumb\"},\"inLanguage\":\"de\",\"potentialAction\":[{\"@type\":\"ReadAction\",\"target\":[\"https:\/\/www.alfauna.ch\/de\/shop\/hunde\/ausbildung-sport\/dog-activity-hindernisse-78cm-3-st-oe-23x30cm-orange-gelb\/\"]}]},{\"@type\":\"ImageObject\",\"inLanguage\":\"de\",\"@id\":\"https:\/\/www.alfauna.ch\/de\/shop\/hunde\/ausbildung-sport\/dog-activity-hindernisse-78cm-3-st-oe-23x30cm-orange-gelb\/#primaryimage\",\"url\":\"https:\/\/www.alfauna.ch\/wp-content\/uploads\/2024\/04\/T32091_gr.jpg\",\"contentUrl\":\"https:\/\/www.alfauna.ch\/wp-content\/uploads\/2024\/04\/T32091_gr.jpg\",\"width\":1200,\"height\":1200},{\"@type\":\"BreadcrumbList\",\"@id\":\"https:\/\/www.alfauna.ch\/de\/shop\/hunde\/ausbildung-sport\/dog-activity-hindernisse-78cm-3-st-oe-23x30cm-orange-gelb\/#breadcrumb\",\"itemListElement\":[{\"@type\":\"ListItem\",\"position\":1,\"name\":\"Startseite\",\"item\":\"https:\/\/www.alfauna.ch\/de\/\"},{\"@type\":\"ListItem\",\"position\":2,\"name\":\"Shop\",\"item\":\"https:\/\/www.alfauna.ch\/de\/shop\/\"},{\"@type\":\"ListItem\",\"position\":3,\"name\":\"Dog Activity Hindernisse\"}]},{\"@type\":\"WebSite\",\"@id\":\"https:\/\/www.alfauna.ch\/de\/#website\",\"url\":\"https:\/\/www.alfauna.ch\/de\/\",\"name\":\"alfauna AG\",\"description\":\"\",\"publisher\":{\"@id\":\"https:\/\/www.alfauna.ch\/de\/#organization\"},\"potentialAction\":[{\"@type\":\"SearchAction\",\"target\":{\"@type\":\"EntryPoint\",\"urlTemplate\":\"https:\/\/www.alfauna.ch\/de\/?s={search_term_string}\"},\"query-input\":{\"@type\":\"PropertyValueSpecification\",\"valueRequired\":true,\"valueName\":\"search_term_string\"}}],\"inLanguage\":\"de\"},{\"@type\":\"Organization\",\"@id\":\"https:\/\/www.alfauna.ch\/de\/#organization\",\"name\":\"alfauna AG\",\"url\":\"https:\/\/www.alfauna.ch\/de\/\",\"logo\":{\"@type\":\"ImageObject\",\"inLanguage\":\"de\",\"@id\":\"https:\/\/www.alfauna.ch\/de\/#\/schema\/logo\/image\/\",\"url\":\"https:\/\/www.alfauna.ch\/wp-content\/uploads\/logo_alfauna_230px.png\",\"contentUrl\":\"https:\/\/www.alfauna.ch\/wp-content\/uploads\/logo_alfauna_230px.png\",\"width\":230,\"height\":123,\"caption\":\"alfauna AG\"},\"image\":{\"@id\":\"https:\/\/www.alfauna.ch\/de\/#\/schema\/logo\/image\/\"}}]}<\/script>\n<!-- \/ Yoast SEO plugin. -->","yoast_head_json":{"title":"Dog Activity Hindernisse - alfauna AG","robots":{"index":"index","follow":"follow","max-snippet":"max-snippet:-1","max-image-preview":"max-image-preview:large","max-video-preview":"max-video-preview:-1"},"canonical":"https:\/\/www.alfauna.ch\/de\/shop\/hunde\/ausbildung-sport\/dog-activity-hindernisse-78cm-3-st-oe-23x30cm-orange-gelb\/","og_locale":"de_DE","og_type":"article","og_title":"Dog Activity Hindernisse - alfauna AG","og_description":"zur Steigerung von Konzentration, K\u00f6rpergef\u00fchl und Koordination auch f\u00fcr (physio-)therapeutische Anwendungen geeignet diverse Steckm\u00f6glichkeiten f\u00fcr Hindernis- oder Slalomaufbauten durch variable H\u00f6heneinstellung f\u00fcr Hunde jeden Alters und jeder","og_url":"https:\/\/www.alfauna.ch\/de\/shop\/hunde\/ausbildung-sport\/dog-activity-hindernisse-78cm-3-st-oe-23x30cm-orange-gelb\/","og_site_name":"alfauna AG","article_modified_time":"2026-04-18T02:50:18+00:00","og_image":[{"width":1200,"height":1200,"url":"https:\/\/www.alfauna.ch\/wp-content\/uploads\/2024\/04\/T32091_gr.jpg","type":"image\/jpeg"}],"twitter_card":"summary_large_image","schema":{"@context":"https:\/\/schema.org","@graph":[{"@type":"WebPage","@id":"https:\/\/www.alfauna.ch\/de\/shop\/hunde\/ausbildung-sport\/dog-activity-hindernisse-78cm-3-st-oe-23x30cm-orange-gelb\/","url":"https:\/\/www.alfauna.ch\/de\/shop\/hunde\/ausbildung-sport\/dog-activity-hindernisse-78cm-3-st-oe-23x30cm-orange-gelb\/","name":"Dog Activity Hindernisse - alfauna AG","isPartOf":{"@id":"https:\/\/www.alfauna.ch\/de\/#website"},"primaryImageOfPage":{"@id":"https:\/\/www.alfauna.ch\/de\/shop\/hunde\/ausbildung-sport\/dog-activity-hindernisse-78cm-3-st-oe-23x30cm-orange-gelb\/#primaryimage"},"image":{"@id":"https:\/\/www.alfauna.ch\/de\/shop\/hunde\/ausbildung-sport\/dog-activity-hindernisse-78cm-3-st-oe-23x30cm-orange-gelb\/#primaryimage"},"thumbnailUrl":"https:\/\/www.alfauna.ch\/wp-content\/uploads\/2024\/04\/T32091_gr.jpg","datePublished":"2018-07-11T22:00:00+00:00","dateModified":"2026-04-18T02:50:18+00:00","breadcrumb":{"@id":"https:\/\/www.alfauna.ch\/de\/shop\/hunde\/ausbildung-sport\/dog-activity-hindernisse-78cm-3-st-oe-23x30cm-orange-gelb\/#breadcrumb"},"inLanguage":"de","potentialAction":[{"@type":"ReadAction","target":["https:\/\/www.alfauna.ch\/de\/shop\/hunde\/ausbildung-sport\/dog-activity-hindernisse-78cm-3-st-oe-23x30cm-orange-gelb\/"]}]},{"@type":"ImageObject","inLanguage":"de","@id":"https:\/\/www.alfauna.ch\/de\/shop\/hunde\/ausbildung-sport\/dog-activity-hindernisse-78cm-3-st-oe-23x30cm-orange-gelb\/#primaryimage","url":"https:\/\/www.alfauna.ch\/wp-content\/uploads\/2024\/04\/T32091_gr.jpg","contentUrl":"https:\/\/www.alfauna.ch\/wp-content\/uploads\/2024\/04\/T32091_gr.jpg","width":1200,"height":1200},{"@type":"BreadcrumbList","@id":"https:\/\/www.alfauna.ch\/de\/shop\/hunde\/ausbildung-sport\/dog-activity-hindernisse-78cm-3-st-oe-23x30cm-orange-gelb\/#breadcrumb","itemListElement":[{"@type":"ListItem","position":1,"name":"Startseite","item":"https:\/\/www.alfauna.ch\/de\/"},{"@type":"ListItem","position":2,"name":"Shop","item":"https:\/\/www.alfauna.ch\/de\/shop\/"},{"@type":"ListItem","position":3,"name":"Dog Activity Hindernisse"}]},{"@type":"WebSite","@id":"https:\/\/www.alfauna.ch\/de\/#website","url":"https:\/\/www.alfauna.ch\/de\/","name":"alfauna AG","description":"","publisher":{"@id":"https:\/\/www.alfauna.ch\/de\/#organization"},"potentialAction":[{"@type":"SearchAction","target":{"@type":"EntryPoint","urlTemplate":"https:\/\/www.alfauna.ch\/de\/?s={search_term_string}"},"query-input":{"@type":"PropertyValueSpecification","valueRequired":true,"valueName":"search_term_string"}}],"inLanguage":"de"},{"@type":"Organization","@id":"https:\/\/www.alfauna.ch\/de\/#organization","name":"alfauna AG","url":"https:\/\/www.alfauna.ch\/de\/","logo":{"@type":"ImageObject","inLanguage":"de","@id":"https:\/\/www.alfauna.ch\/de\/#\/schema\/logo\/image\/","url":"https:\/\/www.alfauna.ch\/wp-content\/uploads\/logo_alfauna_230px.png","contentUrl":"https:\/\/www.alfauna.ch\/wp-content\/uploads\/logo_alfauna_230px.png","width":230,"height":123,"caption":"alfauna AG"},"image":{"@id":"https:\/\/www.alfauna.ch\/de\/#\/schema\/logo\/image\/"}}]}},"tiered_pricing_type":"fixed","tiered_pricing_fixed_rules":[],"tiered_pricing_product_settings":{"layout":"default","base_unit_name":{"singular":null,"plural":null},"default_variation":null},"tiered_pricing_minimum_quantity":null,"tiered_pricing_roles_data":[],"tiered_pricing_percentage_rules":[],"_links":{"self":[{"href":"https:\/\/www.alfauna.ch\/de\/wp-json\/wp\/v2\/product\/196568","targetHints":{"allow":["GET"]}}],"collection":[{"href":"https:\/\/www.alfauna.ch\/de\/wp-json\/wp\/v2\/product"}],"about":[{"href":"https:\/\/www.alfauna.ch\/de\/wp-json\/wp\/v2\/types\/product"}],"wp:featuredmedia":[{"embeddable":true,"href":"https:\/\/www.alfauna.ch\/de\/wp-json\/wp\/v2\/media\/544688"}],"wp:attachment":[{"href":"https:\/\/www.alfauna.ch\/de\/wp-json\/wp\/v2\/media?parent=196568"}],"wp:term":[{"taxonomy":"product_brand","embeddable":true,"href":"https:\/\/www.alfauna.ch\/de\/wp-json\/wp\/v2\/product_brand?post=196568"},{"taxonomy":"product_cat","embeddable":true,"href":"https:\/\/www.alfauna.ch\/de\/wp-json\/wp\/v2\/product_cat?post=196568"},{"taxonomy":"product_tag","embeddable":true,"href":"https:\/\/www.alfauna.ch\/de\/wp-json\/wp\/v2\/product_tag?post=196568"}],"curies":[{"name":"wp","href":"https:\/\/api.w.org\/{rel}","templated":true}]}}