{"id":196469,"date":"2013-12-12T00:00:00","date_gmt":"2013-12-11T23:00:00","guid":{"rendered":"https:\/\/www.alfauna.ch.vasco.sui-inter.net\/shop\/unkategorisiert\/dog-activity-gamble-box-15x15x9cm\/"},"modified":"2026-04-19T05:02:11","modified_gmt":"2026-04-19T03:02:11","slug":"dog-activity-strategie-spiel-gamble-box-15x15cm","status":"publish","type":"product","link":"https:\/\/www.alfauna.ch\/de\/shop\/hunde\/spielzeug-hunde\/strategiespiele\/dog-activity-strategie-spiel-gamble-box-15x15cm\/","title":{"rendered":"Dog Activity Strategie-Spiel Gamble Box"},"content":{"rendered":"<p>durch Anheben des Deckels und \u00d6ffnen der Schubf\u00e4cher gelangt der Hund an seine Belohnung<br \/>\nmit zwei Schubladen und einem Fach oben<br \/>\nrutschfest durch Gummif\u00fc\u00dfe<br \/>\nKunststoff<br \/>\ninkl. Trainingsanleitung<br \/>\ntierschutzkonform nach \u00a7 18 (AT)<\/p>\n","protected":false},"excerpt":{"rendered":"<p>durch Anheben des Deckels und \u00d6ffnen der Schubf\u00e4cher gelangt der Hund an seine Belohnung mit zwei Schubladen und einem Fach oben rutschfest durch Gummif\u00fc\u00dfe Kunststoff inkl. Trainingsanleitung tierschutzkonform nach \u00a7 18 (AT)<\/p>\n","protected":false},"featured_media":585534,"template":"","meta":{"_acf_changed":false},"product_brand":[],"product_cat":[3616,3762,3022],"product_tag":[],"class_list":{"0":"post-196469","1":"product","2":"type-product","3":"status-publish","4":"has-post-thumbnail","6":"product_cat-spielzeug-hunde","7":"product_cat-strategiespiele","8":"product_cat-hunde","10":"first","11":"instock","12":"taxable","13":"shipping-taxable","14":"product-type-simple"},"acf":[],"yoast_head":"<!-- This site is optimized with the Yoast SEO plugin v25.8 - https:\/\/yoast.com\/wordpress\/plugins\/seo\/ -->\n<title>Dog Activity Strategie-Spiel Gamble Box - alfauna AG<\/title>\n<meta name=\"robots\" content=\"index, follow, max-snippet:-1, max-image-preview:large, max-video-preview:-1\" \/>\n<link rel=\"canonical\" href=\"https:\/\/www.alfauna.ch\/de\/shop\/hunde\/spielzeug-hunde\/strategiespiele\/dog-activity-strategie-spiel-gamble-box-15x15cm\/\" \/>\n<meta property=\"og:locale\" content=\"de_DE\" \/>\n<meta property=\"og:type\" content=\"article\" \/>\n<meta property=\"og:title\" content=\"Dog Activity Strategie-Spiel Gamble Box - alfauna AG\" \/>\n<meta property=\"og:description\" content=\"durch Anheben des Deckels und \u00d6ffnen der Schubf\u00e4cher gelangt der Hund an seine Belohnung mit zwei Schubladen und einem Fach oben rutschfest durch Gummif\u00fc\u00dfe Kunststoff inkl. Trainingsanleitung tierschutzkonform nach \u00a7 18 (AT)\" \/>\n<meta property=\"og:url\" content=\"https:\/\/www.alfauna.ch\/de\/shop\/hunde\/spielzeug-hunde\/strategiespiele\/dog-activity-strategie-spiel-gamble-box-15x15cm\/\" \/>\n<meta property=\"og:site_name\" content=\"alfauna AG\" \/>\n<meta property=\"article:modified_time\" content=\"2026-04-19T03:02:11+00:00\" \/>\n<meta property=\"og:image\" content=\"https:\/\/www.alfauna.ch\/wp-content\/uploads\/2026\/02\/T32011_gr.jpg\" \/>\n\t<meta property=\"og:image:width\" content=\"1883\" \/>\n\t<meta property=\"og:image:height\" content=\"1106\" \/>\n\t<meta property=\"og:image:type\" content=\"image\/jpeg\" \/>\n<meta name=\"twitter:card\" content=\"summary_large_image\" \/>\n<script type=\"application\/ld+json\" class=\"yoast-schema-graph\">{\"@context\":\"https:\/\/schema.org\",\"@graph\":[{\"@type\":\"WebPage\",\"@id\":\"https:\/\/www.alfauna.ch\/de\/shop\/hunde\/spielzeug-hunde\/strategiespiele\/dog-activity-strategie-spiel-gamble-box-15x15cm\/\",\"url\":\"https:\/\/www.alfauna.ch\/de\/shop\/hunde\/spielzeug-hunde\/strategiespiele\/dog-activity-strategie-spiel-gamble-box-15x15cm\/\",\"name\":\"Dog Activity Strategie-Spiel Gamble Box - alfauna AG\",\"isPartOf\":{\"@id\":\"https:\/\/www.alfauna.ch\/de\/#website\"},\"primaryImageOfPage\":{\"@id\":\"https:\/\/www.alfauna.ch\/de\/shop\/hunde\/spielzeug-hunde\/strategiespiele\/dog-activity-strategie-spiel-gamble-box-15x15cm\/#primaryimage\"},\"image\":{\"@id\":\"https:\/\/www.alfauna.ch\/de\/shop\/hunde\/spielzeug-hunde\/strategiespiele\/dog-activity-strategie-spiel-gamble-box-15x15cm\/#primaryimage\"},\"thumbnailUrl\":\"https:\/\/www.alfauna.ch\/wp-content\/uploads\/2026\/02\/T32011_gr.jpg\",\"datePublished\":\"2013-12-11T23:00:00+00:00\",\"dateModified\":\"2026-04-19T03:02:11+00:00\",\"breadcrumb\":{\"@id\":\"https:\/\/www.alfauna.ch\/de\/shop\/hunde\/spielzeug-hunde\/strategiespiele\/dog-activity-strategie-spiel-gamble-box-15x15cm\/#breadcrumb\"},\"inLanguage\":\"de\",\"potentialAction\":[{\"@type\":\"ReadAction\",\"target\":[\"https:\/\/www.alfauna.ch\/de\/shop\/hunde\/spielzeug-hunde\/strategiespiele\/dog-activity-strategie-spiel-gamble-box-15x15cm\/\"]}]},{\"@type\":\"ImageObject\",\"inLanguage\":\"de\",\"@id\":\"https:\/\/www.alfauna.ch\/de\/shop\/hunde\/spielzeug-hunde\/strategiespiele\/dog-activity-strategie-spiel-gamble-box-15x15cm\/#primaryimage\",\"url\":\"https:\/\/www.alfauna.ch\/wp-content\/uploads\/2026\/02\/T32011_gr.jpg\",\"contentUrl\":\"https:\/\/www.alfauna.ch\/wp-content\/uploads\/2026\/02\/T32011_gr.jpg\",\"width\":1883,\"height\":1106},{\"@type\":\"BreadcrumbList\",\"@id\":\"https:\/\/www.alfauna.ch\/de\/shop\/hunde\/spielzeug-hunde\/strategiespiele\/dog-activity-strategie-spiel-gamble-box-15x15cm\/#breadcrumb\",\"itemListElement\":[{\"@type\":\"ListItem\",\"position\":1,\"name\":\"Startseite\",\"item\":\"https:\/\/www.alfauna.ch\/de\/\"},{\"@type\":\"ListItem\",\"position\":2,\"name\":\"Shop\",\"item\":\"https:\/\/www.alfauna.ch\/de\/shop\/\"},{\"@type\":\"ListItem\",\"position\":3,\"name\":\"Dog Activity Strategie-Spiel Gamble Box\"}]},{\"@type\":\"WebSite\",\"@id\":\"https:\/\/www.alfauna.ch\/de\/#website\",\"url\":\"https:\/\/www.alfauna.ch\/de\/\",\"name\":\"alfauna AG\",\"description\":\"\",\"publisher\":{\"@id\":\"https:\/\/www.alfauna.ch\/de\/#organization\"},\"potentialAction\":[{\"@type\":\"SearchAction\",\"target\":{\"@type\":\"EntryPoint\",\"urlTemplate\":\"https:\/\/www.alfauna.ch\/de\/?s={search_term_string}\"},\"query-input\":{\"@type\":\"PropertyValueSpecification\",\"valueRequired\":true,\"valueName\":\"search_term_string\"}}],\"inLanguage\":\"de\"},{\"@type\":\"Organization\",\"@id\":\"https:\/\/www.alfauna.ch\/de\/#organization\",\"name\":\"alfauna AG\",\"url\":\"https:\/\/www.alfauna.ch\/de\/\",\"logo\":{\"@type\":\"ImageObject\",\"inLanguage\":\"de\",\"@id\":\"https:\/\/www.alfauna.ch\/de\/#\/schema\/logo\/image\/\",\"url\":\"https:\/\/www.alfauna.ch\/wp-content\/uploads\/logo_alfauna_230px.png\",\"contentUrl\":\"https:\/\/www.alfauna.ch\/wp-content\/uploads\/logo_alfauna_230px.png\",\"width\":230,\"height\":123,\"caption\":\"alfauna AG\"},\"image\":{\"@id\":\"https:\/\/www.alfauna.ch\/de\/#\/schema\/logo\/image\/\"}}]}<\/script>\n<!-- \/ Yoast SEO plugin. -->","yoast_head_json":{"title":"Dog Activity Strategie-Spiel Gamble Box - alfauna AG","robots":{"index":"index","follow":"follow","max-snippet":"max-snippet:-1","max-image-preview":"max-image-preview:large","max-video-preview":"max-video-preview:-1"},"canonical":"https:\/\/www.alfauna.ch\/de\/shop\/hunde\/spielzeug-hunde\/strategiespiele\/dog-activity-strategie-spiel-gamble-box-15x15cm\/","og_locale":"de_DE","og_type":"article","og_title":"Dog Activity Strategie-Spiel Gamble Box - alfauna AG","og_description":"durch Anheben des Deckels und \u00d6ffnen der Schubf\u00e4cher gelangt der Hund an seine Belohnung mit zwei Schubladen und einem Fach oben rutschfest durch Gummif\u00fc\u00dfe Kunststoff inkl. Trainingsanleitung tierschutzkonform nach \u00a7 18 (AT)","og_url":"https:\/\/www.alfauna.ch\/de\/shop\/hunde\/spielzeug-hunde\/strategiespiele\/dog-activity-strategie-spiel-gamble-box-15x15cm\/","og_site_name":"alfauna AG","article_modified_time":"2026-04-19T03:02:11+00:00","og_image":[{"width":1883,"height":1106,"url":"https:\/\/www.alfauna.ch\/wp-content\/uploads\/2026\/02\/T32011_gr.jpg","type":"image\/jpeg"}],"twitter_card":"summary_large_image","schema":{"@context":"https:\/\/schema.org","@graph":[{"@type":"WebPage","@id":"https:\/\/www.alfauna.ch\/de\/shop\/hunde\/spielzeug-hunde\/strategiespiele\/dog-activity-strategie-spiel-gamble-box-15x15cm\/","url":"https:\/\/www.alfauna.ch\/de\/shop\/hunde\/spielzeug-hunde\/strategiespiele\/dog-activity-strategie-spiel-gamble-box-15x15cm\/","name":"Dog Activity Strategie-Spiel Gamble Box - alfauna AG","isPartOf":{"@id":"https:\/\/www.alfauna.ch\/de\/#website"},"primaryImageOfPage":{"@id":"https:\/\/www.alfauna.ch\/de\/shop\/hunde\/spielzeug-hunde\/strategiespiele\/dog-activity-strategie-spiel-gamble-box-15x15cm\/#primaryimage"},"image":{"@id":"https:\/\/www.alfauna.ch\/de\/shop\/hunde\/spielzeug-hunde\/strategiespiele\/dog-activity-strategie-spiel-gamble-box-15x15cm\/#primaryimage"},"thumbnailUrl":"https:\/\/www.alfauna.ch\/wp-content\/uploads\/2026\/02\/T32011_gr.jpg","datePublished":"2013-12-11T23:00:00+00:00","dateModified":"2026-04-19T03:02:11+00:00","breadcrumb":{"@id":"https:\/\/www.alfauna.ch\/de\/shop\/hunde\/spielzeug-hunde\/strategiespiele\/dog-activity-strategie-spiel-gamble-box-15x15cm\/#breadcrumb"},"inLanguage":"de","potentialAction":[{"@type":"ReadAction","target":["https:\/\/www.alfauna.ch\/de\/shop\/hunde\/spielzeug-hunde\/strategiespiele\/dog-activity-strategie-spiel-gamble-box-15x15cm\/"]}]},{"@type":"ImageObject","inLanguage":"de","@id":"https:\/\/www.alfauna.ch\/de\/shop\/hunde\/spielzeug-hunde\/strategiespiele\/dog-activity-strategie-spiel-gamble-box-15x15cm\/#primaryimage","url":"https:\/\/www.alfauna.ch\/wp-content\/uploads\/2026\/02\/T32011_gr.jpg","contentUrl":"https:\/\/www.alfauna.ch\/wp-content\/uploads\/2026\/02\/T32011_gr.jpg","width":1883,"height":1106},{"@type":"BreadcrumbList","@id":"https:\/\/www.alfauna.ch\/de\/shop\/hunde\/spielzeug-hunde\/strategiespiele\/dog-activity-strategie-spiel-gamble-box-15x15cm\/#breadcrumb","itemListElement":[{"@type":"ListItem","position":1,"name":"Startseite","item":"https:\/\/www.alfauna.ch\/de\/"},{"@type":"ListItem","position":2,"name":"Shop","item":"https:\/\/www.alfauna.ch\/de\/shop\/"},{"@type":"ListItem","position":3,"name":"Dog Activity Strategie-Spiel Gamble Box"}]},{"@type":"WebSite","@id":"https:\/\/www.alfauna.ch\/de\/#website","url":"https:\/\/www.alfauna.ch\/de\/","name":"alfauna AG","description":"","publisher":{"@id":"https:\/\/www.alfauna.ch\/de\/#organization"},"potentialAction":[{"@type":"SearchAction","target":{"@type":"EntryPoint","urlTemplate":"https:\/\/www.alfauna.ch\/de\/?s={search_term_string}"},"query-input":{"@type":"PropertyValueSpecification","valueRequired":true,"valueName":"search_term_string"}}],"inLanguage":"de"},{"@type":"Organization","@id":"https:\/\/www.alfauna.ch\/de\/#organization","name":"alfauna AG","url":"https:\/\/www.alfauna.ch\/de\/","logo":{"@type":"ImageObject","inLanguage":"de","@id":"https:\/\/www.alfauna.ch\/de\/#\/schema\/logo\/image\/","url":"https:\/\/www.alfauna.ch\/wp-content\/uploads\/logo_alfauna_230px.png","contentUrl":"https:\/\/www.alfauna.ch\/wp-content\/uploads\/logo_alfauna_230px.png","width":230,"height":123,"caption":"alfauna AG"},"image":{"@id":"https:\/\/www.alfauna.ch\/de\/#\/schema\/logo\/image\/"}}]}},"tiered_pricing_type":"fixed","tiered_pricing_fixed_rules":[],"tiered_pricing_product_settings":{"layout":"default","base_unit_name":{"singular":null,"plural":null},"default_variation":null},"tiered_pricing_minimum_quantity":null,"tiered_pricing_roles_data":[],"tiered_pricing_percentage_rules":[],"_links":{"self":[{"href":"https:\/\/www.alfauna.ch\/de\/wp-json\/wp\/v2\/product\/196469","targetHints":{"allow":["GET"]}}],"collection":[{"href":"https:\/\/www.alfauna.ch\/de\/wp-json\/wp\/v2\/product"}],"about":[{"href":"https:\/\/www.alfauna.ch\/de\/wp-json\/wp\/v2\/types\/product"}],"wp:featuredmedia":[{"embeddable":true,"href":"https:\/\/www.alfauna.ch\/de\/wp-json\/wp\/v2\/media\/585534"}],"wp:attachment":[{"href":"https:\/\/www.alfauna.ch\/de\/wp-json\/wp\/v2\/media?parent=196469"}],"wp:term":[{"taxonomy":"product_brand","embeddable":true,"href":"https:\/\/www.alfauna.ch\/de\/wp-json\/wp\/v2\/product_brand?post=196469"},{"taxonomy":"product_cat","embeddable":true,"href":"https:\/\/www.alfauna.ch\/de\/wp-json\/wp\/v2\/product_cat?post=196469"},{"taxonomy":"product_tag","embeddable":true,"href":"https:\/\/www.alfauna.ch\/de\/wp-json\/wp\/v2\/product_tag?post=196469"}],"curies":[{"name":"wp","href":"https:\/\/api.w.org\/{rel}","templated":true}]}}