{"id":186978,"date":"2013-12-12T00:00:00","date_gmt":"2013-12-11T23:00:00","guid":{"rendered":"https:\/\/www.alfauna.ch.vasco.sui-inter.net\/shop\/unkategorisiert\/animonda-katze-vom-feinsten-kitten-mit-gefluegel\/"},"modified":"2026-04-18T23:41:00","modified_gmt":"2026-04-18T21:41:00","slug":"animonda-katze-vom-feinsten-kitten-mit-gefluegel","status":"publish","type":"product","link":"https:\/\/www.alfauna.ch\/de\/shop\/katzen\/futter-katzen\/nassfutter-futter-katzen-katzen\/animonda-katze-vom-feinsten-kitten-mit-gefluegel\/","title":{"rendered":"Animonda, Katze, Vom Feinsten Kitten, mit Gefl\u00fcgel"},"content":{"rendered":"<p>Vom Feinsten Kitten steht f\u00fcr ausgewogene, leckere gesunde Ern\u00e4hrung auf h\u00f6chstem Niveau f\u00fcr wachsende Katzen im ersten Lebensjahr. Katzenkinder entwickeln sehr fr\u00fch ihre ersten feinschmeckerischen F\u00e4higkeiten und Pr\u00e4ferenzen. Die delikaten Vom Feinsten Kitten Pasteten mit ihrer fein-st\u00fcckigen Konsistenz sind speziell abgestimmt auf die N\u00e4hrstoffanspr\u00fcche wachsender K\u00e4tzchen.<\/p>\n","protected":false},"excerpt":{"rendered":"<p>Vom Feinsten Kitten steht f\u00fcr ausgewogene, leckere gesunde Ern\u00e4hrung auf h\u00f6chstem Niveau f\u00fcr wachsende Katzen im ersten Lebensjahr. Katzenkinder entwickeln sehr fr\u00fch ihre ersten feinschmeckerischen F\u00e4higkeiten und Pr\u00e4ferenzen. Die delikaten Vom Feinsten Kitten Pasteten mit ihrer fein-st\u00fcckigen Konsistenz sind speziell abgestimmt auf die N\u00e4hrstoffanspr\u00fcche wachsender K\u00e4tzchen.<\/p>\n","protected":false},"featured_media":476567,"template":"","meta":{"_acf_changed":false},"product_brand":[],"product_cat":[3622,3777,2637],"product_tag":[],"class_list":{"0":"post-186978","1":"product","2":"type-product","3":"status-publish","4":"has-post-thumbnail","6":"product_cat-futter-katzen","7":"product_cat-nassfutter-futter-katzen-katzen","8":"product_cat-katzen","10":"first","11":"instock","12":"taxable","13":"shipping-taxable","14":"product-type-simple"},"acf":[],"yoast_head":"<!-- This site is optimized with the Yoast SEO plugin v25.8 - https:\/\/yoast.com\/wordpress\/plugins\/seo\/ -->\n<title>Animonda, Katze, Vom Feinsten Kitten, mit Gefl\u00fcgel - alfauna AG<\/title>\n<meta name=\"robots\" content=\"index, follow, max-snippet:-1, max-image-preview:large, max-video-preview:-1\" \/>\n<link rel=\"canonical\" href=\"https:\/\/www.alfauna.ch\/de\/shop\/katzen\/futter-katzen\/nassfutter-futter-katzen-katzen\/animonda-katze-vom-feinsten-kitten-mit-gefluegel\/\" \/>\n<meta property=\"og:locale\" content=\"de_DE\" \/>\n<meta property=\"og:type\" content=\"article\" \/>\n<meta property=\"og:title\" content=\"Animonda, Katze, Vom Feinsten Kitten, mit Gefl\u00fcgel - alfauna AG\" \/>\n<meta property=\"og:description\" content=\"Vom Feinsten Kitten steht f\u00fcr ausgewogene, leckere gesunde Ern\u00e4hrung auf h\u00f6chstem Niveau f\u00fcr wachsende Katzen im ersten Lebensjahr. Katzenkinder entwickeln sehr fr\u00fch ihre ersten feinschmeckerischen F\u00e4higkeiten und Pr\u00e4ferenzen. Die delikaten Vom Feinsten Kitten Pasteten mit ihrer fein-st\u00fcckigen Konsistenz sind speziell abgestimmt auf die N\u00e4hrstoffanspr\u00fcche wachsender K\u00e4tzchen.\" \/>\n<meta property=\"og:url\" content=\"https:\/\/www.alfauna.ch\/de\/shop\/katzen\/futter-katzen\/nassfutter-futter-katzen-katzen\/animonda-katze-vom-feinsten-kitten-mit-gefluegel\/\" \/>\n<meta property=\"og:site_name\" content=\"alfauna AG\" \/>\n<meta property=\"article:modified_time\" content=\"2026-04-18T21:41:00+00:00\" \/>\n<meta property=\"og:image\" content=\"https:\/\/www.alfauna.ch\/wp-content\/uploads\/2023\/12\/83221_gr-800x800.jpg\" \/>\n\t<meta property=\"og:image:width\" content=\"800\" \/>\n\t<meta property=\"og:image:height\" content=\"800\" \/>\n\t<meta property=\"og:image:type\" content=\"image\/jpeg\" \/>\n<meta name=\"twitter:card\" content=\"summary_large_image\" \/>\n<meta name=\"twitter:label1\" content=\"Gesch\u00e4tzte Lesezeit\" \/>\n\t<meta name=\"twitter:data1\" content=\"1\u00a0Minute\" \/>\n<script type=\"application\/ld+json\" class=\"yoast-schema-graph\">{\"@context\":\"https:\/\/schema.org\",\"@graph\":[{\"@type\":\"WebPage\",\"@id\":\"https:\/\/www.alfauna.ch\/de\/shop\/katzen\/futter-katzen\/nassfutter-futter-katzen-katzen\/animonda-katze-vom-feinsten-kitten-mit-gefluegel\/\",\"url\":\"https:\/\/www.alfauna.ch\/de\/shop\/katzen\/futter-katzen\/nassfutter-futter-katzen-katzen\/animonda-katze-vom-feinsten-kitten-mit-gefluegel\/\",\"name\":\"Animonda, Katze, Vom Feinsten Kitten, mit Gefl\u00fcgel - alfauna AG\",\"isPartOf\":{\"@id\":\"https:\/\/www.alfauna.ch\/de\/#website\"},\"primaryImageOfPage\":{\"@id\":\"https:\/\/www.alfauna.ch\/de\/shop\/katzen\/futter-katzen\/nassfutter-futter-katzen-katzen\/animonda-katze-vom-feinsten-kitten-mit-gefluegel\/#primaryimage\"},\"image\":{\"@id\":\"https:\/\/www.alfauna.ch\/de\/shop\/katzen\/futter-katzen\/nassfutter-futter-katzen-katzen\/animonda-katze-vom-feinsten-kitten-mit-gefluegel\/#primaryimage\"},\"thumbnailUrl\":\"https:\/\/www.alfauna.ch\/wp-content\/uploads\/2023\/12\/83221_gr.jpg\",\"datePublished\":\"2013-12-11T23:00:00+00:00\",\"dateModified\":\"2026-04-18T21:41:00+00:00\",\"breadcrumb\":{\"@id\":\"https:\/\/www.alfauna.ch\/de\/shop\/katzen\/futter-katzen\/nassfutter-futter-katzen-katzen\/animonda-katze-vom-feinsten-kitten-mit-gefluegel\/#breadcrumb\"},\"inLanguage\":\"de\",\"potentialAction\":[{\"@type\":\"ReadAction\",\"target\":[\"https:\/\/www.alfauna.ch\/de\/shop\/katzen\/futter-katzen\/nassfutter-futter-katzen-katzen\/animonda-katze-vom-feinsten-kitten-mit-gefluegel\/\"]}]},{\"@type\":\"ImageObject\",\"inLanguage\":\"de\",\"@id\":\"https:\/\/www.alfauna.ch\/de\/shop\/katzen\/futter-katzen\/nassfutter-futter-katzen-katzen\/animonda-katze-vom-feinsten-kitten-mit-gefluegel\/#primaryimage\",\"url\":\"https:\/\/www.alfauna.ch\/wp-content\/uploads\/2023\/12\/83221_gr.jpg\",\"contentUrl\":\"https:\/\/www.alfauna.ch\/wp-content\/uploads\/2023\/12\/83221_gr.jpg\",\"width\":2362,\"height\":2362},{\"@type\":\"BreadcrumbList\",\"@id\":\"https:\/\/www.alfauna.ch\/de\/shop\/katzen\/futter-katzen\/nassfutter-futter-katzen-katzen\/animonda-katze-vom-feinsten-kitten-mit-gefluegel\/#breadcrumb\",\"itemListElement\":[{\"@type\":\"ListItem\",\"position\":1,\"name\":\"Startseite\",\"item\":\"https:\/\/www.alfauna.ch\/de\/\"},{\"@type\":\"ListItem\",\"position\":2,\"name\":\"Shop\",\"item\":\"https:\/\/www.alfauna.ch\/de\/shop\/\"},{\"@type\":\"ListItem\",\"position\":3,\"name\":\"Animonda, Katze, Vom Feinsten Kitten, mit Gefl\u00fcgel\"}]},{\"@type\":\"WebSite\",\"@id\":\"https:\/\/www.alfauna.ch\/de\/#website\",\"url\":\"https:\/\/www.alfauna.ch\/de\/\",\"name\":\"alfauna AG\",\"description\":\"\",\"publisher\":{\"@id\":\"https:\/\/www.alfauna.ch\/de\/#organization\"},\"potentialAction\":[{\"@type\":\"SearchAction\",\"target\":{\"@type\":\"EntryPoint\",\"urlTemplate\":\"https:\/\/www.alfauna.ch\/de\/?s={search_term_string}\"},\"query-input\":{\"@type\":\"PropertyValueSpecification\",\"valueRequired\":true,\"valueName\":\"search_term_string\"}}],\"inLanguage\":\"de\"},{\"@type\":\"Organization\",\"@id\":\"https:\/\/www.alfauna.ch\/de\/#organization\",\"name\":\"alfauna AG\",\"url\":\"https:\/\/www.alfauna.ch\/de\/\",\"logo\":{\"@type\":\"ImageObject\",\"inLanguage\":\"de\",\"@id\":\"https:\/\/www.alfauna.ch\/de\/#\/schema\/logo\/image\/\",\"url\":\"https:\/\/www.alfauna.ch\/wp-content\/uploads\/logo_alfauna_230px.png\",\"contentUrl\":\"https:\/\/www.alfauna.ch\/wp-content\/uploads\/logo_alfauna_230px.png\",\"width\":230,\"height\":123,\"caption\":\"alfauna AG\"},\"image\":{\"@id\":\"https:\/\/www.alfauna.ch\/de\/#\/schema\/logo\/image\/\"}}]}<\/script>\n<!-- \/ Yoast SEO plugin. -->","yoast_head_json":{"title":"Animonda, Katze, Vom Feinsten Kitten, mit Gefl\u00fcgel - alfauna AG","robots":{"index":"index","follow":"follow","max-snippet":"max-snippet:-1","max-image-preview":"max-image-preview:large","max-video-preview":"max-video-preview:-1"},"canonical":"https:\/\/www.alfauna.ch\/de\/shop\/katzen\/futter-katzen\/nassfutter-futter-katzen-katzen\/animonda-katze-vom-feinsten-kitten-mit-gefluegel\/","og_locale":"de_DE","og_type":"article","og_title":"Animonda, Katze, Vom Feinsten Kitten, mit Gefl\u00fcgel - alfauna AG","og_description":"Vom Feinsten Kitten steht f\u00fcr ausgewogene, leckere gesunde Ern\u00e4hrung auf h\u00f6chstem Niveau f\u00fcr wachsende Katzen im ersten Lebensjahr. Katzenkinder entwickeln sehr fr\u00fch ihre ersten feinschmeckerischen F\u00e4higkeiten und Pr\u00e4ferenzen. Die delikaten Vom Feinsten Kitten Pasteten mit ihrer fein-st\u00fcckigen Konsistenz sind speziell abgestimmt auf die N\u00e4hrstoffanspr\u00fcche wachsender K\u00e4tzchen.","og_url":"https:\/\/www.alfauna.ch\/de\/shop\/katzen\/futter-katzen\/nassfutter-futter-katzen-katzen\/animonda-katze-vom-feinsten-kitten-mit-gefluegel\/","og_site_name":"alfauna AG","article_modified_time":"2026-04-18T21:41:00+00:00","og_image":[{"width":800,"height":800,"url":"https:\/\/www.alfauna.ch\/wp-content\/uploads\/2023\/12\/83221_gr-800x800.jpg","type":"image\/jpeg"}],"twitter_card":"summary_large_image","twitter_misc":{"Gesch\u00e4tzte Lesezeit":"1\u00a0Minute"},"schema":{"@context":"https:\/\/schema.org","@graph":[{"@type":"WebPage","@id":"https:\/\/www.alfauna.ch\/de\/shop\/katzen\/futter-katzen\/nassfutter-futter-katzen-katzen\/animonda-katze-vom-feinsten-kitten-mit-gefluegel\/","url":"https:\/\/www.alfauna.ch\/de\/shop\/katzen\/futter-katzen\/nassfutter-futter-katzen-katzen\/animonda-katze-vom-feinsten-kitten-mit-gefluegel\/","name":"Animonda, Katze, Vom Feinsten Kitten, mit Gefl\u00fcgel - alfauna AG","isPartOf":{"@id":"https:\/\/www.alfauna.ch\/de\/#website"},"primaryImageOfPage":{"@id":"https:\/\/www.alfauna.ch\/de\/shop\/katzen\/futter-katzen\/nassfutter-futter-katzen-katzen\/animonda-katze-vom-feinsten-kitten-mit-gefluegel\/#primaryimage"},"image":{"@id":"https:\/\/www.alfauna.ch\/de\/shop\/katzen\/futter-katzen\/nassfutter-futter-katzen-katzen\/animonda-katze-vom-feinsten-kitten-mit-gefluegel\/#primaryimage"},"thumbnailUrl":"https:\/\/www.alfauna.ch\/wp-content\/uploads\/2023\/12\/83221_gr.jpg","datePublished":"2013-12-11T23:00:00+00:00","dateModified":"2026-04-18T21:41:00+00:00","breadcrumb":{"@id":"https:\/\/www.alfauna.ch\/de\/shop\/katzen\/futter-katzen\/nassfutter-futter-katzen-katzen\/animonda-katze-vom-feinsten-kitten-mit-gefluegel\/#breadcrumb"},"inLanguage":"de","potentialAction":[{"@type":"ReadAction","target":["https:\/\/www.alfauna.ch\/de\/shop\/katzen\/futter-katzen\/nassfutter-futter-katzen-katzen\/animonda-katze-vom-feinsten-kitten-mit-gefluegel\/"]}]},{"@type":"ImageObject","inLanguage":"de","@id":"https:\/\/www.alfauna.ch\/de\/shop\/katzen\/futter-katzen\/nassfutter-futter-katzen-katzen\/animonda-katze-vom-feinsten-kitten-mit-gefluegel\/#primaryimage","url":"https:\/\/www.alfauna.ch\/wp-content\/uploads\/2023\/12\/83221_gr.jpg","contentUrl":"https:\/\/www.alfauna.ch\/wp-content\/uploads\/2023\/12\/83221_gr.jpg","width":2362,"height":2362},{"@type":"BreadcrumbList","@id":"https:\/\/www.alfauna.ch\/de\/shop\/katzen\/futter-katzen\/nassfutter-futter-katzen-katzen\/animonda-katze-vom-feinsten-kitten-mit-gefluegel\/#breadcrumb","itemListElement":[{"@type":"ListItem","position":1,"name":"Startseite","item":"https:\/\/www.alfauna.ch\/de\/"},{"@type":"ListItem","position":2,"name":"Shop","item":"https:\/\/www.alfauna.ch\/de\/shop\/"},{"@type":"ListItem","position":3,"name":"Animonda, Katze, Vom Feinsten Kitten, mit Gefl\u00fcgel"}]},{"@type":"WebSite","@id":"https:\/\/www.alfauna.ch\/de\/#website","url":"https:\/\/www.alfauna.ch\/de\/","name":"alfauna AG","description":"","publisher":{"@id":"https:\/\/www.alfauna.ch\/de\/#organization"},"potentialAction":[{"@type":"SearchAction","target":{"@type":"EntryPoint","urlTemplate":"https:\/\/www.alfauna.ch\/de\/?s={search_term_string}"},"query-input":{"@type":"PropertyValueSpecification","valueRequired":true,"valueName":"search_term_string"}}],"inLanguage":"de"},{"@type":"Organization","@id":"https:\/\/www.alfauna.ch\/de\/#organization","name":"alfauna AG","url":"https:\/\/www.alfauna.ch\/de\/","logo":{"@type":"ImageObject","inLanguage":"de","@id":"https:\/\/www.alfauna.ch\/de\/#\/schema\/logo\/image\/","url":"https:\/\/www.alfauna.ch\/wp-content\/uploads\/logo_alfauna_230px.png","contentUrl":"https:\/\/www.alfauna.ch\/wp-content\/uploads\/logo_alfauna_230px.png","width":230,"height":123,"caption":"alfauna AG"},"image":{"@id":"https:\/\/www.alfauna.ch\/de\/#\/schema\/logo\/image\/"}}]}},"tiered_pricing_type":"fixed","tiered_pricing_fixed_rules":[],"tiered_pricing_product_settings":{"layout":"default","base_unit_name":{"singular":null,"plural":null},"default_variation":null},"tiered_pricing_minimum_quantity":null,"tiered_pricing_roles_data":[],"tiered_pricing_percentage_rules":[],"_links":{"self":[{"href":"https:\/\/www.alfauna.ch\/de\/wp-json\/wp\/v2\/product\/186978","targetHints":{"allow":["GET"]}}],"collection":[{"href":"https:\/\/www.alfauna.ch\/de\/wp-json\/wp\/v2\/product"}],"about":[{"href":"https:\/\/www.alfauna.ch\/de\/wp-json\/wp\/v2\/types\/product"}],"wp:featuredmedia":[{"embeddable":true,"href":"https:\/\/www.alfauna.ch\/de\/wp-json\/wp\/v2\/media\/476567"}],"wp:attachment":[{"href":"https:\/\/www.alfauna.ch\/de\/wp-json\/wp\/v2\/media?parent=186978"}],"wp:term":[{"taxonomy":"product_brand","embeddable":true,"href":"https:\/\/www.alfauna.ch\/de\/wp-json\/wp\/v2\/product_brand?post=186978"},{"taxonomy":"product_cat","embeddable":true,"href":"https:\/\/www.alfauna.ch\/de\/wp-json\/wp\/v2\/product_cat?post=186978"},{"taxonomy":"product_tag","embeddable":true,"href":"https:\/\/www.alfauna.ch\/de\/wp-json\/wp\/v2\/product_tag?post=186978"}],"curies":[{"name":"wp","href":"https:\/\/api.w.org\/{rel}","templated":true}]}}