{"id":186374,"date":"2024-05-03T00:00:00","date_gmt":"2024-05-02T22:00:00","guid":{"rendered":"https:\/\/www.alfauna.ch.vasco.sui-inter.net\/shop\/unkategorisiert\/bellfor-anti-grasmilben-spray-f-hunde\/"},"modified":"2026-04-19T04:31:05","modified_gmt":"2026-04-19T02:31:05","slug":"sanal-cat-skincoat-bites-75g","status":"publish","type":"product","link":"https:\/\/www.alfauna.ch\/de\/shop\/katzen\/futter-katzen\/snacks-zusatzfutter\/sanal-cat-skincoat-bites-75g\/","title":{"rendered":"Sanal Cat Skin&#038;coat Bites"},"content":{"rendered":"<p>Bellfor Anti-Grasmilben Spray unterst\u00fctzt die nat\u00fcrliche Abwehr von Grasmilben. Die besondere Zusammensetzung sorgt daf\u00fcr, dass der K\u00f6rpergeruch des Hundes ver\u00e4ndert wird und somit absto\u00dfend auf Grasmilben wirkt.<\/p>\n<p>Auf die richtige Zusammensetzung kommt es an<br \/>\nBellfor Anti-Grasmilben Spray enth\u00e4lt verschiedene, nat\u00fcrliche Rohstoffe, die eine hohe Konzentration an Laurins\u00e4ure beinhalten.<\/p>\n<p>Dies wird durch die Zugabe des Fettes der Larve der schwarzen Soldatenfliege erreicht. Darin sind \u00fcber 60% Laurins\u00e4ure enthalten.<\/p>\n<p>In Verbindung mit Neem\u00f6l und Weihrauch\u00f6l ist Bellfor Anti-Grasmilben Spray somit die ideale, nat\u00fcrliche Alternative zur Parasitenabwehr.<\/p>\n<p>Bellfor Anti-Grasmilben Spray f\u00fcr Hunde &#8211; die ideale Alternative f\u00fcr Hunde<br \/>\nUnser Bellfor Anti-Grasmilben Spray ist ein rein nat\u00fcrliches Produkt ohne chemische Zusatzstoffe.<\/p>\n<p>Es ist gleicherma\u00dfen f\u00fcr das Bespr\u00fchen der unmittelbaren Umgebung des Hundes (z.B. Schlafplatz, Ruheplatz etc.) oder das direkte Bespr\u00fchen des Fells geeignet.<\/p>\n<p>Bellfor Anti-Grasmilben Spray gew\u00e4hrleistet einen effektiven Langzeitschutz (ca. 6 Stunden) gegen Grasmilben.<\/p>\n","protected":false},"excerpt":{"rendered":"<p>Bellfor Anti-Grasmilben Spray unterst\u00fctzt die nat\u00fcrliche Abwehr von Grasmilben. Die besondere Zusammensetzung sorgt daf\u00fcr, dass der K\u00f6rpergeruch des Hundes ver\u00e4ndert wird und somit absto\u00dfend auf Grasmilben wirkt. Auf die richtige Zusammensetzung kommt es an Bellfor Anti-Grasmilben Spray enth\u00e4lt verschiedene, nat\u00fcrliche Rohstoffe, die eine hohe Konzentration an Laurins\u00e4ure beinhalten. Dies wird durch die Zugabe des Fettes<\/p>\n","protected":false},"featured_media":562685,"template":"","meta":{"_acf_changed":false},"product_brand":[],"product_cat":[3622,3779,2637],"product_tag":[],"class_list":{"0":"post-186374","1":"product","2":"type-product","3":"status-publish","4":"has-post-thumbnail","6":"product_cat-futter-katzen","7":"product_cat-snacks-zusatzfutter","8":"product_cat-katzen","10":"first","11":"instock","12":"taxable","13":"shipping-taxable","14":"product-type-simple"},"acf":[],"yoast_head":"<!-- This site is optimized with the Yoast SEO plugin v25.8 - https:\/\/yoast.com\/wordpress\/plugins\/seo\/ -->\n<title>Sanal Cat Skin&amp;coat Bites - alfauna AG<\/title>\n<meta name=\"robots\" content=\"index, follow, max-snippet:-1, max-image-preview:large, max-video-preview:-1\" \/>\n<link rel=\"canonical\" href=\"https:\/\/www.alfauna.ch\/de\/shop\/katzen\/futter-katzen\/snacks-zusatzfutter\/sanal-cat-skincoat-bites-75g\/\" \/>\n<meta property=\"og:locale\" content=\"de_DE\" \/>\n<meta property=\"og:type\" content=\"article\" \/>\n<meta property=\"og:title\" content=\"Sanal Cat Skin&amp;coat Bites - alfauna AG\" \/>\n<meta property=\"og:description\" content=\"Bellfor Anti-Grasmilben Spray unterst\u00fctzt die nat\u00fcrliche Abwehr von Grasmilben. Die besondere Zusammensetzung sorgt daf\u00fcr, dass der K\u00f6rpergeruch des Hundes ver\u00e4ndert wird und somit absto\u00dfend auf Grasmilben wirkt. Auf die richtige Zusammensetzung kommt es an Bellfor Anti-Grasmilben Spray enth\u00e4lt verschiedene, nat\u00fcrliche Rohstoffe, die eine hohe Konzentration an Laurins\u00e4ure beinhalten. Dies wird durch die Zugabe des Fettes\" \/>\n<meta property=\"og:url\" content=\"https:\/\/www.alfauna.ch\/de\/shop\/katzen\/futter-katzen\/snacks-zusatzfutter\/sanal-cat-skincoat-bites-75g\/\" \/>\n<meta property=\"og:site_name\" content=\"alfauna AG\" \/>\n<meta property=\"article:modified_time\" content=\"2026-04-19T02:31:05+00:00\" \/>\n<meta property=\"og:image\" content=\"https:\/\/www.alfauna.ch\/wp-content\/uploads\/2024\/05\/3965_gr.jpg\" \/>\n\t<meta property=\"og:image:width\" content=\"700\" \/>\n\t<meta property=\"og:image:height\" content=\"800\" \/>\n\t<meta property=\"og:image:type\" content=\"image\/jpeg\" \/>\n<meta name=\"twitter:card\" content=\"summary_large_image\" \/>\n<meta name=\"twitter:label1\" content=\"Gesch\u00e4tzte Lesezeit\" \/>\n\t<meta name=\"twitter:data1\" content=\"1\u00a0Minute\" \/>\n<script type=\"application\/ld+json\" class=\"yoast-schema-graph\">{\"@context\":\"https:\/\/schema.org\",\"@graph\":[{\"@type\":\"WebPage\",\"@id\":\"https:\/\/www.alfauna.ch\/de\/shop\/katzen\/futter-katzen\/snacks-zusatzfutter\/sanal-cat-skincoat-bites-75g\/\",\"url\":\"https:\/\/www.alfauna.ch\/de\/shop\/katzen\/futter-katzen\/snacks-zusatzfutter\/sanal-cat-skincoat-bites-75g\/\",\"name\":\"Sanal Cat Skin&coat Bites - alfauna AG\",\"isPartOf\":{\"@id\":\"https:\/\/www.alfauna.ch\/de\/#website\"},\"primaryImageOfPage\":{\"@id\":\"https:\/\/www.alfauna.ch\/de\/shop\/katzen\/futter-katzen\/snacks-zusatzfutter\/sanal-cat-skincoat-bites-75g\/#primaryimage\"},\"image\":{\"@id\":\"https:\/\/www.alfauna.ch\/de\/shop\/katzen\/futter-katzen\/snacks-zusatzfutter\/sanal-cat-skincoat-bites-75g\/#primaryimage\"},\"thumbnailUrl\":\"https:\/\/www.alfauna.ch\/wp-content\/uploads\/2024\/05\/3965_gr.jpg\",\"datePublished\":\"2024-05-02T22:00:00+00:00\",\"dateModified\":\"2026-04-19T02:31:05+00:00\",\"breadcrumb\":{\"@id\":\"https:\/\/www.alfauna.ch\/de\/shop\/katzen\/futter-katzen\/snacks-zusatzfutter\/sanal-cat-skincoat-bites-75g\/#breadcrumb\"},\"inLanguage\":\"de\",\"potentialAction\":[{\"@type\":\"ReadAction\",\"target\":[\"https:\/\/www.alfauna.ch\/de\/shop\/katzen\/futter-katzen\/snacks-zusatzfutter\/sanal-cat-skincoat-bites-75g\/\"]}]},{\"@type\":\"ImageObject\",\"inLanguage\":\"de\",\"@id\":\"https:\/\/www.alfauna.ch\/de\/shop\/katzen\/futter-katzen\/snacks-zusatzfutter\/sanal-cat-skincoat-bites-75g\/#primaryimage\",\"url\":\"https:\/\/www.alfauna.ch\/wp-content\/uploads\/2024\/05\/3965_gr.jpg\",\"contentUrl\":\"https:\/\/www.alfauna.ch\/wp-content\/uploads\/2024\/05\/3965_gr.jpg\",\"width\":700,\"height\":800},{\"@type\":\"BreadcrumbList\",\"@id\":\"https:\/\/www.alfauna.ch\/de\/shop\/katzen\/futter-katzen\/snacks-zusatzfutter\/sanal-cat-skincoat-bites-75g\/#breadcrumb\",\"itemListElement\":[{\"@type\":\"ListItem\",\"position\":1,\"name\":\"Startseite\",\"item\":\"https:\/\/www.alfauna.ch\/de\/\"},{\"@type\":\"ListItem\",\"position\":2,\"name\":\"Shop\",\"item\":\"https:\/\/www.alfauna.ch\/de\/shop\/\"},{\"@type\":\"ListItem\",\"position\":3,\"name\":\"Sanal Cat Skin&#038;coat Bites\"}]},{\"@type\":\"WebSite\",\"@id\":\"https:\/\/www.alfauna.ch\/de\/#website\",\"url\":\"https:\/\/www.alfauna.ch\/de\/\",\"name\":\"alfauna AG\",\"description\":\"\",\"publisher\":{\"@id\":\"https:\/\/www.alfauna.ch\/de\/#organization\"},\"potentialAction\":[{\"@type\":\"SearchAction\",\"target\":{\"@type\":\"EntryPoint\",\"urlTemplate\":\"https:\/\/www.alfauna.ch\/de\/?s={search_term_string}\"},\"query-input\":{\"@type\":\"PropertyValueSpecification\",\"valueRequired\":true,\"valueName\":\"search_term_string\"}}],\"inLanguage\":\"de\"},{\"@type\":\"Organization\",\"@id\":\"https:\/\/www.alfauna.ch\/de\/#organization\",\"name\":\"alfauna AG\",\"url\":\"https:\/\/www.alfauna.ch\/de\/\",\"logo\":{\"@type\":\"ImageObject\",\"inLanguage\":\"de\",\"@id\":\"https:\/\/www.alfauna.ch\/de\/#\/schema\/logo\/image\/\",\"url\":\"https:\/\/www.alfauna.ch\/wp-content\/uploads\/logo_alfauna_230px.png\",\"contentUrl\":\"https:\/\/www.alfauna.ch\/wp-content\/uploads\/logo_alfauna_230px.png\",\"width\":230,\"height\":123,\"caption\":\"alfauna AG\"},\"image\":{\"@id\":\"https:\/\/www.alfauna.ch\/de\/#\/schema\/logo\/image\/\"}}]}<\/script>\n<!-- \/ Yoast SEO plugin. -->","yoast_head_json":{"title":"Sanal Cat Skin&coat Bites - alfauna AG","robots":{"index":"index","follow":"follow","max-snippet":"max-snippet:-1","max-image-preview":"max-image-preview:large","max-video-preview":"max-video-preview:-1"},"canonical":"https:\/\/www.alfauna.ch\/de\/shop\/katzen\/futter-katzen\/snacks-zusatzfutter\/sanal-cat-skincoat-bites-75g\/","og_locale":"de_DE","og_type":"article","og_title":"Sanal Cat Skin&coat Bites - alfauna AG","og_description":"Bellfor Anti-Grasmilben Spray unterst\u00fctzt die nat\u00fcrliche Abwehr von Grasmilben. Die besondere Zusammensetzung sorgt daf\u00fcr, dass der K\u00f6rpergeruch des Hundes ver\u00e4ndert wird und somit absto\u00dfend auf Grasmilben wirkt. Auf die richtige Zusammensetzung kommt es an Bellfor Anti-Grasmilben Spray enth\u00e4lt verschiedene, nat\u00fcrliche Rohstoffe, die eine hohe Konzentration an Laurins\u00e4ure beinhalten. Dies wird durch die Zugabe des Fettes","og_url":"https:\/\/www.alfauna.ch\/de\/shop\/katzen\/futter-katzen\/snacks-zusatzfutter\/sanal-cat-skincoat-bites-75g\/","og_site_name":"alfauna AG","article_modified_time":"2026-04-19T02:31:05+00:00","og_image":[{"width":700,"height":800,"url":"https:\/\/www.alfauna.ch\/wp-content\/uploads\/2024\/05\/3965_gr.jpg","type":"image\/jpeg"}],"twitter_card":"summary_large_image","twitter_misc":{"Gesch\u00e4tzte Lesezeit":"1\u00a0Minute"},"schema":{"@context":"https:\/\/schema.org","@graph":[{"@type":"WebPage","@id":"https:\/\/www.alfauna.ch\/de\/shop\/katzen\/futter-katzen\/snacks-zusatzfutter\/sanal-cat-skincoat-bites-75g\/","url":"https:\/\/www.alfauna.ch\/de\/shop\/katzen\/futter-katzen\/snacks-zusatzfutter\/sanal-cat-skincoat-bites-75g\/","name":"Sanal Cat Skin&coat Bites - alfauna AG","isPartOf":{"@id":"https:\/\/www.alfauna.ch\/de\/#website"},"primaryImageOfPage":{"@id":"https:\/\/www.alfauna.ch\/de\/shop\/katzen\/futter-katzen\/snacks-zusatzfutter\/sanal-cat-skincoat-bites-75g\/#primaryimage"},"image":{"@id":"https:\/\/www.alfauna.ch\/de\/shop\/katzen\/futter-katzen\/snacks-zusatzfutter\/sanal-cat-skincoat-bites-75g\/#primaryimage"},"thumbnailUrl":"https:\/\/www.alfauna.ch\/wp-content\/uploads\/2024\/05\/3965_gr.jpg","datePublished":"2024-05-02T22:00:00+00:00","dateModified":"2026-04-19T02:31:05+00:00","breadcrumb":{"@id":"https:\/\/www.alfauna.ch\/de\/shop\/katzen\/futter-katzen\/snacks-zusatzfutter\/sanal-cat-skincoat-bites-75g\/#breadcrumb"},"inLanguage":"de","potentialAction":[{"@type":"ReadAction","target":["https:\/\/www.alfauna.ch\/de\/shop\/katzen\/futter-katzen\/snacks-zusatzfutter\/sanal-cat-skincoat-bites-75g\/"]}]},{"@type":"ImageObject","inLanguage":"de","@id":"https:\/\/www.alfauna.ch\/de\/shop\/katzen\/futter-katzen\/snacks-zusatzfutter\/sanal-cat-skincoat-bites-75g\/#primaryimage","url":"https:\/\/www.alfauna.ch\/wp-content\/uploads\/2024\/05\/3965_gr.jpg","contentUrl":"https:\/\/www.alfauna.ch\/wp-content\/uploads\/2024\/05\/3965_gr.jpg","width":700,"height":800},{"@type":"BreadcrumbList","@id":"https:\/\/www.alfauna.ch\/de\/shop\/katzen\/futter-katzen\/snacks-zusatzfutter\/sanal-cat-skincoat-bites-75g\/#breadcrumb","itemListElement":[{"@type":"ListItem","position":1,"name":"Startseite","item":"https:\/\/www.alfauna.ch\/de\/"},{"@type":"ListItem","position":2,"name":"Shop","item":"https:\/\/www.alfauna.ch\/de\/shop\/"},{"@type":"ListItem","position":3,"name":"Sanal Cat Skin&#038;coat Bites"}]},{"@type":"WebSite","@id":"https:\/\/www.alfauna.ch\/de\/#website","url":"https:\/\/www.alfauna.ch\/de\/","name":"alfauna AG","description":"","publisher":{"@id":"https:\/\/www.alfauna.ch\/de\/#organization"},"potentialAction":[{"@type":"SearchAction","target":{"@type":"EntryPoint","urlTemplate":"https:\/\/www.alfauna.ch\/de\/?s={search_term_string}"},"query-input":{"@type":"PropertyValueSpecification","valueRequired":true,"valueName":"search_term_string"}}],"inLanguage":"de"},{"@type":"Organization","@id":"https:\/\/www.alfauna.ch\/de\/#organization","name":"alfauna AG","url":"https:\/\/www.alfauna.ch\/de\/","logo":{"@type":"ImageObject","inLanguage":"de","@id":"https:\/\/www.alfauna.ch\/de\/#\/schema\/logo\/image\/","url":"https:\/\/www.alfauna.ch\/wp-content\/uploads\/logo_alfauna_230px.png","contentUrl":"https:\/\/www.alfauna.ch\/wp-content\/uploads\/logo_alfauna_230px.png","width":230,"height":123,"caption":"alfauna AG"},"image":{"@id":"https:\/\/www.alfauna.ch\/de\/#\/schema\/logo\/image\/"}}]}},"tiered_pricing_type":"fixed","tiered_pricing_fixed_rules":[],"tiered_pricing_product_settings":{"layout":"default","base_unit_name":{"singular":null,"plural":null},"default_variation":null},"tiered_pricing_minimum_quantity":null,"tiered_pricing_roles_data":[],"tiered_pricing_percentage_rules":[],"_links":{"self":[{"href":"https:\/\/www.alfauna.ch\/de\/wp-json\/wp\/v2\/product\/186374","targetHints":{"allow":["GET"]}}],"collection":[{"href":"https:\/\/www.alfauna.ch\/de\/wp-json\/wp\/v2\/product"}],"about":[{"href":"https:\/\/www.alfauna.ch\/de\/wp-json\/wp\/v2\/types\/product"}],"wp:featuredmedia":[{"embeddable":true,"href":"https:\/\/www.alfauna.ch\/de\/wp-json\/wp\/v2\/media\/562685"}],"wp:attachment":[{"href":"https:\/\/www.alfauna.ch\/de\/wp-json\/wp\/v2\/media?parent=186374"}],"wp:term":[{"taxonomy":"product_brand","embeddable":true,"href":"https:\/\/www.alfauna.ch\/de\/wp-json\/wp\/v2\/product_brand?post=186374"},{"taxonomy":"product_cat","embeddable":true,"href":"https:\/\/www.alfauna.ch\/de\/wp-json\/wp\/v2\/product_cat?post=186374"},{"taxonomy":"product_tag","embeddable":true,"href":"https:\/\/www.alfauna.ch\/de\/wp-json\/wp\/v2\/product_tag?post=186374"}],"curies":[{"name":"wp","href":"https:\/\/api.w.org\/{rel}","templated":true}]}}